{"id":460,"date":"2025-08-30T12:19:43","date_gmt":"2025-08-30T12:19:43","guid":{"rendered":"https:\/\/cultrujillo.com\/subli\/?page_id=460"},"modified":"2025-08-30T12:24:23","modified_gmt":"2025-08-30T12:24:23","slug":"blog","status":"publish","type":"page","link":"https:\/\/cultrujillo.com\/subli\/blog\/","title":{"rendered":"Blog"},"content":{"rendered":"\t\t<div data-elementor-type=\"wp-page\" data-elementor-id=\"460\" class=\"elementor elementor-460\" data-elementor-post-type=\"page\">\n\t\t\t\t\t\t<section class=\"elementor-section elementor-top-section elementor-element elementor-element-134b0405 elementor-section-boxed elementor-section-height-default elementor-section-height-default elementor-invisible\" data-id=\"134b0405\" data-element_type=\"section\" data-settings=\"{&quot;background_background&quot;:&quot;gradient&quot;,&quot;animation&quot;:&quot;fadeIn&quot;}\">\n\t\t\t\t\t\t<div class=\"elementor-container elementor-column-gap-default\">\n\t\t\t\t\t<div class=\"elementor-column elementor-col-100 elementor-top-column elementor-element elementor-element-2e42b67e\" data-id=\"2e42b67e\" data-element_type=\"column\">\n\t\t\t<div class=\"elementor-widget-wrap elementor-element-populated\">\n\t\t\t\t\t\t<div class=\"elementor-element elementor-element-28d8d817 elementor-invisible elementor-widget elementor-widget-heading\" data-id=\"28d8d817\" data-element_type=\"widget\" data-settings=\"{&quot;_animation&quot;:&quot;fadeIn&quot;,&quot;_animation_tablet&quot;:&quot;fadeIn&quot;}\" data-widget_type=\"heading.default\">\n\t\t\t\t\t<h1 class=\"elementor-heading-title elementor-size-default\">Blog<\/h1>\t\t\t\t<\/div>\n\t\t\t\t\t<\/div>\n\t\t<\/div>\n\t\t\t\t\t<\/div>\n\t\t<\/section>\n\t\t\t\t<section class=\"elementor-section elementor-top-section elementor-element elementor-element-17129bf7 elementor-section-boxed elementor-section-height-default elementor-section-height-default\" data-id=\"17129bf7\" data-element_type=\"section\" data-settings=\"{&quot;background_background&quot;:&quot;classic&quot;}\">\n\t\t\t\t\t\t<div class=\"elementor-container elementor-column-gap-default\">\n\t\t\t\t\t<div class=\"elementor-column elementor-col-100 elementor-top-column elementor-element elementor-element-7257c71c\" data-id=\"7257c71c\" data-element_type=\"column\">\n\t\t\t<div class=\"elementor-widget-wrap elementor-element-populated\">\n\t\t\t\t\t\t<section class=\"elementor-section elementor-inner-section elementor-element elementor-element-4b6ebb57 elementor-section-boxed elementor-section-height-default elementor-section-height-default\" data-id=\"4b6ebb57\" data-element_type=\"section\">\n\t\t\t\t\t\t<div class=\"elementor-container elementor-column-gap-default\">\n\t\t\t\t\t<div class=\"elementor-column elementor-col-100 elementor-inner-column elementor-element elementor-element-133a6dc\" data-id=\"133a6dc\" data-element_type=\"column\">\n\t\t\t<div class=\"elementor-widget-wrap elementor-element-populated\">\n\t\t\t\t\t\t<div class=\"elementor-element elementor-element-5dade644 elementor-posts--align-left elementor-grid-2 elementor-grid-tablet-2 elementor-grid-mobile-1 elementor-posts--thumbnail-top elementor-widget elementor-widget-posts\" data-id=\"5dade644\" data-element_type=\"widget\" data-settings=\"{&quot;classic_row_gap&quot;:{&quot;unit&quot;:&quot;px&quot;,&quot;size&quot;:30,&quot;sizes&quot;:[]},&quot;classic_columns&quot;:&quot;2&quot;,&quot;classic_columns_tablet&quot;:&quot;2&quot;,&quot;classic_columns_mobile&quot;:&quot;1&quot;,&quot;classic_row_gap_tablet&quot;:{&quot;unit&quot;:&quot;px&quot;,&quot;size&quot;:&quot;&quot;,&quot;sizes&quot;:[]},&quot;classic_row_gap_mobile&quot;:{&quot;unit&quot;:&quot;px&quot;,&quot;size&quot;:&quot;&quot;,&quot;sizes&quot;:[]}}\" data-widget_type=\"posts.classic\">\n\t\t\t\t<div class=\"elementor-widget-container\">\n\t\t\t\t\t\t\t<div class=\"elementor-posts-container elementor-posts elementor-posts--skin-classic elementor-grid\">\n\t\t\t\t<article class=\"elementor-post elementor-grid-item post-462 post type-post status-publish format-standard has-post-thumbnail hentry category-uncategorized\">\n\t\t\t\t<a class=\"elementor-post__thumbnail__link\" href=\"https:\/\/cultrujillo.com\/subli\/2025\/08\/30\/conoce-las-ventajas-de-personalizar-playeras-gorras-y-sudaderas-para-tu-empresa\/\" tabindex=\"-1\" >\n\t\t\t<div class=\"elementor-post__thumbnail\"><img fetchpriority=\"high\" decoding=\"async\" width=\"1024\" height=\"519\" src=\"https:\/\/cultrujillo.com\/subli\/wp-content\/uploads\/2025\/08\/personalizar-playeras.png\" class=\"attachment-full size-full wp-image-469\" alt=\"\" srcset=\"https:\/\/cultrujillo.com\/subli\/wp-content\/uploads\/2025\/08\/personalizar-playeras.png 1024w, https:\/\/cultrujillo.com\/subli\/wp-content\/uploads\/2025\/08\/personalizar-playeras-300x152.png 300w, https:\/\/cultrujillo.com\/subli\/wp-content\/uploads\/2025\/08\/personalizar-playeras-768x389.png 768w, https:\/\/cultrujillo.com\/subli\/wp-content\/uploads\/2025\/08\/personalizar-playeras-600x304.png 600w\" sizes=\"(max-width: 1024px) 100vw, 1024px\" \/><\/div>\n\t\t<\/a>\n\t\t\t\t<div class=\"elementor-post__text\">\n\t\t\t\t<h3 class=\"elementor-post__title\">\n\t\t\t<a href=\"https:\/\/cultrujillo.com\/subli\/2025\/08\/30\/conoce-las-ventajas-de-personalizar-playeras-gorras-y-sudaderas-para-tu-empresa\/\" >\n\t\t\t\tConoce las ventajas de personalizar playeras, gorras y sudaderas para tu empresa\t\t\t<\/a>\n\t\t<\/h3>\n\t\t\t\t<div class=\"elementor-post__meta-data\">\n\t\t\t\t\t<span class=\"elementor-post-date\">\n\t\t\tagosto 30, 2025\t\t<\/span>\n\t\t\t\t<span class=\"elementor-post-avatar\">\n\t\t\tNo hay comentarios\t\t<\/span>\n\t\t\t\t<\/div>\n\t\t\t\t<div class=\"elementor-post__excerpt\">\n\t\t\t<p>La elaboraci\u00f3n de prendas de vestir con dise\u00f1o personalizado para el staff de tu empresa potenciar\u00e1 su posicionamiento. Adem\u00e1s, aumenta<\/p>\n\t\t<\/div>\n\t\t\n\t\t<a class=\"elementor-post__read-more\" href=\"https:\/\/cultrujillo.com\/subli\/2025\/08\/30\/conoce-las-ventajas-de-personalizar-playeras-gorras-y-sudaderas-para-tu-empresa\/\" aria-label=\"Read more about Conoce las ventajas de personalizar playeras, gorras y sudaderas para tu empresa\" tabindex=\"-1\" >\n\t\t\tSaber m\u00e1s &gt;\t\t<\/a>\n\n\t\t\t\t<\/div>\n\t\t\t\t<\/article>\n\t\t\t\t<article class=\"elementor-post elementor-grid-item post-452 post type-post status-publish format-standard has-post-thumbnail hentry category-uncategorized\">\n\t\t\t\t<a class=\"elementor-post__thumbnail__link\" href=\"https:\/\/cultrujillo.com\/subli\/2025\/08\/30\/conoce-como-encontrar-las-frases-vendedoras-efectivas-para-tu-empresa\/\" tabindex=\"-1\" >\n\t\t\t<div class=\"elementor-post__thumbnail\"><img decoding=\"async\" width=\"900\" height=\"600\" src=\"https:\/\/cultrujillo.com\/subli\/wp-content\/uploads\/2025\/08\/Como-encontrar-las-frases-vendedoras-efectivas-para-tu-empresa.jpg\" class=\"attachment-full size-full wp-image-453\" alt=\"\" srcset=\"https:\/\/cultrujillo.com\/subli\/wp-content\/uploads\/2025\/08\/Como-encontrar-las-frases-vendedoras-efectivas-para-tu-empresa.jpg 900w, https:\/\/cultrujillo.com\/subli\/wp-content\/uploads\/2025\/08\/Como-encontrar-las-frases-vendedoras-efectivas-para-tu-empresa-300x200.jpg 300w, https:\/\/cultrujillo.com\/subli\/wp-content\/uploads\/2025\/08\/Como-encontrar-las-frases-vendedoras-efectivas-para-tu-empresa-768x512.jpg 768w, https:\/\/cultrujillo.com\/subli\/wp-content\/uploads\/2025\/08\/Como-encontrar-las-frases-vendedoras-efectivas-para-tu-empresa-600x400.jpg 600w\" sizes=\"(max-width: 900px) 100vw, 900px\" \/><\/div>\n\t\t<\/a>\n\t\t\t\t<div class=\"elementor-post__text\">\n\t\t\t\t<h3 class=\"elementor-post__title\">\n\t\t\t<a href=\"https:\/\/cultrujillo.com\/subli\/2025\/08\/30\/conoce-como-encontrar-las-frases-vendedoras-efectivas-para-tu-empresa\/\" >\n\t\t\t\tConoce c\u00f3mo encontrar las frases vendedoras efectivas para tu empresa\t\t\t<\/a>\n\t\t<\/h3>\n\t\t\t\t<div class=\"elementor-post__meta-data\">\n\t\t\t\t\t<span class=\"elementor-post-date\">\n\t\t\tagosto 30, 2025\t\t<\/span>\n\t\t\t\t<span class=\"elementor-post-avatar\">\n\t\t\tNo hay comentarios\t\t<\/span>\n\t\t\t\t<\/div>\n\t\t\t\t<div class=\"elementor-post__excerpt\">\n\t\t\t<p>Las frases vendedoras ayudan a conectar con tu cliente. Dan informaci\u00f3n sobre el valor de tu marca y sobre qu\u00e9<\/p>\n\t\t<\/div>\n\t\t\n\t\t<a class=\"elementor-post__read-more\" href=\"https:\/\/cultrujillo.com\/subli\/2025\/08\/30\/conoce-como-encontrar-las-frases-vendedoras-efectivas-para-tu-empresa\/\" aria-label=\"Read more about Conoce c\u00f3mo encontrar las frases vendedoras efectivas para tu empresa\" tabindex=\"-1\" >\n\t\t\tSaber m\u00e1s &gt;\t\t<\/a>\n\n\t\t\t\t<\/div>\n\t\t\t\t<\/article>\n\t\t\t\t<\/div>\n\t\t\n\t\t\t\t\t\t<\/div>\n\t\t\t\t<\/div>\n\t\t\t\t\t<\/div>\n\t\t<\/div>\n\t\t\t\t\t<\/div>\n\t\t<\/section>\n\t\t\t\t\t<\/div>\n\t\t<\/div>\n\t\t\t\t\t<\/div>\n\t\t<\/section>\n\t\t\t\t<\/div>\n\t\t","protected":false},"excerpt":{"rendered":"<p>Blog<\/p>\n","protected":false},"author":1,"featured_media":0,"parent":0,"menu_order":0,"comment_status":"closed","ping_status":"closed","template":"elementor_header_footer","meta":{"footnotes":""},"class_list":["post-460","page","type-page","status-publish","hentry"],"_links":{"self":[{"href":"https:\/\/cultrujillo.com\/subli\/wp-json\/wp\/v2\/pages\/460","targetHints":{"allow":["GET"]}}],"collection":[{"href":"https:\/\/cultrujillo.com\/subli\/wp-json\/wp\/v2\/pages"}],"about":[{"href":"https:\/\/cultrujillo.com\/subli\/wp-json\/wp\/v2\/types\/page"}],"author":[{"embeddable":true,"href":"https:\/\/cultrujillo.com\/subli\/wp-json\/wp\/v2\/users\/1"}],"replies":[{"embeddable":true,"href":"https:\/\/cultrujillo.com\/subli\/wp-json\/wp\/v2\/comments?post=460"}],"version-history":[{"count":10,"href":"https:\/\/cultrujillo.com\/subli\/wp-json\/wp\/v2\/pages\/460\/revisions"}],"predecessor-version":[{"id":474,"href":"https:\/\/cultrujillo.com\/subli\/wp-json\/wp\/v2\/pages\/460\/revisions\/474"}],"wp:attachment":[{"href":"https:\/\/cultrujillo.com\/subli\/wp-json\/wp\/v2\/media?parent=460"}],"curies":[{"name":"wp","href":"https:\/\/api.w.org\/{rel}","templated":true}]}}