{"id":547,"date":"2025-10-30T15:23:05","date_gmt":"2025-10-30T15:23:05","guid":{"rendered":"https:\/\/cultrujillo.com\/itepilo\/?page_id=547"},"modified":"2025-10-30T16:20:22","modified_gmt":"2025-10-30T16:20:22","slug":"conduccion-de-camioneta-4x4-y-manejo-defensivo","status":"publish","type":"page","link":"https:\/\/cultrujillo.com\/itepilo\/conduccion-de-camioneta-4x4-y-manejo-defensivo\/","title":{"rendered":"conduccion de camioneta 4&#215;4 y manejo defensivo"},"content":{"rendered":"\t\t<div data-elementor-type=\"wp-page\" data-elementor-id=\"547\" class=\"elementor elementor-547\" data-elementor-post-type=\"page\">\n\t\t\t\t\t\t<section class=\"elementor-section elementor-top-section elementor-element elementor-element-2faf495d elementor-section-content-middle elementor-section-boxed elementor-section-height-default elementor-section-height-default\" data-id=\"2faf495d\" data-element_type=\"section\" data-settings=\"{&quot;background_background&quot;:&quot;gradient&quot;}\">\n\t\t\t\t\t\t\t<div class=\"elementor-background-overlay\"><\/div>\n\t\t\t\t\t\t\t<div class=\"elementor-container elementor-column-gap-default\">\n\t\t\t\t\t<div class=\"elementor-column elementor-col-50 elementor-top-column elementor-element elementor-element-55ef0de0\" data-id=\"55ef0de0\" data-element_type=\"column\" data-settings=\"{&quot;background_background&quot;:&quot;classic&quot;}\">\n\t\t\t<div class=\"elementor-widget-wrap elementor-element-populated\">\n\t\t\t\t\t<div class=\"elementor-background-overlay\"><\/div>\n\t\t\t\t\t\t<div class=\"elementor-element elementor-element-306ed9b elementor-widget elementor-widget-text-editor\" data-id=\"306ed9b\" data-element_type=\"widget\" data-widget_type=\"text-editor.default\">\n\t\t\t\t\t\t\t\t\t<p>\u00a0ITEP \u2013 Centro de Entrenamiento autorizado por la National Safety Council (C\u00f3digo de Autorizaci\u00f3n ID 2284018)<\/p>\t\t\t\t\t\t\t\t<\/div>\n\t\t\t\t\t<\/div>\n\t\t<\/div>\n\t\t\t\t<div class=\"elementor-column elementor-col-50 elementor-top-column elementor-element elementor-element-587e8910\" data-id=\"587e8910\" data-element_type=\"column\" data-settings=\"{&quot;background_background&quot;:&quot;classic&quot;}\">\n\t\t\t<div class=\"elementor-widget-wrap\">\n\t\t\t\t\t<div class=\"elementor-background-overlay\"><\/div>\n\t\t\t\t\t\t\t<\/div>\n\t\t<\/div>\n\t\t\t\t\t<\/div>\n\t\t<\/section>\n\t\t\t\t<section class=\"elementor-section elementor-top-section elementor-element elementor-element-7a03a4a8 elementor-section-boxed elementor-section-height-default elementor-section-height-default\" data-id=\"7a03a4a8\" data-element_type=\"section\">\n\t\t\t\t\t\t<div class=\"elementor-container elementor-column-gap-default\">\n\t\t\t\t\t<div class=\"elementor-column elementor-col-100 elementor-top-column elementor-element elementor-element-2bf28a74\" data-id=\"2bf28a74\" data-element_type=\"column\">\n\t\t\t<div class=\"elementor-widget-wrap elementor-element-populated\">\n\t\t\t\t\t\t<div class=\"elementor-element elementor-element-7e39f63a elementor-widget elementor-widget-heading\" data-id=\"7e39f63a\" data-element_type=\"widget\" data-widget_type=\"heading.default\">\n\t\t\t\t\t<h4 class=\"elementor-heading-title elementor-size-default\">Conducci\u00f3n de camioneta 4x4 y manejo defensivo<\/h4>\t\t\t\t<\/div>\n\t\t\t\t<div class=\"elementor-element elementor-element-a663d21 elementor-widget elementor-widget-text-editor\" data-id=\"a663d21\" data-element_type=\"widget\" data-widget_type=\"text-editor.default\">\n\t\t\t\t\t\t\t\t\t<p>\u00a0ITEP \u2013 Centro de Entrenamiento autorizado por la National Safety Council (C\u00f3digo de Autorizaci\u00f3n ID 2284018)<\/p>\t\t\t\t\t\t\t\t<\/div>\n\t\t\t\t<div class=\"elementor-element elementor-element-4e645a79 elementor-widget-divider--view-line elementor-widget elementor-widget-divider\" data-id=\"4e645a79\" data-element_type=\"widget\" data-widget_type=\"divider.default\">\n\t\t\t\t\t\t\t<div class=\"elementor-divider\">\n\t\t\t<span class=\"elementor-divider-separator\">\n\t\t\t\t\t\t<\/span>\n\t\t<\/div>\n\t\t\t\t\t\t<\/div>\n\t\t\t\t<section class=\"elementor-section elementor-inner-section elementor-element elementor-element-20f9fa03 elementor-section-content-middle elementor-section-boxed elementor-section-height-default elementor-section-height-default\" data-id=\"20f9fa03\" data-element_type=\"section\">\n\t\t\t\t\t\t<div class=\"elementor-container elementor-column-gap-no\">\n\t\t\t\t\t<div class=\"elementor-column elementor-col-50 elementor-inner-column elementor-element elementor-element-6004b6f2\" data-id=\"6004b6f2\" data-element_type=\"column\">\n\t\t\t<div class=\"elementor-widget-wrap elementor-element-populated\">\n\t\t\t\t\t\t<div class=\"elementor-element elementor-element-f07efac elementor-widget elementor-widget-image\" data-id=\"f07efac\" data-element_type=\"widget\" data-widget_type=\"image.default\">\n\t\t\t\t\t\t\t\t\t\t\t\t\t\t\t<img fetchpriority=\"high\" decoding=\"async\" width=\"928\" height=\"579\" src=\"https:\/\/cultrujillo.com\/itepilo\/wp-content\/uploads\/2025\/10\/CONDUCCION-DE-CAMIONETA-4X4-Y-MANEJO-DEFENSIVO-2.jpg\" class=\"attachment-full size-full wp-image-561\" alt=\"CONDUCCION DE CAMIONETA 4X4 Y MANEJO DEFENSIVO (1)\" srcset=\"https:\/\/cultrujillo.com\/itepilo\/wp-content\/uploads\/2025\/10\/CONDUCCION-DE-CAMIONETA-4X4-Y-MANEJO-DEFENSIVO-2.jpg 928w, https:\/\/cultrujillo.com\/itepilo\/wp-content\/uploads\/2025\/10\/CONDUCCION-DE-CAMIONETA-4X4-Y-MANEJO-DEFENSIVO-2-300x187.jpg 300w, https:\/\/cultrujillo.com\/itepilo\/wp-content\/uploads\/2025\/10\/CONDUCCION-DE-CAMIONETA-4X4-Y-MANEJO-DEFENSIVO-2-768x479.jpg 768w, https:\/\/cultrujillo.com\/itepilo\/wp-content\/uploads\/2025\/10\/CONDUCCION-DE-CAMIONETA-4X4-Y-MANEJO-DEFENSIVO-2-600x374.jpg 600w\" sizes=\"(max-width: 928px) 100vw, 928px\" \/>\t\t\t\t\t\t\t\t\t\t\t\t\t\t\t<\/div>\n\t\t\t\t\t<\/div>\n\t\t<\/div>\n\t\t\t\t<div class=\"elementor-column elementor-col-50 elementor-inner-column elementor-element elementor-element-befc6ac\" data-id=\"befc6ac\" data-element_type=\"column\">\n\t\t\t<div class=\"elementor-widget-wrap elementor-element-populated\">\n\t\t\t\t\t\t<div class=\"elementor-element elementor-element-7099047e elementor-widget elementor-widget-image\" data-id=\"7099047e\" data-element_type=\"widget\" data-widget_type=\"image.default\">\n\t\t\t\t\t\t\t\t\t\t\t\t\t\t\t<img decoding=\"async\" width=\"928\" height=\"579\" src=\"https:\/\/cultrujillo.com\/itepilo\/wp-content\/uploads\/2025\/10\/CONDUCCION-DE-CAMIONETA-4X4-Y-MANEJO-DEFENSIVO-1.jpg\" class=\"attachment-full size-full wp-image-562\" alt=\"CONDUCCION DE CAMIONETA 4X4 Y MANEJO DEFENSIVO (1)\" srcset=\"https:\/\/cultrujillo.com\/itepilo\/wp-content\/uploads\/2025\/10\/CONDUCCION-DE-CAMIONETA-4X4-Y-MANEJO-DEFENSIVO-1.jpg 928w, https:\/\/cultrujillo.com\/itepilo\/wp-content\/uploads\/2025\/10\/CONDUCCION-DE-CAMIONETA-4X4-Y-MANEJO-DEFENSIVO-1-300x187.jpg 300w, https:\/\/cultrujillo.com\/itepilo\/wp-content\/uploads\/2025\/10\/CONDUCCION-DE-CAMIONETA-4X4-Y-MANEJO-DEFENSIVO-1-768x479.jpg 768w, https:\/\/cultrujillo.com\/itepilo\/wp-content\/uploads\/2025\/10\/CONDUCCION-DE-CAMIONETA-4X4-Y-MANEJO-DEFENSIVO-1-600x374.jpg 600w\" sizes=\"(max-width: 928px) 100vw, 928px\" \/>\t\t\t\t\t\t\t\t\t\t\t\t\t\t\t<\/div>\n\t\t\t\t\t<\/div>\n\t\t<\/div>\n\t\t\t\t\t<\/div>\n\t\t<\/section>\n\t\t\t\t<div class=\"elementor-element elementor-element-83148be elementor-widget-divider--view-line elementor-widget elementor-widget-divider\" data-id=\"83148be\" data-element_type=\"widget\" data-widget_type=\"divider.default\">\n\t\t\t\t\t\t\t<div class=\"elementor-divider\">\n\t\t\t<span class=\"elementor-divider-separator\">\n\t\t\t\t\t\t<\/span>\n\t\t<\/div>\n\t\t\t\t\t\t<\/div>\n\t\t\t\t\t<\/div>\n\t\t<\/div>\n\t\t\t\t\t<\/div>\n\t\t<\/section>\n\t\t\t\t<section class=\"elementor-section elementor-top-section elementor-element elementor-element-2e2022a9 elementor-section-boxed elementor-section-height-default elementor-section-height-default\" data-id=\"2e2022a9\" data-element_type=\"section\">\n\t\t\t\t\t\t<div class=\"elementor-container elementor-column-gap-default\">\n\t\t\t\t\t<div class=\"elementor-column elementor-col-50 elementor-top-column elementor-element elementor-element-464537a\" data-id=\"464537a\" data-element_type=\"column\">\n\t\t\t<div class=\"elementor-widget-wrap elementor-element-populated\">\n\t\t\t\t\t\t<div class=\"elementor-element elementor-element-8008df7 elementor-widget elementor-widget-text-editor\" data-id=\"8008df7\" data-element_type=\"widget\" data-widget_type=\"text-editor.default\">\n\t\t\t\t\t\t\t\t\t<p>Somos un Instituto Superior reconocido por el Ministerio de Educaci\u00f3n y el Centro de Entrenamiento autorizado por la National Safety Council para brindar diversos cursos de especializaci\u00f3n como:<\/p>\t\t\t\t\t\t\t\t<\/div>\n\t\t\t\t<div class=\"elementor-element elementor-element-37a46a2 elementor-icon-list--layout-traditional elementor-list-item-link-full_width elementor-widget elementor-widget-icon-list\" data-id=\"37a46a2\" data-element_type=\"widget\" data-widget_type=\"icon-list.default\">\n\t\t\t\t\t\t\t<ul class=\"elementor-icon-list-items\">\n\t\t\t\t\t\t\t<li class=\"elementor-icon-list-item\">\n\t\t\t\t\t\t\t\t\t\t\t<span class=\"elementor-icon-list-icon\">\n\t\t\t\t\t\t\t<svg aria-hidden=\"true\" class=\"e-font-icon-svg e-fas-dot-circle\" viewBox=\"0 0 512 512\" xmlns=\"http:\/\/www.w3.org\/2000\/svg\"><path d=\"M256 8C119.033 8 8 119.033 8 256s111.033 248 248 248 248-111.033 248-248S392.967 8 256 8zm80 248c0 44.112-35.888 80-80 80s-80-35.888-80-80 35.888-80 80-80 80 35.888 80 80z\"><\/path><\/svg>\t\t\t\t\t\t<\/span>\n\t\t\t\t\t\t\t\t\t\t<span class=\"elementor-icon-list-text\">Manejo Defensivo.<\/span>\n\t\t\t\t\t\t\t\t\t<\/li>\n\t\t\t\t\t\t\t\t<li class=\"elementor-icon-list-item\">\n\t\t\t\t\t\t\t\t\t\t\t<span class=\"elementor-icon-list-icon\">\n\t\t\t\t\t\t\t<svg aria-hidden=\"true\" class=\"e-font-icon-svg e-fas-dot-circle\" viewBox=\"0 0 512 512\" xmlns=\"http:\/\/www.w3.org\/2000\/svg\"><path d=\"M256 8C119.033 8 8 119.033 8 256s111.033 248 248 248 248-111.033 248-248S392.967 8 256 8zm80 248c0 44.112-35.888 80-80 80s-80-35.888-80-80 35.888-80 80-80 80 35.888 80 80z\"><\/path><\/svg>\t\t\t\t\t\t<\/span>\n\t\t\t\t\t\t\t\t\t\t<span class=\"elementor-icon-list-text\">Operaci\u00f3n de Veh\u00edculos 4\u00d74.<\/span>\n\t\t\t\t\t\t\t\t\t<\/li>\n\t\t\t\t\t\t\t\t<li class=\"elementor-icon-list-item\">\n\t\t\t\t\t\t\t\t\t\t\t<span class=\"elementor-icon-list-icon\">\n\t\t\t\t\t\t\t<svg aria-hidden=\"true\" class=\"e-font-icon-svg e-fas-dot-circle\" viewBox=\"0 0 512 512\" xmlns=\"http:\/\/www.w3.org\/2000\/svg\"><path d=\"M256 8C119.033 8 8 119.033 8 256s111.033 248 248 248 248-111.033 248-248S392.967 8 256 8zm80 248c0 44.112-35.888 80-80 80s-80-35.888-80-80 35.888-80 80-80 80 35.888 80 80z\"><\/path><\/svg>\t\t\t\t\t\t<\/span>\n\t\t\t\t\t\t\t\t\t\t<span class=\"elementor-icon-list-text\">Operaci\u00f3n B\u00e1sica de Manejo 4\u00d74<\/span>\n\t\t\t\t\t\t\t\t\t<\/li>\n\t\t\t\t\t\t<\/ul>\n\t\t\t\t\t\t<\/div>\n\t\t\t\t<div class=\"elementor-element elementor-element-5e654d0e elementor-widget elementor-widget-heading\" data-id=\"5e654d0e\" data-element_type=\"widget\" data-widget_type=\"heading.default\">\n\t\t\t\t\t<h5 class=\"elementor-heading-title elementor-size-default\">Objetivos del Curso: \n<\/h5>\t\t\t\t<\/div>\n\t\t\t\t<div class=\"elementor-element elementor-element-f22ddb0 elementor-widget-divider--view-line elementor-widget elementor-widget-divider\" data-id=\"f22ddb0\" data-element_type=\"widget\" data-widget_type=\"divider.default\">\n\t\t\t\t\t\t\t<div class=\"elementor-divider\">\n\t\t\t<span class=\"elementor-divider-separator\">\n\t\t\t\t\t\t<\/span>\n\t\t<\/div>\n\t\t\t\t\t\t<\/div>\n\t\t\t\t<div class=\"elementor-element elementor-element-b454223 elementor-widget elementor-widget-text-editor\" data-id=\"b454223\" data-element_type=\"widget\" data-widget_type=\"text-editor.default\">\n\t\t\t\t\t\t\t\t\t<p>Proporcionar conocimiento y t\u00e9cnicas de manejo seguro para evitar incidentes y salvar vidas, reducir da\u00f1os y p\u00e9rdidas que un eventual accidente puede ocasionar mediante una metodolog\u00eda que garantiza una transferencia efectiva del conocimiento.<\/p><p>Fomentar en los participantes una cultura de manejo seguro, responsable y en cumplimiento de la ley que lo lleve a su destino sin multas ni choques y sin afectar la seguridad de otros conductores.<\/p><p>Introducir conocimientos sobre las t\u00e9cnicas y maniobras en la operaci\u00f3n de un veh\u00edculo 4 x 4 en proyectos mineros, petroleros e industriales.<\/p>\t\t\t\t\t\t\t\t<\/div>\n\t\t\t\t<div class=\"elementor-element elementor-element-7296d4b elementor-widget elementor-widget-heading\" data-id=\"7296d4b\" data-element_type=\"widget\" data-widget_type=\"heading.default\">\n\t\t\t\t\t<h5 class=\"elementor-heading-title elementor-size-default\">Descripci\u00f3n del Curso:  <\/h5>\t\t\t\t<\/div>\n\t\t\t\t<div class=\"elementor-element elementor-element-d81feaf elementor-widget-divider--view-line elementor-widget elementor-widget-divider\" data-id=\"d81feaf\" data-element_type=\"widget\" data-widget_type=\"divider.default\">\n\t\t\t\t\t\t\t<div class=\"elementor-divider\">\n\t\t\t<span class=\"elementor-divider-separator\">\n\t\t\t\t\t\t<\/span>\n\t\t<\/div>\n\t\t\t\t\t\t<\/div>\n\t\t\t\t<div class=\"elementor-element elementor-element-a0aa4dd elementor-widget elementor-widget-text-editor\" data-id=\"a0aa4dd\" data-element_type=\"widget\" data-widget_type=\"text-editor.default\">\n\t\t\t\t\t\t\t\t\t<p>El curso describe las t\u00e9cnicas m\u00e1s seguras y responsables para conducir un veh\u00edculo automotor, que se transformar\u00e1n en h\u00e1bito en el momento en que se decida aplicarlas.<\/p><p>Se transmitir\u00e1n consejos pr\u00e1cticos y las pautas \u00fatiles en la conducci\u00f3n diaria, as\u00ed como pautas de manejo en condiciones que no se puede controlar: clima, luz, tr\u00e1fico, condiciones de las pistas y por supuesto otros conductores.<\/p><p>Estos h\u00e1bitos se desarrollan a trav\u00e9s de un trabajo motivacional que lograr\u00e1 en el participante un cambio de conducta en la forma de conducir un veh\u00edculo automotor, y estar\u00e1n en capacidad de ponerlos en pr\u00e1ctica de inmediato, as\u00ed como de interpretar los c\u00f3digos integrados de la v\u00eda p\u00fablica.<\/p><p>Este cambio conductual puede en un momento determinado significar la vida o la muerte, o tambi\u00e9n la plenitud de la salud o la minusval\u00eda permanente.<\/p>\t\t\t\t\t\t\t\t<\/div>\n\t\t\t\t<div class=\"elementor-element elementor-element-6af1e7b3 elementor-tabs-view-horizontal elementor-widget elementor-widget-tabs\" data-id=\"6af1e7b3\" data-element_type=\"widget\" data-widget_type=\"tabs.default\">\n\t\t\t\t\t\t\t<div class=\"elementor-tabs\">\n\t\t\t<div class=\"elementor-tabs-wrapper\" role=\"tablist\" >\n\t\t\t\t\t\t\t\t\t<div id=\"elementor-tab-title-1791\" class=\"elementor-tab-title elementor-tab-desktop-title\" aria-selected=\"true\" data-tab=\"1\" role=\"tab\" tabindex=\"0\" aria-controls=\"elementor-tab-content-1791\" aria-expanded=\"false\">Dirigido a:<\/div>\n\t\t\t\t\t\t\t\t\t<div id=\"elementor-tab-title-1792\" class=\"elementor-tab-title elementor-tab-desktop-title\" aria-selected=\"false\" data-tab=\"2\" role=\"tab\" tabindex=\"-1\" aria-controls=\"elementor-tab-content-1792\" aria-expanded=\"false\">Beneficios:<\/div>\n\t\t\t\t\t\t\t<\/div>\n\t\t\t<div class=\"elementor-tabs-content-wrapper\" role=\"tablist\" aria-orientation=\"vertical\">\n\t\t\t\t\t\t\t\t\t<div class=\"elementor-tab-title elementor-tab-mobile-title\" aria-selected=\"true\" data-tab=\"1\" role=\"tab\" tabindex=\"0\" aria-controls=\"elementor-tab-content-1791\" aria-expanded=\"false\">Dirigido a:<\/div>\n\t\t\t\t\t<div id=\"elementor-tab-content-1791\" class=\"elementor-tab-content elementor-clearfix\" data-tab=\"1\" role=\"tabpanel\" aria-labelledby=\"elementor-tab-title-1791\" tabindex=\"0\" hidden=\"false\"><p>Todas aquellas personas que est\u00e9n involucradas en el manejo y conducci\u00f3n de un veh\u00edculo convencional o un veh\u00edculo 4 x 4, y tengan inter\u00e9s en aprender las t\u00e9cnicas y maniobras de manejo adecuado de este tipo de veh\u00edculos, lo que le permitir\u00e1 tener mayores oportunidades laborales en diferentes proyectos mineros, petroleros e industriales, ejemplo:<\/p><ul><li>Supervisores<\/li><\/ul><ul><li>Trabajadores<\/li><\/ul><ul><li>Gerentes<\/li><li>P\u00fablico en General<\/li><\/ul><\/div>\n\t\t\t\t\t\t\t\t\t<div class=\"elementor-tab-title elementor-tab-mobile-title\" aria-selected=\"false\" data-tab=\"2\" role=\"tab\" tabindex=\"-1\" aria-controls=\"elementor-tab-content-1792\" aria-expanded=\"false\">Beneficios:<\/div>\n\t\t\t\t\t<div id=\"elementor-tab-content-1792\" class=\"elementor-tab-content elementor-clearfix\" data-tab=\"2\" role=\"tabpanel\" aria-labelledby=\"elementor-tab-title-1792\" tabindex=\"0\" hidden=\"hidden\"><ul><li>Certificaci\u00f3n Oficial, otorgada por el National Safety Council (NSC)<\/li><li>Instructor acreditado por National Safety Council<\/li><\/ul><\/div>\n\t\t\t\t\t\t\t<\/div>\n\t\t<\/div>\n\t\t\t\t\t\t<\/div>\n\t\t\t\t\t<\/div>\n\t\t<\/div>\n\t\t\t\t<div class=\"elementor-column elementor-col-50 elementor-top-column elementor-element elementor-element-e9d595c\" data-id=\"e9d595c\" data-element_type=\"column\">\n\t\t\t<div class=\"elementor-widget-wrap elementor-element-populated\">\n\t\t\t\t\t\t<section class=\"elementor-section elementor-inner-section elementor-element elementor-element-59460760 elementor-section-boxed elementor-section-height-default elementor-section-height-default\" data-id=\"59460760\" data-element_type=\"section\" data-settings=\"{&quot;background_background&quot;:&quot;classic&quot;}\">\n\t\t\t\t\t\t<div class=\"elementor-container elementor-column-gap-default\">\n\t\t\t\t\t<div class=\"elementor-column elementor-col-100 elementor-inner-column elementor-element elementor-element-5dc9989f\" data-id=\"5dc9989f\" data-element_type=\"column\" data-settings=\"{&quot;background_background&quot;:&quot;classic&quot;}\">\n\t\t\t<div class=\"elementor-widget-wrap elementor-element-populated\">\n\t\t\t\t\t\t<div class=\"elementor-element elementor-element-440cce15 elementor-widget elementor-widget-heading\" data-id=\"440cce15\" data-element_type=\"widget\" data-widget_type=\"heading.default\">\n\t\t\t\t\t<h5 class=\"elementor-heading-title elementor-size-default\">Detalles<\/h5>\t\t\t\t<\/div>\n\t\t\t\t<div class=\"elementor-element elementor-element-642b63d0 elementor-widget-divider--view-line elementor-widget elementor-widget-divider\" data-id=\"642b63d0\" data-element_type=\"widget\" data-widget_type=\"divider.default\">\n\t\t\t\t\t\t\t<div class=\"elementor-divider\">\n\t\t\t<span class=\"elementor-divider-separator\">\n\t\t\t\t\t\t<\/span>\n\t\t<\/div>\n\t\t\t\t\t\t<\/div>\n\t\t\t\t<div class=\"elementor-element elementor-element-6decfa0c elementor-widget elementor-widget-spacer\" data-id=\"6decfa0c\" data-element_type=\"widget\" data-widget_type=\"spacer.default\">\n\t\t\t\t\t\t\t<div class=\"elementor-spacer\">\n\t\t\t<div class=\"elementor-spacer-inner\"><\/div>\n\t\t<\/div>\n\t\t\t\t\t\t<\/div>\n\t\t\t\t<div class=\"elementor-element elementor-element-497e8481 elementor-icon-list--layout-traditional elementor-list-item-link-full_width elementor-widget elementor-widget-icon-list\" data-id=\"497e8481\" data-element_type=\"widget\" data-widget_type=\"icon-list.default\">\n\t\t\t\t\t\t\t<ul class=\"elementor-icon-list-items\">\n\t\t\t\t\t\t\t<li class=\"elementor-icon-list-item\">\n\t\t\t\t\t\t\t\t\t\t\t<span class=\"elementor-icon-list-icon\">\n\t\t\t\t\t\t\t<i aria-hidden=\"true\" class=\"jki jki-dot-circle-solid\"><\/i>\t\t\t\t\t\t<\/span>\n\t\t\t\t\t\t\t\t\t\t<span class=\"elementor-icon-list-text\">Instituci\u00f3n: Centro T\u00e9cnico Productivo ITEP<\/span>\n\t\t\t\t\t\t\t\t\t<\/li>\n\t\t\t\t\t\t<\/ul>\n\t\t\t\t\t\t<\/div>\n\t\t\t\t\t<\/div>\n\t\t<\/div>\n\t\t\t\t\t<\/div>\n\t\t<\/section>\n\t\t\t\t<section class=\"elementor-section elementor-inner-section elementor-element elementor-element-2dcfee32 elementor-section-boxed elementor-section-height-default elementor-section-height-default\" data-id=\"2dcfee32\" data-element_type=\"section\" data-settings=\"{&quot;background_background&quot;:&quot;gradient&quot;}\">\n\t\t\t\t\t\t\t<div class=\"elementor-background-overlay\"><\/div>\n\t\t\t\t\t\t\t<div class=\"elementor-container elementor-column-gap-no\">\n\t\t\t\t\t<div class=\"elementor-column elementor-col-100 elementor-inner-column elementor-element elementor-element-6d0530bb\" data-id=\"6d0530bb\" data-element_type=\"column\" data-settings=\"{&quot;background_background&quot;:&quot;classic&quot;}\">\n\t\t\t<div class=\"elementor-widget-wrap elementor-element-populated\">\n\t\t\t\t\t<div class=\"elementor-background-overlay\"><\/div>\n\t\t\t\t\t\t<div class=\"elementor-element elementor-element-19848fe3 elementor-view-stacked elementor-shape-circle elementor-widget elementor-widget-icon\" data-id=\"19848fe3\" data-element_type=\"widget\" data-widget_type=\"icon.default\">\n\t\t\t\t\t\t\t<div class=\"elementor-icon-wrapper\">\n\t\t\t<div class=\"elementor-icon\">\n\t\t\t<svg aria-hidden=\"true\" class=\"e-font-icon-svg e-fab-whatsapp\" viewBox=\"0 0 448 512\" xmlns=\"http:\/\/www.w3.org\/2000\/svg\"><path d=\"M380.9 97.1C339 55.1 283.2 32 223.9 32c-122.4 0-222 99.6-222 222 0 39.1 10.2 77.3 29.6 111L0 480l117.7-30.9c32.4 17.7 68.9 27 106.1 27h.1c122.3 0 224.1-99.6 224.1-222 0-59.3-25.2-115-67.1-157zm-157 341.6c-33.2 0-65.7-8.9-94-25.7l-6.7-4-69.8 18.3L72 359.2l-4.4-7c-18.5-29.4-28.2-63.3-28.2-98.2 0-101.7 82.8-184.5 184.6-184.5 49.3 0 95.6 19.2 130.4 54.1 34.8 34.9 56.2 81.2 56.1 130.5 0 101.8-84.9 184.6-186.6 184.6zm101.2-138.2c-5.5-2.8-32.8-16.2-37.9-18-5.1-1.9-8.8-2.8-12.5 2.8-3.7 5.6-14.3 18-17.6 21.8-3.2 3.7-6.5 4.2-12 1.4-32.6-16.3-54-29.1-75.5-66-5.7-9.8 5.7-9.1 16.3-30.3 1.8-3.7.9-6.9-.5-9.7-1.4-2.8-12.5-30.1-17.1-41.2-4.5-10.8-9.1-9.3-12.5-9.5-3.2-.2-6.9-.2-10.6-.2-3.7 0-9.7 1.4-14.8 6.9-5.1 5.6-19.4 19-19.4 46.3 0 27.3 19.9 53.7 22.6 57.4 2.8 3.7 39.1 59.7 94.8 83.8 35.2 15.2 49 16.5 66.6 13.9 10.7-1.6 32.8-13.4 37.4-26.4 4.6-13 4.6-24.1 3.2-26.4-1.3-2.5-5-3.9-10.5-6.6z\"><\/path><\/svg>\t\t\t<\/div>\n\t\t<\/div>\n\t\t\t\t\t\t<\/div>\n\t\t\t\t<div class=\"elementor-element elementor-element-41e25b22 elementor-mobile-align-center elementor-tablet-align-center elementor-align-center elementor-widget elementor-widget-button\" data-id=\"41e25b22\" data-element_type=\"widget\" data-widget_type=\"button.default\">\n\t\t\t\t\t\t\t\t\t\t<a class=\"elementor-button elementor-button-link elementor-size-sm\" href=\"http:\/\/wa.me\/51957417272\" target=\"_blank\">\n\t\t\t\t\t\t<span class=\"elementor-button-content-wrapper\">\n\t\t\t\t\t\t\t\t\t<span class=\"elementor-button-text\">\u00a1QUIERO ESTUDIAR AHORA!<\/span>\n\t\t\t\t\t<\/span>\n\t\t\t\t\t<\/a>\n\t\t\t\t\t\t\t\t<\/div>\n\t\t\t\t\t<\/div>\n\t\t<\/div>\n\t\t\t\t\t<\/div>\n\t\t<\/section>\n\t\t\t\t\t<\/div>\n\t\t<\/div>\n\t\t\t\t\t<\/div>\n\t\t<\/section>\n\t\t\t\t<\/div>\n\t\t","protected":false},"excerpt":{"rendered":"<p>\u00a0ITEP \u2013 Centro de Entrenamiento autorizado por la National Safety Council (C\u00f3digo de Autorizaci\u00f3n ID 2284018) Conducci\u00f3n de camioneta 4&#215;4 y manejo defensivo \u00a0ITEP \u2013 Centro de Entrenamiento autorizado por la National Safety Council (C\u00f3digo de Autorizaci\u00f3n ID 2284018) Somos un Instituto Superior reconocido por el Ministerio de Educaci\u00f3n y el Centro de Entrenamiento autorizado [&hellip;]<\/p>\n","protected":false},"author":1,"featured_media":0,"parent":0,"menu_order":0,"comment_status":"closed","ping_status":"closed","template":"elementor_header_footer","meta":{"footnotes":""},"class_list":["post-547","page","type-page","status-publish","hentry"],"_links":{"self":[{"href":"https:\/\/cultrujillo.com\/itepilo\/wp-json\/wp\/v2\/pages\/547","targetHints":{"allow":["GET"]}}],"collection":[{"href":"https:\/\/cultrujillo.com\/itepilo\/wp-json\/wp\/v2\/pages"}],"about":[{"href":"https:\/\/cultrujillo.com\/itepilo\/wp-json\/wp\/v2\/types\/page"}],"author":[{"embeddable":true,"href":"https:\/\/cultrujillo.com\/itepilo\/wp-json\/wp\/v2\/users\/1"}],"replies":[{"embeddable":true,"href":"https:\/\/cultrujillo.com\/itepilo\/wp-json\/wp\/v2\/comments?post=547"}],"version-history":[{"count":16,"href":"https:\/\/cultrujillo.com\/itepilo\/wp-json\/wp\/v2\/pages\/547\/revisions"}],"predecessor-version":[{"id":569,"href":"https:\/\/cultrujillo.com\/itepilo\/wp-json\/wp\/v2\/pages\/547\/revisions\/569"}],"wp:attachment":[{"href":"https:\/\/cultrujillo.com\/itepilo\/wp-json\/wp\/v2\/media?parent=547"}],"curies":[{"name":"wp","href":"https:\/\/api.w.org\/{rel}","templated":true}]}}