{"id":421,"date":"2025-06-06T02:41:17","date_gmt":"2025-06-06T02:41:17","guid":{"rendered":"https:\/\/cultrujillo.com\/exrema\/?page_id=421"},"modified":"2025-06-06T02:53:18","modified_gmt":"2025-06-06T02:53:18","slug":"perforacion","status":"publish","type":"page","link":"https:\/\/cultrujillo.com\/exrema\/perforacion\/","title":{"rendered":"Perforaci\u00f3n"},"content":{"rendered":"\t\t<div data-elementor-type=\"wp-page\" data-elementor-id=\"421\" class=\"elementor elementor-421\" data-elementor-post-type=\"page\">\n\t\t\t\t\t\t<section class=\"elementor-section elementor-top-section elementor-element elementor-element-0c1180b elementor-section-height-min-height elementor-section-content-middle elementor-section-boxed elementor-section-height-default elementor-section-items-middle\" data-id=\"0c1180b\" data-element_type=\"section\" data-settings=\"{&quot;background_background&quot;:&quot;classic&quot;}\">\n\t\t\t\t\t\t\t<div class=\"elementor-background-overlay\"><\/div>\n\t\t\t\t\t\t\t<div class=\"elementor-container elementor-column-gap-default\">\n\t\t\t\t\t<div class=\"elementor-column elementor-col-100 elementor-top-column elementor-element elementor-element-834b129\" data-id=\"834b129\" data-element_type=\"column\">\n\t\t\t<div class=\"elementor-widget-wrap elementor-element-populated\">\n\t\t\t\t\t\t<div class=\"elementor-element elementor-element-432a7f9 elementor-widget elementor-widget-heading\" data-id=\"432a7f9\" data-element_type=\"widget\" data-widget_type=\"heading.default\">\n\t\t\t\t<div class=\"elementor-widget-container\">\n\t\t\t\t\t<h2 class=\"elementor-heading-title elementor-size-default\">Perforaci\u00f3n<\/h2>\t\t\t\t<\/div>\n\t\t\t\t<\/div>\n\t\t\t\t\t<\/div>\n\t\t<\/div>\n\t\t\t\t\t<\/div>\n\t\t<\/section>\n\t\t<div class=\"elementor-element elementor-element-e94ca71 e-flex e-con-boxed e-con e-parent\" data-id=\"e94ca71\" data-element_type=\"container\" data-settings=\"{&quot;background_background&quot;:&quot;classic&quot;}\">\n\t\t\t\t\t<div class=\"e-con-inner\">\n\t\t<div class=\"elementor-element elementor-element-7ed9056 e-con-full e-flex e-con e-child\" data-id=\"7ed9056\" data-element_type=\"container\">\n\t\t<div class=\"elementor-element elementor-element-3ddc4d5 e-con-full e-flex e-con e-child\" data-id=\"3ddc4d5\" data-element_type=\"container\" data-settings=\"{&quot;background_background&quot;:&quot;classic&quot;}\">\n\t\t\t\t<div class=\"elementor-element elementor-element-6c80485 elementor-widget elementor-widget-heading\" data-id=\"6c80485\" data-element_type=\"widget\" data-widget_type=\"heading.default\">\n\t\t\t\t<div class=\"elementor-widget-container\">\n\t\t\t\t\t<h4 class=\"elementor-heading-title elementor-size-default\">Nuestros Servicios<\/h4>\t\t\t\t<\/div>\n\t\t\t\t<\/div>\n\t\t\t\t<div class=\"elementor-element elementor-element-53bf0e0 elementor-widget elementor-widget-spacer\" data-id=\"53bf0e0\" data-element_type=\"widget\" data-widget_type=\"spacer.default\">\n\t\t\t\t<div class=\"elementor-widget-container\">\n\t\t\t\t\t\t\t<div class=\"elementor-spacer\">\n\t\t\t<div class=\"elementor-spacer-inner\"><\/div>\n\t\t<\/div>\n\t\t\t\t\t\t<\/div>\n\t\t\t\t<\/div>\n\t\t\t\t<div class=\"elementor-element elementor-element-2b52ce2 elementor-nav-menu--dropdown-none elementor-widget elementor-widget-nav-menu\" data-id=\"2b52ce2\" data-element_type=\"widget\" data-settings=\"{&quot;layout&quot;:&quot;vertical&quot;,&quot;submenu_icon&quot;:{&quot;value&quot;:&quot;&lt;svg class=\\&quot;e-font-icon-svg e-fas-caret-down\\&quot; viewBox=\\&quot;0 0 320 512\\&quot; xmlns=\\&quot;http:\\\/\\\/www.w3.org\\\/2000\\\/svg\\&quot;&gt;&lt;path d=\\&quot;M31.3 192h257.3c17.8 0 26.7 21.5 14.1 34.1L174.1 354.8c-7.8 7.8-20.5 7.8-28.3 0L17.2 226.1C4.6 213.5 13.5 192 31.3 192z\\&quot;&gt;&lt;\\\/path&gt;&lt;\\\/svg&gt;&quot;,&quot;library&quot;:&quot;fa-solid&quot;}}\" data-widget_type=\"nav-menu.default\">\n\t\t\t\t<div class=\"elementor-widget-container\">\n\t\t\t\t\t\t\t\t<nav aria-label=\"Menu\" class=\"elementor-nav-menu--main elementor-nav-menu__container elementor-nav-menu--layout-vertical e--pointer-background e--animation-fade\">\n\t\t\t\t<ul id=\"menu-1-2b52ce2\" class=\"elementor-nav-menu sm-vertical\"><li class=\"menu-item menu-item-type-post_type menu-item-object-page menu-item-349\"><a href=\"https:\/\/cultrujillo.com\/exrema\/servicios-generales\/\" class=\"elementor-item\">Servicios Generales<\/a><\/li>\n<li class=\"menu-item menu-item-type-post_type menu-item-object-page menu-item-348\"><a href=\"https:\/\/cultrujillo.com\/exrema\/medio-ambiente\/\" class=\"elementor-item\">Medio Ambiente<\/a><\/li>\n<li class=\"menu-item menu-item-type-post_type menu-item-object-page menu-item-347\"><a href=\"https:\/\/cultrujillo.com\/exrema\/ingenieria\/\" class=\"elementor-item\">Ingenier\u00eda<\/a><\/li>\n<li class=\"menu-item menu-item-type-post_type menu-item-object-page menu-item-346\"><a href=\"https:\/\/cultrujillo.com\/exrema\/obras-civiles\/\" class=\"elementor-item\">Obras civiles<\/a><\/li>\n<li class=\"menu-item menu-item-type-post_type menu-item-object-page menu-item-345\"><a href=\"https:\/\/cultrujillo.com\/exrema\/instalacion-de-geomembrana-y-geotextil\/\" class=\"elementor-item\">Instalaci\u00f3n de Geomembrana y Geotextil<\/a><\/li>\n<li class=\"menu-item menu-item-type-post_type menu-item-object-page menu-item-404\"><a href=\"https:\/\/cultrujillo.com\/exrema\/alquiler-de-maquinaria-pesada-y-liviana\/\" class=\"elementor-item\">Alquiler de maquinaria pesada y liviana<\/a><\/li>\n<li class=\"menu-item menu-item-type-post_type menu-item-object-page menu-item-420\"><a href=\"https:\/\/cultrujillo.com\/exrema\/compra-y-venta-de-cal\/\" class=\"elementor-item\">Compra y venta de CAL<\/a><\/li>\n<li class=\"menu-item menu-item-type-post_type menu-item-object-page menu-item-428\"><a href=\"https:\/\/cultrujillo.com\/exrema\/perforacion\/\" class=\"elementor-item\">Perforaci\u00f3n<\/a><\/li>\n<\/ul>\t\t\t<\/nav>\n\t\t\t\t\t\t<nav class=\"elementor-nav-menu--dropdown elementor-nav-menu__container\" aria-hidden=\"true\">\n\t\t\t\t<ul id=\"menu-2-2b52ce2\" class=\"elementor-nav-menu sm-vertical\"><li class=\"menu-item menu-item-type-post_type menu-item-object-page menu-item-349\"><a href=\"https:\/\/cultrujillo.com\/exrema\/servicios-generales\/\" class=\"elementor-item\" tabindex=\"-1\">Servicios Generales<\/a><\/li>\n<li class=\"menu-item menu-item-type-post_type menu-item-object-page menu-item-348\"><a href=\"https:\/\/cultrujillo.com\/exrema\/medio-ambiente\/\" class=\"elementor-item\" tabindex=\"-1\">Medio Ambiente<\/a><\/li>\n<li class=\"menu-item menu-item-type-post_type menu-item-object-page menu-item-347\"><a href=\"https:\/\/cultrujillo.com\/exrema\/ingenieria\/\" class=\"elementor-item\" tabindex=\"-1\">Ingenier\u00eda<\/a><\/li>\n<li class=\"menu-item menu-item-type-post_type menu-item-object-page menu-item-346\"><a href=\"https:\/\/cultrujillo.com\/exrema\/obras-civiles\/\" class=\"elementor-item\" tabindex=\"-1\">Obras civiles<\/a><\/li>\n<li class=\"menu-item menu-item-type-post_type menu-item-object-page menu-item-345\"><a href=\"https:\/\/cultrujillo.com\/exrema\/instalacion-de-geomembrana-y-geotextil\/\" class=\"elementor-item\" tabindex=\"-1\">Instalaci\u00f3n de Geomembrana y Geotextil<\/a><\/li>\n<li class=\"menu-item menu-item-type-post_type menu-item-object-page menu-item-404\"><a href=\"https:\/\/cultrujillo.com\/exrema\/alquiler-de-maquinaria-pesada-y-liviana\/\" class=\"elementor-item\" tabindex=\"-1\">Alquiler de maquinaria pesada y liviana<\/a><\/li>\n<li class=\"menu-item menu-item-type-post_type menu-item-object-page menu-item-420\"><a href=\"https:\/\/cultrujillo.com\/exrema\/compra-y-venta-de-cal\/\" class=\"elementor-item\" tabindex=\"-1\">Compra y venta de CAL<\/a><\/li>\n<li class=\"menu-item menu-item-type-post_type menu-item-object-page menu-item-428\"><a href=\"https:\/\/cultrujillo.com\/exrema\/perforacion\/\" class=\"elementor-item\" tabindex=\"-1\">Perforaci\u00f3n<\/a><\/li>\n<\/ul>\t\t\t<\/nav>\n\t\t\t\t\t\t<\/div>\n\t\t\t\t<\/div>\n\t\t\t\t<\/div>\n\t\t\t\t<\/div>\n\t\t<div class=\"elementor-element elementor-element-b51b059 e-con-full e-flex e-con e-child\" data-id=\"b51b059\" data-element_type=\"container\">\n\t\t\t\t<div class=\"elementor-element elementor-element-d521649 elementor-invisible elementor-widget elementor-widget-image\" data-id=\"d521649\" data-element_type=\"widget\" data-settings=\"{&quot;_animation&quot;:&quot;fadeInDown&quot;}\" data-widget_type=\"image.default\">\n\t\t\t\t<div class=\"elementor-widget-container\">\n\t\t\t\t\t\t\t\t\t\t\t\t\t\t\t<img fetchpriority=\"high\" decoding=\"async\" width=\"700\" height=\"400\" src=\"https:\/\/cultrujillo.com\/exrema\/wp-content\/uploads\/2025\/06\/perforacion-en-roca-y-suelo-dirigidos-a-los-sectores-minero3.jpg\" class=\"attachment-full size-full wp-image-447\" alt=\"\" srcset=\"https:\/\/cultrujillo.com\/exrema\/wp-content\/uploads\/2025\/06\/perforacion-en-roca-y-suelo-dirigidos-a-los-sectores-minero3.jpg 700w, https:\/\/cultrujillo.com\/exrema\/wp-content\/uploads\/2025\/06\/perforacion-en-roca-y-suelo-dirigidos-a-los-sectores-minero3-300x171.jpg 300w\" sizes=\"(max-width: 700px) 100vw, 700px\" \/>\t\t\t\t\t\t\t\t\t\t\t\t\t\t\t<\/div>\n\t\t\t\t<\/div>\n\t\t\t\t<div class=\"elementor-element elementor-element-e33aed0 elementor-widget elementor-widget-heading\" data-id=\"e33aed0\" data-element_type=\"widget\" data-widget_type=\"heading.default\">\n\t\t\t\t<div class=\"elementor-widget-container\">\n\t\t\t\t\t<h3 class=\"elementor-heading-title elementor-size-default\">Perforaci\u00f3n<\/h3>\t\t\t\t<\/div>\n\t\t\t\t<\/div>\n\t\t\t\t<div class=\"elementor-element elementor-element-09e53a7 elementor-invisible elementor-widget elementor-widget-text-editor\" data-id=\"09e53a7\" data-element_type=\"widget\" data-settings=\"{&quot;_animation&quot;:&quot;fadeInRight&quot;}\" data-widget_type=\"text-editor.default\">\n\t\t\t\t<div class=\"elementor-widget-container\">\n\t\t\t\t\t\t\t\t\t<p data-start=\"199\" data-end=\"561\">En <strong data-start=\"202\" data-end=\"232\">Consorcio Negro La Extrema<\/strong>, brindamos servicios especializados de <strong data-start=\"272\" data-end=\"303\">perforaci\u00f3n en roca y suelo<\/strong>, dirigidos a los sectores minero, de construcci\u00f3n y obras civiles. Contamos con equipos modernos y personal altamente capacitado para realizar trabajos seguros, precisos y eficientes, adaptados a diferentes condiciones geol\u00f3gicas y necesidades del proyecto.<\/p><p data-start=\"563\" data-end=\"698\">Nuestros servicios garantizan una ejecuci\u00f3n controlada, respetando est\u00e1ndares de seguridad, cuidado ambiental y cumplimiento de plazos.<\/p>\t\t\t\t\t\t\t\t<\/div>\n\t\t\t\t<\/div>\n\t\t<div class=\"elementor-element elementor-element-b13c14b e-con-full e-flex e-con e-child\" data-id=\"b13c14b\" data-element_type=\"container\">\n\t\t\t\t<div class=\"elementor-element elementor-element-92900c5 elementor-position-left elementor-vertical-align-middle elementor-widget__width-initial elementor-view-default elementor-mobile-position-top elementor-invisible elementor-widget elementor-widget-icon-box\" data-id=\"92900c5\" data-element_type=\"widget\" data-settings=\"{&quot;_animation&quot;:&quot;fadeInLeft&quot;}\" data-widget_type=\"icon-box.default\">\n\t\t\t\t<div class=\"elementor-widget-container\">\n\t\t\t\t\t\t\t<div class=\"elementor-icon-box-wrapper\">\n\n\t\t\t\t\t\t<div class=\"elementor-icon-box-icon\">\n\t\t\t\t<span  class=\"elementor-icon\">\n\t\t\t\t<svg xmlns=\"http:\/\/www.w3.org\/2000\/svg\" id=\"Capa_1\" height=\"512\" viewBox=\"0 0 512 512\" width=\"512\"><g><path d=\"m256 367.213c3.995-5.529 45-34.438 45-93.639v-273.574h-90v273.574c0 58.931 41.026 88.14 45 93.639zm0-44.626c-5.908-8.692-10.15-18.333-12.586-28.523l27.321-13.661c-1.17 15.235-6.241 29.688-14.735 42.184zm-15-207.317 30-15v26.459l-30 15zm0 60 30-15v26.459l-30 15zm0 60.001 30-15v26.459l-30 15zm30-205.271v36.73l-30 15v-51.73z\"><\/path><path d=\"m331 61v285c0 29.775-50.337 61.051-75 73.386-24.673-12.342-75-43.615-75-73.386v-285h-181v451h512v-451zm151 30v30h-121v-30zm0 60v150h-121v-150zm-331 150h-121v-150h121zm0-210v30h-121v-30zm-121 391v-91h91v-30h-91v-30h121v15c0 25.696 17.228 51.196 51.205 75.79 17.377 12.579 34.661 22.031 53.795 30.645 19.093-8.595 36.386-18.043 53.795-30.645 33.977-24.594 51.205-50.094 51.205-75.79v-15h121v30h-91v30h91v91z\"><\/path><path d=\"m61 181h30v30h-30z\"><\/path><path d=\"m91 241h30v30h-30z\"><\/path><path d=\"m391 241h30v30h-30z\"><\/path><path d=\"m421 181h30v30h-30z\"><\/path><path d=\"m61 421h90v30h-90z\"><\/path><path d=\"m361 421h90v30h-90z\"><\/path><\/g><\/svg>\t\t\t\t<\/span>\n\t\t\t<\/div>\n\t\t\t\n\t\t\t\t\t\t<div class=\"elementor-icon-box-content\">\n\n\t\t\t\t\t\t\t\t\t<h3 class=\"elementor-icon-box-title\">\n\t\t\t\t\t\t<span  >\n\t\t\t\t\t\t\tPerforaci\u00f3n para voladura: \t\t\t\t\t\t<\/span>\n\t\t\t\t\t<\/h3>\n\t\t\t\t\n\t\t\t\t\t\t\t\t\t<p class=\"elementor-icon-box-description\">\n\t\t\t\t\t\tEn canteras, tajos abiertos y t\u00faneles, con alta precisi\u00f3n y distribuci\u00f3n \u00f3ptima de barrenos.\t\t\t\t\t<\/p>\n\t\t\t\t\n\t\t\t<\/div>\n\t\t\t\n\t\t<\/div>\n\t\t\t\t\t\t<\/div>\n\t\t\t\t<\/div>\n\t\t\t\t<div class=\"elementor-element elementor-element-6f5a049 elementor-position-left elementor-vertical-align-middle elementor-widget__width-initial elementor-view-default elementor-mobile-position-top elementor-invisible elementor-widget elementor-widget-icon-box\" data-id=\"6f5a049\" data-element_type=\"widget\" data-settings=\"{&quot;_animation&quot;:&quot;fadeInRight&quot;}\" data-widget_type=\"icon-box.default\">\n\t\t\t\t<div class=\"elementor-widget-container\">\n\t\t\t\t\t\t\t<div class=\"elementor-icon-box-wrapper\">\n\n\t\t\t\t\t\t<div class=\"elementor-icon-box-icon\">\n\t\t\t\t<span  class=\"elementor-icon\">\n\t\t\t\t<svg xmlns=\"http:\/\/www.w3.org\/2000\/svg\" id=\"Capa_1\" height=\"512\" viewBox=\"0 0 512 512\" width=\"512\"><g><path d=\"m256 367.213c3.995-5.529 45-34.438 45-93.639v-273.574h-90v273.574c0 58.931 41.026 88.14 45 93.639zm0-44.626c-5.908-8.692-10.15-18.333-12.586-28.523l27.321-13.661c-1.17 15.235-6.241 29.688-14.735 42.184zm-15-207.317 30-15v26.459l-30 15zm0 60 30-15v26.459l-30 15zm0 60.001 30-15v26.459l-30 15zm30-205.271v36.73l-30 15v-51.73z\"><\/path><path d=\"m331 61v285c0 29.775-50.337 61.051-75 73.386-24.673-12.342-75-43.615-75-73.386v-285h-181v451h512v-451zm151 30v30h-121v-30zm0 60v150h-121v-150zm-331 150h-121v-150h121zm0-210v30h-121v-30zm-121 391v-91h91v-30h-91v-30h121v15c0 25.696 17.228 51.196 51.205 75.79 17.377 12.579 34.661 22.031 53.795 30.645 19.093-8.595 36.386-18.043 53.795-30.645 33.977-24.594 51.205-50.094 51.205-75.79v-15h121v30h-91v30h91v91z\"><\/path><path d=\"m61 181h30v30h-30z\"><\/path><path d=\"m91 241h30v30h-30z\"><\/path><path d=\"m391 241h30v30h-30z\"><\/path><path d=\"m421 181h30v30h-30z\"><\/path><path d=\"m61 421h90v30h-90z\"><\/path><path d=\"m361 421h90v30h-90z\"><\/path><\/g><\/svg>\t\t\t\t<\/span>\n\t\t\t<\/div>\n\t\t\t\n\t\t\t\t\t\t<div class=\"elementor-icon-box-content\">\n\n\t\t\t\t\t\t\t\t\t<h3 class=\"elementor-icon-box-title\">\n\t\t\t\t\t\t<span  >\n\t\t\t\t\t\t\tPerforaci\u00f3n para anclajes o pilotes:\t\t\t\t\t\t<\/span>\n\t\t\t\t\t<\/h3>\n\t\t\t\t\n\t\t\t\t\t\t\t\t\t<p class=\"elementor-icon-box-description\">\n\t\t\t\t\t\tPara obras de estabilizaci\u00f3n, cimentaciones profundas y estructuras especiales.\t\t\t\t\t<\/p>\n\t\t\t\t\n\t\t\t<\/div>\n\t\t\t\n\t\t<\/div>\n\t\t\t\t\t\t<\/div>\n\t\t\t\t<\/div>\n\t\t\t\t<div class=\"elementor-element elementor-element-75d1091 elementor-position-left elementor-vertical-align-middle elementor-widget__width-initial elementor-view-default elementor-mobile-position-top elementor-invisible elementor-widget elementor-widget-icon-box\" data-id=\"75d1091\" data-element_type=\"widget\" data-settings=\"{&quot;_animation&quot;:&quot;fadeInLeft&quot;}\" data-widget_type=\"icon-box.default\">\n\t\t\t\t<div class=\"elementor-widget-container\">\n\t\t\t\t\t\t\t<div class=\"elementor-icon-box-wrapper\">\n\n\t\t\t\t\t\t<div class=\"elementor-icon-box-icon\">\n\t\t\t\t<span  class=\"elementor-icon\">\n\t\t\t\t<svg xmlns=\"http:\/\/www.w3.org\/2000\/svg\" id=\"Capa_1\" height=\"512\" viewBox=\"0 0 512 512\" width=\"512\"><g><path d=\"m256 367.213c3.995-5.529 45-34.438 45-93.639v-273.574h-90v273.574c0 58.931 41.026 88.14 45 93.639zm0-44.626c-5.908-8.692-10.15-18.333-12.586-28.523l27.321-13.661c-1.17 15.235-6.241 29.688-14.735 42.184zm-15-207.317 30-15v26.459l-30 15zm0 60 30-15v26.459l-30 15zm0 60.001 30-15v26.459l-30 15zm30-205.271v36.73l-30 15v-51.73z\"><\/path><path d=\"m331 61v285c0 29.775-50.337 61.051-75 73.386-24.673-12.342-75-43.615-75-73.386v-285h-181v451h512v-451zm151 30v30h-121v-30zm0 60v150h-121v-150zm-331 150h-121v-150h121zm0-210v30h-121v-30zm-121 391v-91h91v-30h-91v-30h121v15c0 25.696 17.228 51.196 51.205 75.79 17.377 12.579 34.661 22.031 53.795 30.645 19.093-8.595 36.386-18.043 53.795-30.645 33.977-24.594 51.205-50.094 51.205-75.79v-15h121v30h-91v30h91v91z\"><\/path><path d=\"m61 181h30v30h-30z\"><\/path><path d=\"m91 241h30v30h-30z\"><\/path><path d=\"m391 241h30v30h-30z\"><\/path><path d=\"m421 181h30v30h-30z\"><\/path><path d=\"m61 421h90v30h-90z\"><\/path><path d=\"m361 421h90v30h-90z\"><\/path><\/g><\/svg>\t\t\t\t<\/span>\n\t\t\t<\/div>\n\t\t\t\n\t\t\t\t\t\t<div class=\"elementor-icon-box-content\">\n\n\t\t\t\t\t\t\t\t\t<h3 class=\"elementor-icon-box-title\">\n\t\t\t\t\t\t<span  >\n\t\t\t\t\t\t\tPerforaci\u00f3n horizontal y vertical: \t\t\t\t\t\t<\/span>\n\t\t\t\t\t<\/h3>\n\t\t\t\t\n\t\t\t\t\t\t\t\t\t<p class=\"elementor-icon-box-description\">\n\t\t\t\t\t\tPara instalaciones subterr\u00e1neas, drenajes y estudios geot\u00e9cnicos.\t\t\t\t\t<\/p>\n\t\t\t\t\n\t\t\t<\/div>\n\t\t\t\n\t\t<\/div>\n\t\t\t\t\t\t<\/div>\n\t\t\t\t<\/div>\n\t\t\t\t<div class=\"elementor-element elementor-element-9318a71 elementor-position-left elementor-vertical-align-middle elementor-widget__width-initial elementor-view-default elementor-mobile-position-top elementor-invisible elementor-widget elementor-widget-icon-box\" data-id=\"9318a71\" data-element_type=\"widget\" data-settings=\"{&quot;_animation&quot;:&quot;fadeInRight&quot;}\" data-widget_type=\"icon-box.default\">\n\t\t\t\t<div class=\"elementor-widget-container\">\n\t\t\t\t\t\t\t<div class=\"elementor-icon-box-wrapper\">\n\n\t\t\t\t\t\t<div class=\"elementor-icon-box-icon\">\n\t\t\t\t<span  class=\"elementor-icon\">\n\t\t\t\t<svg xmlns=\"http:\/\/www.w3.org\/2000\/svg\" id=\"Capa_1\" height=\"512\" viewBox=\"0 0 512 512\" width=\"512\"><g><path d=\"m256 367.213c3.995-5.529 45-34.438 45-93.639v-273.574h-90v273.574c0 58.931 41.026 88.14 45 93.639zm0-44.626c-5.908-8.692-10.15-18.333-12.586-28.523l27.321-13.661c-1.17 15.235-6.241 29.688-14.735 42.184zm-15-207.317 30-15v26.459l-30 15zm0 60 30-15v26.459l-30 15zm0 60.001 30-15v26.459l-30 15zm30-205.271v36.73l-30 15v-51.73z\"><\/path><path d=\"m331 61v285c0 29.775-50.337 61.051-75 73.386-24.673-12.342-75-43.615-75-73.386v-285h-181v451h512v-451zm151 30v30h-121v-30zm0 60v150h-121v-150zm-331 150h-121v-150h121zm0-210v30h-121v-30zm-121 391v-91h91v-30h-91v-30h121v15c0 25.696 17.228 51.196 51.205 75.79 17.377 12.579 34.661 22.031 53.795 30.645 19.093-8.595 36.386-18.043 53.795-30.645 33.977-24.594 51.205-50.094 51.205-75.79v-15h121v30h-91v30h91v91z\"><\/path><path d=\"m61 181h30v30h-30z\"><\/path><path d=\"m91 241h30v30h-30z\"><\/path><path d=\"m391 241h30v30h-30z\"><\/path><path d=\"m421 181h30v30h-30z\"><\/path><path d=\"m61 421h90v30h-90z\"><\/path><path d=\"m361 421h90v30h-90z\"><\/path><\/g><\/svg>\t\t\t\t<\/span>\n\t\t\t<\/div>\n\t\t\t\n\t\t\t\t\t\t<div class=\"elementor-icon-box-content\">\n\n\t\t\t\t\t\t\t\t\t<h3 class=\"elementor-icon-box-title\">\n\t\t\t\t\t\t<span  >\n\t\t\t\t\t\t\tControl y supervisi\u00f3n t\u00e9cnica en campo:\t\t\t\t\t\t<\/span>\n\t\t\t\t\t<\/h3>\n\t\t\t\t\n\t\t\t\t\t\t\t\t\t<p class=\"elementor-icon-box-description\">\n\t\t\t\t\t\tAseguramos calidad, seguridad y rendimiento continuo.\t\t\t\t\t<\/p>\n\t\t\t\t\n\t\t\t<\/div>\n\t\t\t\n\t\t<\/div>\n\t\t\t\t\t\t<\/div>\n\t\t\t\t<\/div>\n\t\t\t\t<\/div>\n\t\t\t\t<div class=\"elementor-element elementor-element-2196018 elementor-invisible elementor-widget elementor-widget-text-editor\" data-id=\"2196018\" data-element_type=\"widget\" data-settings=\"{&quot;_animation&quot;:&quot;fadeInRight&quot;}\" data-widget_type=\"text-editor.default\">\n\t\t\t\t<div class=\"elementor-widget-container\">\n\t\t\t\t\t\t\t\t\t<p data-start=\"1357\" data-end=\"1578\">Confiar en nosotros es asegurar <strong data-start=\"1389\" data-end=\"1417\">disponibilidad inmediata<\/strong>, <strong data-start=\"1419\" data-end=\"1441\">m\u00e1ximo rendimiento<\/strong> y un <strong data-start=\"1447\" data-end=\"1484\">soporte confiable en todo momento<\/strong>. Nos adaptamos a tus necesidades operativas y log\u00edsticas con soluciones eficientes y seguras.<\/p>\t\t\t\t\t\t\t\t<\/div>\n\t\t\t\t<\/div>\n\t\t\t\t<\/div>\n\t\t\t\t\t<\/div>\n\t\t\t\t<\/div>\n\t\t\t\t<\/div>\n\t\t","protected":false},"excerpt":{"rendered":"<p>Perforaci\u00f3n Nuestros Servicios Perforaci\u00f3n En Consorcio Negro La Extrema, brindamos servicios especializados de perforaci\u00f3n en roca y suelo, dirigidos a los sectores minero, de construcci\u00f3n y obras civiles. Contamos con equipos modernos y personal altamente capacitado para realizar trabajos seguros, precisos y eficientes, adaptados a diferentes condiciones geol\u00f3gicas y necesidades del proyecto. Nuestros servicios garantizan [&hellip;]<\/p>\n","protected":false},"author":1,"featured_media":0,"parent":0,"menu_order":0,"comment_status":"closed","ping_status":"closed","template":"elementor_header_footer","meta":{"_joinchat":[],"footnotes":""},"class_list":["post-421","page","type-page","status-publish","hentry"],"_links":{"self":[{"href":"https:\/\/cultrujillo.com\/exrema\/wp-json\/wp\/v2\/pages\/421","targetHints":{"allow":["GET"]}}],"collection":[{"href":"https:\/\/cultrujillo.com\/exrema\/wp-json\/wp\/v2\/pages"}],"about":[{"href":"https:\/\/cultrujillo.com\/exrema\/wp-json\/wp\/v2\/types\/page"}],"author":[{"embeddable":true,"href":"https:\/\/cultrujillo.com\/exrema\/wp-json\/wp\/v2\/users\/1"}],"replies":[{"embeddable":true,"href":"https:\/\/cultrujillo.com\/exrema\/wp-json\/wp\/v2\/comments?post=421"}],"version-history":[{"count":13,"href":"https:\/\/cultrujillo.com\/exrema\/wp-json\/wp\/v2\/pages\/421\/revisions"}],"predecessor-version":[{"id":450,"href":"https:\/\/cultrujillo.com\/exrema\/wp-json\/wp\/v2\/pages\/421\/revisions\/450"}],"wp:attachment":[{"href":"https:\/\/cultrujillo.com\/exrema\/wp-json\/wp\/v2\/media?parent=421"}],"curies":[{"name":"wp","href":"https:\/\/api.w.org\/{rel}","templated":true}]}}