{"id":75,"date":"2025-11-04T21:25:17","date_gmt":"2025-11-04T21:25:17","guid":{"rendered":"https:\/\/cultrujillo.com\/construtec\/?post_type=product&#038;p=75"},"modified":"2025-11-17T13:44:05","modified_gmt":"2025-11-17T13:44:05","slug":"sierra-circular-7-1-4-1500w","status":"publish","type":"product","link":"https:\/\/cultrujillo.com\/construtec\/producto\/sierra-circular-7-1-4-1500w\/","title":{"rendered":"SIERRA CIRCULAR 7.1\/4\u00bb 1500W"},"content":{"rendered":"","protected":false},"excerpt":{"rendered":"<ul>\n<li>Econ\u00f3mico pero confiable: calidad Bosch a un precio econ\u00f3mico; la mejor opci\u00f3n para los profesionales que valoran<br \/>\nel precio<\/li>\n<li>Facilidad de uso: la visi\u00f3n clara del corte en la placa base aumenta la precisi\u00f3n del mismo<\/li>\n<li>La potente empu\u00f1adura auxiliar permite estabilidad en el corte<\/li>\n<li>Ergonom\u00eda excelente y pr\u00e1ctica<\/li>\n<li>Compacto, potente y fuerte a pesar de su ligero peso<\/li>\n<li>El dise\u00f1o ergon\u00f3mico y el potente material incrementa su durabilidad<\/li>\n<\/ul>\n","protected":false},"featured_media":76,"comment_status":"closed","ping_status":"closed","template":"","meta":{"_joinchat":[]},"product_brand":[],"product_cat":[25],"product_tag":[],"class_list":{"0":"post-75","1":"product","2":"type-product","3":"status-publish","4":"has-post-thumbnail","6":"product_cat-equipos-y-herramientas","8":"first","9":"outofstock","10":"shipping-taxable","11":"product-type-simple"},"_links":{"self":[{"href":"https:\/\/cultrujillo.com\/construtec\/wp-json\/wp\/v2\/product\/75","targetHints":{"allow":["GET"]}}],"collection":[{"href":"https:\/\/cultrujillo.com\/construtec\/wp-json\/wp\/v2\/product"}],"about":[{"href":"https:\/\/cultrujillo.com\/construtec\/wp-json\/wp\/v2\/types\/product"}],"replies":[{"embeddable":true,"href":"https:\/\/cultrujillo.com\/construtec\/wp-json\/wp\/v2\/comments?post=75"}],"wp:featuredmedia":[{"embeddable":true,"href":"https:\/\/cultrujillo.com\/construtec\/wp-json\/wp\/v2\/media\/76"}],"wp:attachment":[{"href":"https:\/\/cultrujillo.com\/construtec\/wp-json\/wp\/v2\/media?parent=75"}],"wp:term":[{"taxonomy":"product_brand","embeddable":true,"href":"https:\/\/cultrujillo.com\/construtec\/wp-json\/wp\/v2\/product_brand?post=75"},{"taxonomy":"product_cat","embeddable":true,"href":"https:\/\/cultrujillo.com\/construtec\/wp-json\/wp\/v2\/product_cat?post=75"},{"taxonomy":"product_tag","embeddable":true,"href":"https:\/\/cultrujillo.com\/construtec\/wp-json\/wp\/v2\/product_tag?post=75"}],"curies":[{"name":"wp","href":"https:\/\/api.w.org\/{rel}","templated":true}]}}