{"id":73,"date":"2025-11-04T21:18:10","date_gmt":"2025-11-04T21:18:10","guid":{"rendered":"https:\/\/cultrujillo.com\/construtec\/?post_type=product&#038;p=73"},"modified":"2025-11-17T13:44:11","modified_gmt":"2025-11-17T13:44:11","slug":"atornillador-inalambrico-1-2-18v","status":"publish","type":"product","link":"https:\/\/cultrujillo.com\/construtec\/producto\/atornillador-inalambrico-1-2-18v\/","title":{"rendered":"ATORNILLADOR INALAMBRICO 1\/2&#8243; 18V"},"content":{"rendered":"","protected":false},"excerpt":{"rendered":"<ul>\n<li>Dise\u00f1o m\u00e1s compacto que nunca, con un alto rendimiento y un motor Brushless sin escobillas de carb\u00f3n<\/li>\n<li>Manejo y funcionamiento sencillos gracias a su dise\u00f1o compacto<\/li>\n<li>El motor Brushless sin escobillas de carb\u00f3n de alta eficiencia prolonga las horas de trabajo y la vida \u00fatil de la herramienta<\/li>\n<li>M\u00e1ximo rendimiento y eficiencia con una velocidad m\u00e1xima de trabajo de hasta 1900 rpm<\/li>\n<li>Ideal para atornillar en madera o taladrar en madera y metal en espacios estrechos<\/li>\n<\/ul>\n","protected":false},"featured_media":74,"comment_status":"closed","ping_status":"closed","template":"","meta":{"_joinchat":[]},"product_brand":[],"product_cat":[25],"product_tag":[],"class_list":{"0":"post-73","1":"product","2":"type-product","3":"status-publish","4":"has-post-thumbnail","6":"product_cat-equipos-y-herramientas","8":"first","9":"outofstock","10":"shipping-taxable","11":"product-type-simple"},"_links":{"self":[{"href":"https:\/\/cultrujillo.com\/construtec\/wp-json\/wp\/v2\/product\/73","targetHints":{"allow":["GET"]}}],"collection":[{"href":"https:\/\/cultrujillo.com\/construtec\/wp-json\/wp\/v2\/product"}],"about":[{"href":"https:\/\/cultrujillo.com\/construtec\/wp-json\/wp\/v2\/types\/product"}],"replies":[{"embeddable":true,"href":"https:\/\/cultrujillo.com\/construtec\/wp-json\/wp\/v2\/comments?post=73"}],"wp:featuredmedia":[{"embeddable":true,"href":"https:\/\/cultrujillo.com\/construtec\/wp-json\/wp\/v2\/media\/74"}],"wp:attachment":[{"href":"https:\/\/cultrujillo.com\/construtec\/wp-json\/wp\/v2\/media?parent=73"}],"wp:term":[{"taxonomy":"product_brand","embeddable":true,"href":"https:\/\/cultrujillo.com\/construtec\/wp-json\/wp\/v2\/product_brand?post=73"},{"taxonomy":"product_cat","embeddable":true,"href":"https:\/\/cultrujillo.com\/construtec\/wp-json\/wp\/v2\/product_cat?post=73"},{"taxonomy":"product_tag","embeddable":true,"href":"https:\/\/cultrujillo.com\/construtec\/wp-json\/wp\/v2\/product_tag?post=73"}],"curies":[{"name":"wp","href":"https:\/\/api.w.org\/{rel}","templated":true}]}}