{"id":85,"date":"2025-05-16T02:28:38","date_gmt":"2025-05-16T02:28:38","guid":{"rendered":"https:\/\/cultrujillo.com\/cemar\/?page_id=85"},"modified":"2025-05-22T15:25:32","modified_gmt":"2025-05-22T15:25:32","slug":"excavaciones-profundas-con-muros-anclados","status":"publish","type":"page","link":"https:\/\/cultrujillo.com\/cemar\/excavaciones-profundas-con-muros-anclados\/","title":{"rendered":"Excavaciones profundas con muros anclados"},"content":{"rendered":"\t\t<div data-elementor-type=\"wp-page\" data-elementor-id=\"85\" class=\"elementor elementor-85\" data-elementor-post-type=\"page\">\n\t\t\t\t\t\t<section class=\"elementor-section elementor-top-section elementor-element elementor-element-91925b7 elementor-section-height-min-height elementor-section-boxed elementor-section-height-default elementor-section-items-middle\" data-id=\"91925b7\" data-element_type=\"section\" data-settings=\"{&quot;background_background&quot;:&quot;classic&quot;}\">\n\t\t\t\t\t\t\t<div class=\"elementor-background-overlay\"><\/div>\n\t\t\t\t\t\t\t<div class=\"elementor-container elementor-column-gap-default\">\n\t\t\t\t\t<div class=\"elementor-column elementor-col-100 elementor-top-column elementor-element elementor-element-fa646be\" data-id=\"fa646be\" data-element_type=\"column\">\n\t\t\t<div class=\"elementor-widget-wrap elementor-element-populated\">\n\t\t\t\t\t\t\t<\/div>\n\t\t<\/div>\n\t\t\t\t\t<\/div>\n\t\t<\/section>\n\t\t\t\t<section class=\"elementor-section elementor-top-section elementor-element elementor-element-097e6cf elementor-section-boxed elementor-section-height-default elementor-section-height-default\" data-id=\"097e6cf\" data-element_type=\"section\">\n\t\t\t\t\t\t<div class=\"elementor-container elementor-column-gap-default\">\n\t\t\t\t\t<div class=\"elementor-column elementor-col-50 elementor-top-column elementor-element elementor-element-a5c8173\" data-id=\"a5c8173\" data-element_type=\"column\">\n\t\t\t<div class=\"elementor-widget-wrap elementor-element-populated\">\n\t\t\t\t\t\t<div class=\"elementor-element elementor-element-de8b0f8 elementor-widget elementor-widget-heading\" data-id=\"de8b0f8\" data-element_type=\"widget\" data-widget_type=\"heading.default\">\n\t\t\t\t<div class=\"elementor-widget-container\">\n\t\t\t\t\t<h2 class=\"elementor-heading-title elementor-size-default\">CEMAR CONSTRUCTORA<\/h2>\t\t\t\t<\/div>\n\t\t\t\t<\/div>\n\t\t\t\t<div class=\"elementor-element elementor-element-54f1b25 elementor-nav-menu--dropdown-none elementor-widget elementor-widget-nav-menu\" data-id=\"54f1b25\" data-element_type=\"widget\" data-settings=\"{&quot;layout&quot;:&quot;vertical&quot;,&quot;submenu_icon&quot;:{&quot;value&quot;:&quot;&lt;svg class=\\&quot;e-font-icon-svg e-fas-caret-down\\&quot; viewBox=\\&quot;0 0 320 512\\&quot; xmlns=\\&quot;http:\\\/\\\/www.w3.org\\\/2000\\\/svg\\&quot;&gt;&lt;path d=\\&quot;M31.3 192h257.3c17.8 0 26.7 21.5 14.1 34.1L174.1 354.8c-7.8 7.8-20.5 7.8-28.3 0L17.2 226.1C4.6 213.5 13.5 192 31.3 192z\\&quot;&gt;&lt;\\\/path&gt;&lt;\\\/svg&gt;&quot;,&quot;library&quot;:&quot;fa-solid&quot;}}\" data-widget_type=\"nav-menu.default\">\n\t\t\t\t<div class=\"elementor-widget-container\">\n\t\t\t\t\t\t\t\t<nav aria-label=\"Menu\" class=\"elementor-nav-menu--main elementor-nav-menu__container elementor-nav-menu--layout-vertical e--pointer-background e--animation-fade\">\n\t\t\t\t<ul id=\"menu-1-54f1b25\" class=\"elementor-nav-menu sm-vertical\"><li class=\"menu-item menu-item-type-post_type menu-item-object-page menu-item-57\"><a href=\"https:\/\/cultrujillo.com\/cemar\/construccion-de-obras-civiles\/\" class=\"elementor-item\">Construcci\u00f3n de obras Civiles<\/a><\/li>\n<li class=\"menu-item menu-item-type-post_type menu-item-object-page menu-item-84\"><a href=\"https:\/\/cultrujillo.com\/cemar\/demoliciones-de-estructuras\/\" class=\"elementor-item\">Demoliciones de estructuras<\/a><\/li>\n<li class=\"menu-item menu-item-type-post_type menu-item-object-page menu-item-144\"><a href=\"https:\/\/cultrujillo.com\/cemar\/obras-de-arquitectura\/\" class=\"elementor-item\">Obras de arquitectura<\/a><\/li>\n<li class=\"menu-item menu-item-type-post_type menu-item-object-page menu-item-145\"><a href=\"https:\/\/cultrujillo.com\/cemar\/construccion-de-edificaciones-completas\/\" class=\"elementor-item\">Construcci\u00f3n de edificaciones completas<\/a><\/li>\n<li class=\"menu-item menu-item-type-post_type menu-item-object-page menu-item-146\"><a href=\"https:\/\/cultrujillo.com\/cemar\/excavaciones-profundas-con-muros-anclados\/\" class=\"elementor-item\">Excavaciones profundas con muros anclados<\/a><\/li>\n<\/ul>\t\t\t<\/nav>\n\t\t\t\t\t\t<nav class=\"elementor-nav-menu--dropdown elementor-nav-menu__container\" aria-hidden=\"true\">\n\t\t\t\t<ul id=\"menu-2-54f1b25\" class=\"elementor-nav-menu sm-vertical\"><li class=\"menu-item menu-item-type-post_type menu-item-object-page menu-item-57\"><a href=\"https:\/\/cultrujillo.com\/cemar\/construccion-de-obras-civiles\/\" class=\"elementor-item\" tabindex=\"-1\">Construcci\u00f3n de obras Civiles<\/a><\/li>\n<li class=\"menu-item menu-item-type-post_type menu-item-object-page menu-item-84\"><a href=\"https:\/\/cultrujillo.com\/cemar\/demoliciones-de-estructuras\/\" class=\"elementor-item\" tabindex=\"-1\">Demoliciones de estructuras<\/a><\/li>\n<li class=\"menu-item menu-item-type-post_type menu-item-object-page menu-item-144\"><a href=\"https:\/\/cultrujillo.com\/cemar\/obras-de-arquitectura\/\" class=\"elementor-item\" tabindex=\"-1\">Obras de arquitectura<\/a><\/li>\n<li class=\"menu-item menu-item-type-post_type menu-item-object-page menu-item-145\"><a href=\"https:\/\/cultrujillo.com\/cemar\/construccion-de-edificaciones-completas\/\" class=\"elementor-item\" tabindex=\"-1\">Construcci\u00f3n de edificaciones completas<\/a><\/li>\n<li class=\"menu-item menu-item-type-post_type menu-item-object-page menu-item-146\"><a href=\"https:\/\/cultrujillo.com\/cemar\/excavaciones-profundas-con-muros-anclados\/\" class=\"elementor-item\" tabindex=\"-1\">Excavaciones profundas con muros anclados<\/a><\/li>\n<\/ul>\t\t\t<\/nav>\n\t\t\t\t\t\t<\/div>\n\t\t\t\t<\/div>\n\t\t\t\t<div class=\"elementor-element elementor-element-a4ad625 elementor-widget elementor-widget-heading\" data-id=\"a4ad625\" data-element_type=\"widget\" data-widget_type=\"heading.default\">\n\t\t\t\t<div class=\"elementor-widget-container\">\n\t\t\t\t\t<h2 class=\"elementor-heading-title elementor-size-default\">CEMAR INMOBILIARIA<\/h2>\t\t\t\t<\/div>\n\t\t\t\t<\/div>\n\t\t\t\t<div class=\"elementor-element elementor-element-8b88c8f elementor-nav-menu--dropdown-none elementor-widget elementor-widget-nav-menu\" data-id=\"8b88c8f\" data-element_type=\"widget\" data-settings=\"{&quot;layout&quot;:&quot;vertical&quot;,&quot;submenu_icon&quot;:{&quot;value&quot;:&quot;&lt;svg class=\\&quot;e-font-icon-svg e-fas-caret-down\\&quot; viewBox=\\&quot;0 0 320 512\\&quot; xmlns=\\&quot;http:\\\/\\\/www.w3.org\\\/2000\\\/svg\\&quot;&gt;&lt;path d=\\&quot;M31.3 192h257.3c17.8 0 26.7 21.5 14.1 34.1L174.1 354.8c-7.8 7.8-20.5 7.8-28.3 0L17.2 226.1C4.6 213.5 13.5 192 31.3 192z\\&quot;&gt;&lt;\\\/path&gt;&lt;\\\/svg&gt;&quot;,&quot;library&quot;:&quot;fa-solid&quot;}}\" data-widget_type=\"nav-menu.default\">\n\t\t\t\t<div class=\"elementor-widget-container\">\n\t\t\t\t\t\t\t\t<nav aria-label=\"Menu\" class=\"elementor-nav-menu--main elementor-nav-menu__container elementor-nav-menu--layout-vertical e--pointer-background e--animation-fade\">\n\t\t\t\t<ul id=\"menu-1-8b88c8f\" class=\"elementor-nav-menu sm-vertical\"><li class=\"menu-item menu-item-type-post_type menu-item-object-page menu-item-361\"><a href=\"https:\/\/cultrujillo.com\/cemar\/proyectos-de-obras-civiles\/\" class=\"elementor-item\">Proyectos de Obras Civiles<\/a><\/li>\n<li class=\"menu-item menu-item-type-post_type menu-item-object-page menu-item-397\"><a href=\"https:\/\/cultrujillo.com\/cemar\/proyectos-de-obras-de-edificaciones\/\" class=\"elementor-item\">Proyectos de obras de edificaciones<\/a><\/li>\n<\/ul>\t\t\t<\/nav>\n\t\t\t\t\t\t<nav class=\"elementor-nav-menu--dropdown elementor-nav-menu__container\" aria-hidden=\"true\">\n\t\t\t\t<ul id=\"menu-2-8b88c8f\" class=\"elementor-nav-menu sm-vertical\"><li class=\"menu-item menu-item-type-post_type menu-item-object-page menu-item-361\"><a href=\"https:\/\/cultrujillo.com\/cemar\/proyectos-de-obras-civiles\/\" class=\"elementor-item\" tabindex=\"-1\">Proyectos de Obras Civiles<\/a><\/li>\n<li class=\"menu-item menu-item-type-post_type menu-item-object-page menu-item-397\"><a href=\"https:\/\/cultrujillo.com\/cemar\/proyectos-de-obras-de-edificaciones\/\" class=\"elementor-item\" tabindex=\"-1\">Proyectos de obras de edificaciones<\/a><\/li>\n<\/ul>\t\t\t<\/nav>\n\t\t\t\t\t\t<\/div>\n\t\t\t\t<\/div>\n\t\t\t\t<div class=\"elementor-element elementor-element-467198d elementor-widget elementor-widget-heading\" data-id=\"467198d\" data-element_type=\"widget\" data-widget_type=\"heading.default\">\n\t\t\t\t<div class=\"elementor-widget-container\">\n\t\t\t\t\t<h2 class=\"elementor-heading-title elementor-size-default\">CEMAR GERENCIA Y SUPERVISI\u00d3N<\/h2>\t\t\t\t<\/div>\n\t\t\t\t<\/div>\n\t\t\t\t<div class=\"elementor-element elementor-element-b96632e elementor-nav-menu--dropdown-none elementor-widget elementor-widget-nav-menu\" data-id=\"b96632e\" data-element_type=\"widget\" data-settings=\"{&quot;layout&quot;:&quot;vertical&quot;,&quot;submenu_icon&quot;:{&quot;value&quot;:&quot;&lt;svg class=\\&quot;e-font-icon-svg e-fas-caret-down\\&quot; viewBox=\\&quot;0 0 320 512\\&quot; xmlns=\\&quot;http:\\\/\\\/www.w3.org\\\/2000\\\/svg\\&quot;&gt;&lt;path d=\\&quot;M31.3 192h257.3c17.8 0 26.7 21.5 14.1 34.1L174.1 354.8c-7.8 7.8-20.5 7.8-28.3 0L17.2 226.1C4.6 213.5 13.5 192 31.3 192z\\&quot;&gt;&lt;\\\/path&gt;&lt;\\\/svg&gt;&quot;,&quot;library&quot;:&quot;fa-solid&quot;}}\" data-widget_type=\"nav-menu.default\">\n\t\t\t\t<div class=\"elementor-widget-container\">\n\t\t\t\t\t\t\t\t<nav aria-label=\"Menu\" class=\"elementor-nav-menu--main elementor-nav-menu__container elementor-nav-menu--layout-vertical e--pointer-background e--animation-fade\">\n\t\t\t\t<ul id=\"menu-1-b96632e\" class=\"elementor-nav-menu sm-vertical\"><li class=\"menu-item menu-item-type-post_type menu-item-object-page menu-item-410\"><a href=\"https:\/\/cultrujillo.com\/cemar\/desarrollo-del-proyecto\/\" class=\"elementor-item\">Desarrollo del proyecto<\/a><\/li>\n<\/ul>\t\t\t<\/nav>\n\t\t\t\t\t\t<nav class=\"elementor-nav-menu--dropdown elementor-nav-menu__container\" aria-hidden=\"true\">\n\t\t\t\t<ul id=\"menu-2-b96632e\" class=\"elementor-nav-menu sm-vertical\"><li class=\"menu-item menu-item-type-post_type menu-item-object-page menu-item-410\"><a href=\"https:\/\/cultrujillo.com\/cemar\/desarrollo-del-proyecto\/\" class=\"elementor-item\" tabindex=\"-1\">Desarrollo del proyecto<\/a><\/li>\n<\/ul>\t\t\t<\/nav>\n\t\t\t\t\t\t<\/div>\n\t\t\t\t<\/div>\n\t\t\t\t<div class=\"elementor-element elementor-element-2ee3d5a elementor-widget elementor-widget-spacer\" data-id=\"2ee3d5a\" data-element_type=\"widget\" data-widget_type=\"spacer.default\">\n\t\t\t\t<div class=\"elementor-widget-container\">\n\t\t\t\t\t\t\t<div class=\"elementor-spacer\">\n\t\t\t<div class=\"elementor-spacer-inner\"><\/div>\n\t\t<\/div>\n\t\t\t\t\t\t<\/div>\n\t\t\t\t<\/div>\n\t\t\t\t<section class=\"elementor-section elementor-inner-section elementor-element elementor-element-f50ab2c elementor-section-boxed elementor-section-height-default elementor-section-height-default\" data-id=\"f50ab2c\" data-element_type=\"section\" data-settings=\"{&quot;background_background&quot;:&quot;classic&quot;}\">\n\t\t\t\t\t\t<div class=\"elementor-container elementor-column-gap-default\">\n\t\t\t\t\t<div class=\"elementor-column elementor-col-100 elementor-inner-column elementor-element elementor-element-7bad294\" data-id=\"7bad294\" data-element_type=\"column\">\n\t\t\t<div class=\"elementor-widget-wrap elementor-element-populated\">\n\t\t\t\t\t\t<div class=\"elementor-element elementor-element-b803f66 elementor-position-left elementor-vertical-align-middle elementor-view-default elementor-mobile-position-top elementor-widget elementor-widget-icon-box\" data-id=\"b803f66\" data-element_type=\"widget\" data-widget_type=\"icon-box.default\">\n\t\t\t\t<div class=\"elementor-widget-container\">\n\t\t\t\t\t\t\t<div class=\"elementor-icon-box-wrapper\">\n\n\t\t\t\t\t\t<div class=\"elementor-icon-box-icon\">\n\t\t\t\t<a href=\"https:\/\/cultrujillo.com\/cemar\/wp-content\/uploads\/2025\/05\/CEMAR_VERSION-MOVIL.pdf\" class=\"elementor-icon\" tabindex=\"-1\" aria-label=\"BROCHURE DIGITAL\">\n\t\t\t\t<svg aria-hidden=\"true\" class=\"e-font-icon-svg e-fas-file-pdf\" viewBox=\"0 0 384 512\" xmlns=\"http:\/\/www.w3.org\/2000\/svg\"><path d=\"M181.9 256.1c-5-16-4.9-46.9-2-46.9 8.4 0 7.6 36.9 2 46.9zm-1.7 47.2c-7.7 20.2-17.3 43.3-28.4 62.7 18.3-7 39-17.2 62.9-21.9-12.7-9.6-24.9-23.4-34.5-40.8zM86.1 428.1c0 .8 13.2-5.4 34.9-40.2-6.7 6.3-29.1 24.5-34.9 40.2zM248 160h136v328c0 13.3-10.7 24-24 24H24c-13.3 0-24-10.7-24-24V24C0 10.7 10.7 0 24 0h200v136c0 13.2 10.8 24 24 24zm-8 171.8c-20-12.2-33.3-29-42.7-53.8 4.5-18.5 11.6-46.6 6.2-64.2-4.7-29.4-42.4-26.5-47.8-6.8-5 18.3-.4 44.1 8.1 77-11.6 27.6-28.7 64.6-40.8 85.8-.1 0-.1.1-.2.1-27.1 13.9-73.6 44.5-54.5 68 5.6 6.9 16 10 21.5 10 17.9 0 35.7-18 61.1-61.8 25.8-8.5 54.1-19.1 79-23.2 21.7 11.8 47.1 19.5 64 19.5 29.2 0 31.2-32 19.7-43.4-13.9-13.6-54.3-9.7-73.6-7.2zM377 105L279 7c-4.5-4.5-10.6-7-17-7h-6v128h128v-6.1c0-6.3-2.5-12.4-7-16.9zm-74.1 255.3c4.1-2.7-2.5-11.9-42.8-9 37.1 15.8 42.8 9 42.8 9z\"><\/path><\/svg>\t\t\t\t<\/a>\n\t\t\t<\/div>\n\t\t\t\n\t\t\t\t\t\t<div class=\"elementor-icon-box-content\">\n\n\t\t\t\t\t\t\t\t\t<h5 class=\"elementor-icon-box-title\">\n\t\t\t\t\t\t<a href=\"https:\/\/cultrujillo.com\/cemar\/wp-content\/uploads\/2025\/05\/CEMAR_VERSION-MOVIL.pdf\" >\n\t\t\t\t\t\t\tBROCHURE DIGITAL\t\t\t\t\t\t<\/a>\n\t\t\t\t\t<\/h5>\n\t\t\t\t\n\t\t\t\t\t\t\t\t\t<p class=\"elementor-icon-box-description\">\n\t\t\t\t\t\tDESCARGAR AQU\u00cd\t\t\t\t\t<\/p>\n\t\t\t\t\n\t\t\t<\/div>\n\t\t\t\n\t\t<\/div>\n\t\t\t\t\t\t<\/div>\n\t\t\t\t<\/div>\n\t\t\t\t\t<\/div>\n\t\t<\/div>\n\t\t\t\t\t<\/div>\n\t\t<\/section>\n\t\t\t\t<div class=\"elementor-element elementor-element-f9f43c7 elementor-widget elementor-widget-spacer\" data-id=\"f9f43c7\" data-element_type=\"widget\" data-widget_type=\"spacer.default\">\n\t\t\t\t<div class=\"elementor-widget-container\">\n\t\t\t\t\t\t\t<div class=\"elementor-spacer\">\n\t\t\t<div class=\"elementor-spacer-inner\"><\/div>\n\t\t<\/div>\n\t\t\t\t\t\t<\/div>\n\t\t\t\t<\/div>\n\t\t\t\t<div class=\"elementor-element elementor-element-64d8f24 elementor-widget elementor-widget-spacer\" data-id=\"64d8f24\" data-element_type=\"widget\" data-widget_type=\"spacer.default\">\n\t\t\t\t<div class=\"elementor-widget-container\">\n\t\t\t\t\t\t\t<div class=\"elementor-spacer\">\n\t\t\t<div class=\"elementor-spacer-inner\"><\/div>\n\t\t<\/div>\n\t\t\t\t\t\t<\/div>\n\t\t\t\t<\/div>\n\t\t\t\t\t<\/div>\n\t\t<\/div>\n\t\t\t\t<div class=\"elementor-column elementor-col-50 elementor-top-column elementor-element elementor-element-f5bbcb6\" data-id=\"f5bbcb6\" data-element_type=\"column\">\n\t\t\t<div class=\"elementor-widget-wrap elementor-element-populated\">\n\t\t\t\t\t\t<div class=\"elementor-element elementor-element-88db562 elementor-invisible elementor-widget elementor-widget-image\" data-id=\"88db562\" data-element_type=\"widget\" data-settings=\"{&quot;_animation&quot;:&quot;fadeInDown&quot;}\" data-widget_type=\"image.default\">\n\t\t\t\t<div class=\"elementor-widget-container\">\n\t\t\t\t\t\t\t\t\t\t\t\t\t\t\t<img decoding=\"async\" src=\"https:\/\/cultrujillo.com\/cemar\/wp-content\/uploads\/elementor\/thumbs\/Excavaciones-Profundas-con-Muros-Anclados2-r5vh613rntwkmuv3trqghv2yl3thmd0w97o616fk3s.jpg\" title=\"Excavaciones Profundas con Muros Anclados2\" alt=\"Excavaciones Profundas con Muros Anclados2\" loading=\"lazy\" \/>\t\t\t\t\t\t\t\t\t\t\t\t\t\t\t<\/div>\n\t\t\t\t<\/div>\n\t\t\t\t<div class=\"elementor-element elementor-element-02a5aaf elementor-widget__width-auto elementor-widget-divider--view-line elementor-widget elementor-widget-divider\" data-id=\"02a5aaf\" data-element_type=\"widget\" data-widget_type=\"divider.default\">\n\t\t\t\t<div class=\"elementor-widget-container\">\n\t\t\t\t\t\t\t<div class=\"elementor-divider\">\n\t\t\t<span class=\"elementor-divider-separator\">\n\t\t\t\t\t\t<\/span>\n\t\t<\/div>\n\t\t\t\t\t\t<\/div>\n\t\t\t\t<\/div>\n\t\t\t\t<div class=\"elementor-element elementor-element-d418c4b elementor-invisible elementor-widget elementor-widget-heading\" data-id=\"d418c4b\" data-element_type=\"widget\" data-settings=\"{&quot;_animation&quot;:&quot;fadeInLeft&quot;}\" data-widget_type=\"heading.default\">\n\t\t\t\t<div class=\"elementor-widget-container\">\n\t\t\t\t\t<h3 class=\"elementor-heading-title elementor-size-default\">Excavaciones Profundas con Muros Anclados<\/h3>\t\t\t\t<\/div>\n\t\t\t\t<\/div>\n\t\t\t\t<div class=\"elementor-element elementor-element-2a1a63f elementor-invisible elementor-widget elementor-widget-text-editor\" data-id=\"2a1a63f\" data-element_type=\"widget\" data-settings=\"{&quot;_animation&quot;:&quot;fadeInRight&quot;,&quot;_animation_delay&quot;:250}\" data-widget_type=\"text-editor.default\">\n\t\t\t\t<div class=\"elementor-widget-container\">\n\t\t\t\t\t\t\t\t\t<p class=\"\" data-start=\"276\" data-end=\"559\">En <strong data-start=\"279\" data-end=\"301\">CEMAR CONSTRUCTORA<\/strong>, desarrollamos soluciones de <strong data-start=\"331\" data-end=\"376\">excavaciones profundas con muros anclados<\/strong>, ideales para obras de infraestructura urbana, edificaciones de varios niveles bajo tierra, y proyectos que requieren estabilidad de taludes o control de desplazamientos del terreno.<\/p><p class=\"\" data-start=\"561\" data-end=\"727\">Contamos con personal t\u00e9cnico especializado, equipos de perforaci\u00f3n y tecnolog\u00edas modernas que garantizan seguridad, precisi\u00f3n y eficiencia en cada etapa del proceso.<\/p><h4 class=\"\" data-start=\"729\" data-end=\"753\"><strong data-start=\"734\" data-end=\"753\">\u00bfQu\u00e9 ofrecemos?<\/strong><\/h4><ul data-start=\"754\" data-end=\"1138\"><li class=\"\" data-start=\"754\" data-end=\"834\"><p class=\"\" data-start=\"756\" data-end=\"834\"><strong data-start=\"756\" data-end=\"801\">Dise\u00f1o e implementaci\u00f3n de muros anclados<\/strong> seg\u00fan las condiciones del suelo.<\/p><\/li><li class=\"\" data-start=\"835\" data-end=\"901\"><p class=\"\" data-start=\"837\" data-end=\"901\"><strong data-start=\"837\" data-end=\"863\">Excavaciones profundas<\/strong> en zonas urbanas y de dif\u00edcil acceso.<\/p><\/li><li class=\"\" data-start=\"902\" data-end=\"961\"><p class=\"\" data-start=\"904\" data-end=\"961\"><strong data-start=\"904\" data-end=\"934\">Anclajes activos y pasivos<\/strong>, temporales o permanentes.<\/p><\/li><li class=\"\" data-start=\"962\" data-end=\"1050\"><p class=\"\" data-start=\"964\" data-end=\"1050\"><strong data-start=\"964\" data-end=\"1015\">Monitoreo geot\u00e9cnico y control de deformaciones<\/strong> durante y despu\u00e9s de la ejecuci\u00f3n.<\/p><\/li><li class=\"\" data-start=\"1051\" data-end=\"1138\"><p class=\"\" data-start=\"1053\" data-end=\"1138\">Coordinaci\u00f3n con otras especialidades: drenaje, cimentaciones profundas, estructuras.<\/p><\/li><\/ul><h4 class=\"\" data-start=\"1140\" data-end=\"1169\"><strong data-start=\"1145\" data-end=\"1169\">Aplicaciones comunes<\/strong><\/h4><ul data-start=\"1170\" data-end=\"1403\"><li class=\"\" data-start=\"1170\" data-end=\"1243\"><p class=\"\" data-start=\"1172\" data-end=\"1243\">Construcci\u00f3n de s\u00f3tanos para edificaciones residenciales y comerciales.<\/p><\/li><li class=\"\" data-start=\"1244\" data-end=\"1276\"><p class=\"\" data-start=\"1246\" data-end=\"1276\">Estacionamientos subterr\u00e1neos.<\/p><\/li><li class=\"\" data-start=\"1277\" data-end=\"1334\"><p class=\"\" data-start=\"1279\" data-end=\"1334\">Proyectos de contenci\u00f3n en laderas o cortes verticales.<\/p><\/li><li class=\"\" data-start=\"1335\" data-end=\"1403\"><p class=\"\" data-start=\"1337\" data-end=\"1403\">Obras en zonas con riesgo de deslizamientos o colapsos de terreno.<\/p><\/li><\/ul><h4 class=\"\" data-start=\"1405\" data-end=\"1457\"><strong data-start=\"1410\" data-end=\"1457\">Ventajas de trabajar con CEMAR CONSTRUCTORA<\/strong><\/h4><ul data-start=\"1458\" data-end=\"1807\"><li class=\"\" data-start=\"1458\" data-end=\"1517\"><p class=\"\" data-start=\"1460\" data-end=\"1517\"><strong data-start=\"1460\" data-end=\"1489\">Dise\u00f1o t\u00e9cnico optimizado<\/strong> y adaptado a cada proyecto.<\/p><\/li><li class=\"\" data-start=\"1518\" data-end=\"1590\"><p class=\"\" data-start=\"1520\" data-end=\"1590\">Ejecuci\u00f3n segura bajo estrictos est\u00e1ndares de <strong data-start=\"1566\" data-end=\"1589\">seguridad y calidad<\/strong>.<\/p><\/li><li class=\"\" data-start=\"1591\" data-end=\"1662\"><p class=\"\" data-start=\"1593\" data-end=\"1662\"><strong data-start=\"1593\" data-end=\"1621\">Minimizaci\u00f3n del impacto<\/strong> en edificaciones o estructuras cercanas.<\/p><\/li><li class=\"\" data-start=\"1663\" data-end=\"1741\"><p class=\"\" data-start=\"1665\" data-end=\"1741\"><strong data-start=\"1665\" data-end=\"1688\">Tecnolog\u00eda de punta<\/strong> para perforaci\u00f3n, instalaci\u00f3n y tensado de anclajes.<\/p><\/li><li class=\"\" data-start=\"1742\" data-end=\"1807\"><p class=\"\" data-start=\"1744\" data-end=\"1807\">Compromiso con el cumplimiento de plazos y normativas vigentes.<\/p><\/li><\/ul>\t\t\t\t\t\t\t\t<\/div>\n\t\t\t\t<\/div>\n\t\t\t\t\t<\/div>\n\t\t<\/div>\n\t\t\t\t\t<\/div>\n\t\t<\/section>\n\t\t\t\t<\/div>\n\t\t","protected":false},"excerpt":{"rendered":"<p>CEMAR CONSTRUCTORA CEMAR INMOBILIARIA CEMAR GERENCIA Y SUPERVISI\u00d3N BROCHURE DIGITAL DESCARGAR AQU\u00cd Excavaciones Profundas con Muros Anclados En CEMAR CONSTRUCTORA, desarrollamos soluciones de excavaciones profundas con muros anclados, ideales para obras de infraestructura urbana, edificaciones de varios niveles bajo tierra, y proyectos que requieren estabilidad de taludes o control de desplazamientos del terreno. Contamos con [&hellip;]<\/p>\n","protected":false},"author":1,"featured_media":0,"parent":0,"menu_order":0,"comment_status":"closed","ping_status":"closed","template":"elementor_header_footer","meta":{"_joinchat":[],"footnotes":""},"class_list":["post-85","page","type-page","status-publish","hentry"],"_links":{"self":[{"href":"https:\/\/cultrujillo.com\/cemar\/wp-json\/wp\/v2\/pages\/85","targetHints":{"allow":["GET"]}}],"collection":[{"href":"https:\/\/cultrujillo.com\/cemar\/wp-json\/wp\/v2\/pages"}],"about":[{"href":"https:\/\/cultrujillo.com\/cemar\/wp-json\/wp\/v2\/types\/page"}],"author":[{"embeddable":true,"href":"https:\/\/cultrujillo.com\/cemar\/wp-json\/wp\/v2\/users\/1"}],"replies":[{"embeddable":true,"href":"https:\/\/cultrujillo.com\/cemar\/wp-json\/wp\/v2\/comments?post=85"}],"version-history":[{"count":28,"href":"https:\/\/cultrujillo.com\/cemar\/wp-json\/wp\/v2\/pages\/85\/revisions"}],"predecessor-version":[{"id":424,"href":"https:\/\/cultrujillo.com\/cemar\/wp-json\/wp\/v2\/pages\/85\/revisions\/424"}],"wp:attachment":[{"href":"https:\/\/cultrujillo.com\/cemar\/wp-json\/wp\/v2\/media?parent=85"}],"curies":[{"name":"wp","href":"https:\/\/api.w.org\/{rel}","templated":true}]}}