{"id":76,"date":"2025-05-16T02:25:10","date_gmt":"2025-05-16T02:25:10","guid":{"rendered":"https:\/\/cultrujillo.com\/cemar\/?page_id=76"},"modified":"2025-05-22T17:49:01","modified_gmt":"2025-05-22T17:49:01","slug":"demoliciones-de-estructuras","status":"publish","type":"page","link":"https:\/\/cultrujillo.com\/cemar\/demoliciones-de-estructuras\/","title":{"rendered":"Demoliciones de estructuras"},"content":{"rendered":"\t\t<div data-elementor-type=\"wp-page\" data-elementor-id=\"76\" class=\"elementor elementor-76\" data-elementor-post-type=\"page\">\n\t\t\t\t\t\t<section class=\"elementor-section elementor-top-section elementor-element elementor-element-996df9e elementor-section-height-min-height elementor-section-boxed elementor-section-height-default elementor-section-items-middle\" data-id=\"996df9e\" data-element_type=\"section\" data-settings=\"{&quot;background_background&quot;:&quot;classic&quot;}\">\n\t\t\t\t\t\t\t<div class=\"elementor-background-overlay\"><\/div>\n\t\t\t\t\t\t\t<div class=\"elementor-container elementor-column-gap-default\">\n\t\t\t\t\t<div class=\"elementor-column elementor-col-100 elementor-top-column elementor-element elementor-element-fbb1f22\" data-id=\"fbb1f22\" data-element_type=\"column\">\n\t\t\t<div class=\"elementor-widget-wrap elementor-element-populated\">\n\t\t\t\t\t\t\t<\/div>\n\t\t<\/div>\n\t\t\t\t\t<\/div>\n\t\t<\/section>\n\t\t\t\t<section class=\"elementor-section elementor-top-section elementor-element elementor-element-b66f3e7 elementor-section-boxed elementor-section-height-default elementor-section-height-default\" data-id=\"b66f3e7\" data-element_type=\"section\">\n\t\t\t\t\t\t<div class=\"elementor-container elementor-column-gap-default\">\n\t\t\t\t\t<div class=\"elementor-column elementor-col-50 elementor-top-column elementor-element elementor-element-ce83c28\" data-id=\"ce83c28\" data-element_type=\"column\">\n\t\t\t<div class=\"elementor-widget-wrap elementor-element-populated\">\n\t\t\t\t\t\t<div class=\"elementor-element elementor-element-46d5ce3 elementor-widget elementor-widget-heading\" data-id=\"46d5ce3\" data-element_type=\"widget\" data-widget_type=\"heading.default\">\n\t\t\t\t<div class=\"elementor-widget-container\">\n\t\t\t\t\t<h2 class=\"elementor-heading-title elementor-size-default\">CEMAR CONSTRUCTORA<\/h2>\t\t\t\t<\/div>\n\t\t\t\t<\/div>\n\t\t\t\t<div class=\"elementor-element elementor-element-ba2bfa6 elementor-nav-menu--dropdown-none elementor-widget elementor-widget-nav-menu\" data-id=\"ba2bfa6\" data-element_type=\"widget\" data-settings=\"{&quot;layout&quot;:&quot;vertical&quot;,&quot;submenu_icon&quot;:{&quot;value&quot;:&quot;&lt;svg class=\\&quot;e-font-icon-svg e-fas-caret-down\\&quot; viewBox=\\&quot;0 0 320 512\\&quot; xmlns=\\&quot;http:\\\/\\\/www.w3.org\\\/2000\\\/svg\\&quot;&gt;&lt;path d=\\&quot;M31.3 192h257.3c17.8 0 26.7 21.5 14.1 34.1L174.1 354.8c-7.8 7.8-20.5 7.8-28.3 0L17.2 226.1C4.6 213.5 13.5 192 31.3 192z\\&quot;&gt;&lt;\\\/path&gt;&lt;\\\/svg&gt;&quot;,&quot;library&quot;:&quot;fa-solid&quot;}}\" data-widget_type=\"nav-menu.default\">\n\t\t\t\t<div class=\"elementor-widget-container\">\n\t\t\t\t\t\t\t\t<nav aria-label=\"Menu\" class=\"elementor-nav-menu--main elementor-nav-menu__container elementor-nav-menu--layout-vertical e--pointer-background e--animation-fade\">\n\t\t\t\t<ul id=\"menu-1-ba2bfa6\" class=\"elementor-nav-menu sm-vertical\"><li class=\"menu-item menu-item-type-post_type menu-item-object-page menu-item-57\"><a href=\"https:\/\/cultrujillo.com\/cemar\/construccion-de-obras-civiles\/\" class=\"elementor-item\">Construcci\u00f3n de obras Civiles<\/a><\/li>\n<li class=\"menu-item menu-item-type-post_type menu-item-object-page menu-item-84\"><a href=\"https:\/\/cultrujillo.com\/cemar\/demoliciones-de-estructuras\/\" class=\"elementor-item\">Demoliciones de estructuras<\/a><\/li>\n<li class=\"menu-item menu-item-type-post_type menu-item-object-page menu-item-144\"><a href=\"https:\/\/cultrujillo.com\/cemar\/obras-de-arquitectura\/\" class=\"elementor-item\">Obras de arquitectura<\/a><\/li>\n<li class=\"menu-item menu-item-type-post_type menu-item-object-page menu-item-145\"><a href=\"https:\/\/cultrujillo.com\/cemar\/construccion-de-edificaciones-completas\/\" class=\"elementor-item\">Construcci\u00f3n de edificaciones completas<\/a><\/li>\n<li class=\"menu-item menu-item-type-post_type menu-item-object-page menu-item-146\"><a href=\"https:\/\/cultrujillo.com\/cemar\/excavaciones-profundas-con-muros-anclados\/\" class=\"elementor-item\">Excavaciones profundas con muros anclados<\/a><\/li>\n<\/ul>\t\t\t<\/nav>\n\t\t\t\t\t\t<nav class=\"elementor-nav-menu--dropdown elementor-nav-menu__container\" aria-hidden=\"true\">\n\t\t\t\t<ul id=\"menu-2-ba2bfa6\" class=\"elementor-nav-menu sm-vertical\"><li class=\"menu-item menu-item-type-post_type menu-item-object-page menu-item-57\"><a href=\"https:\/\/cultrujillo.com\/cemar\/construccion-de-obras-civiles\/\" class=\"elementor-item\" tabindex=\"-1\">Construcci\u00f3n de obras Civiles<\/a><\/li>\n<li class=\"menu-item menu-item-type-post_type menu-item-object-page menu-item-84\"><a href=\"https:\/\/cultrujillo.com\/cemar\/demoliciones-de-estructuras\/\" class=\"elementor-item\" tabindex=\"-1\">Demoliciones de estructuras<\/a><\/li>\n<li class=\"menu-item menu-item-type-post_type menu-item-object-page menu-item-144\"><a href=\"https:\/\/cultrujillo.com\/cemar\/obras-de-arquitectura\/\" class=\"elementor-item\" tabindex=\"-1\">Obras de arquitectura<\/a><\/li>\n<li class=\"menu-item menu-item-type-post_type menu-item-object-page menu-item-145\"><a href=\"https:\/\/cultrujillo.com\/cemar\/construccion-de-edificaciones-completas\/\" class=\"elementor-item\" tabindex=\"-1\">Construcci\u00f3n de edificaciones completas<\/a><\/li>\n<li class=\"menu-item menu-item-type-post_type menu-item-object-page menu-item-146\"><a href=\"https:\/\/cultrujillo.com\/cemar\/excavaciones-profundas-con-muros-anclados\/\" class=\"elementor-item\" tabindex=\"-1\">Excavaciones profundas con muros anclados<\/a><\/li>\n<\/ul>\t\t\t<\/nav>\n\t\t\t\t\t\t<\/div>\n\t\t\t\t<\/div>\n\t\t\t\t<div class=\"elementor-element elementor-element-5f27f54 elementor-widget elementor-widget-heading\" data-id=\"5f27f54\" data-element_type=\"widget\" data-widget_type=\"heading.default\">\n\t\t\t\t<div class=\"elementor-widget-container\">\n\t\t\t\t\t<h2 class=\"elementor-heading-title elementor-size-default\">CEMAR INMOBILIARIA<\/h2>\t\t\t\t<\/div>\n\t\t\t\t<\/div>\n\t\t\t\t<div class=\"elementor-element elementor-element-ecd9a21 elementor-nav-menu--dropdown-none elementor-widget elementor-widget-nav-menu\" data-id=\"ecd9a21\" data-element_type=\"widget\" data-settings=\"{&quot;layout&quot;:&quot;vertical&quot;,&quot;submenu_icon&quot;:{&quot;value&quot;:&quot;&lt;svg class=\\&quot;e-font-icon-svg e-fas-caret-down\\&quot; viewBox=\\&quot;0 0 320 512\\&quot; xmlns=\\&quot;http:\\\/\\\/www.w3.org\\\/2000\\\/svg\\&quot;&gt;&lt;path d=\\&quot;M31.3 192h257.3c17.8 0 26.7 21.5 14.1 34.1L174.1 354.8c-7.8 7.8-20.5 7.8-28.3 0L17.2 226.1C4.6 213.5 13.5 192 31.3 192z\\&quot;&gt;&lt;\\\/path&gt;&lt;\\\/svg&gt;&quot;,&quot;library&quot;:&quot;fa-solid&quot;}}\" data-widget_type=\"nav-menu.default\">\n\t\t\t\t<div class=\"elementor-widget-container\">\n\t\t\t\t\t\t\t\t<nav aria-label=\"Menu\" class=\"elementor-nav-menu--main elementor-nav-menu__container elementor-nav-menu--layout-vertical e--pointer-background e--animation-fade\">\n\t\t\t\t<ul id=\"menu-1-ecd9a21\" class=\"elementor-nav-menu sm-vertical\"><li class=\"menu-item menu-item-type-post_type menu-item-object-page menu-item-361\"><a href=\"https:\/\/cultrujillo.com\/cemar\/proyectos-de-obras-civiles\/\" class=\"elementor-item\">Proyectos de Obras Civiles<\/a><\/li>\n<li class=\"menu-item menu-item-type-post_type menu-item-object-page menu-item-397\"><a href=\"https:\/\/cultrujillo.com\/cemar\/proyectos-de-obras-de-edificaciones\/\" class=\"elementor-item\">Proyectos de obras de edificaciones<\/a><\/li>\n<\/ul>\t\t\t<\/nav>\n\t\t\t\t\t\t<nav class=\"elementor-nav-menu--dropdown elementor-nav-menu__container\" aria-hidden=\"true\">\n\t\t\t\t<ul id=\"menu-2-ecd9a21\" class=\"elementor-nav-menu sm-vertical\"><li class=\"menu-item menu-item-type-post_type menu-item-object-page menu-item-361\"><a href=\"https:\/\/cultrujillo.com\/cemar\/proyectos-de-obras-civiles\/\" class=\"elementor-item\" tabindex=\"-1\">Proyectos de Obras Civiles<\/a><\/li>\n<li class=\"menu-item menu-item-type-post_type menu-item-object-page menu-item-397\"><a href=\"https:\/\/cultrujillo.com\/cemar\/proyectos-de-obras-de-edificaciones\/\" class=\"elementor-item\" tabindex=\"-1\">Proyectos de obras de edificaciones<\/a><\/li>\n<\/ul>\t\t\t<\/nav>\n\t\t\t\t\t\t<\/div>\n\t\t\t\t<\/div>\n\t\t\t\t<div class=\"elementor-element elementor-element-ab7a3e3 elementor-widget elementor-widget-heading\" data-id=\"ab7a3e3\" data-element_type=\"widget\" data-widget_type=\"heading.default\">\n\t\t\t\t<div class=\"elementor-widget-container\">\n\t\t\t\t\t<h2 class=\"elementor-heading-title elementor-size-default\">CEMAR GERENCIA Y SUPERVISI\u00d3N<\/h2>\t\t\t\t<\/div>\n\t\t\t\t<\/div>\n\t\t\t\t<div class=\"elementor-element elementor-element-fc2f617 elementor-nav-menu--dropdown-none elementor-widget elementor-widget-nav-menu\" data-id=\"fc2f617\" data-element_type=\"widget\" data-settings=\"{&quot;layout&quot;:&quot;vertical&quot;,&quot;submenu_icon&quot;:{&quot;value&quot;:&quot;&lt;svg class=\\&quot;e-font-icon-svg e-fas-caret-down\\&quot; viewBox=\\&quot;0 0 320 512\\&quot; xmlns=\\&quot;http:\\\/\\\/www.w3.org\\\/2000\\\/svg\\&quot;&gt;&lt;path d=\\&quot;M31.3 192h257.3c17.8 0 26.7 21.5 14.1 34.1L174.1 354.8c-7.8 7.8-20.5 7.8-28.3 0L17.2 226.1C4.6 213.5 13.5 192 31.3 192z\\&quot;&gt;&lt;\\\/path&gt;&lt;\\\/svg&gt;&quot;,&quot;library&quot;:&quot;fa-solid&quot;}}\" data-widget_type=\"nav-menu.default\">\n\t\t\t\t<div class=\"elementor-widget-container\">\n\t\t\t\t\t\t\t\t<nav aria-label=\"Menu\" class=\"elementor-nav-menu--main elementor-nav-menu__container elementor-nav-menu--layout-vertical e--pointer-background e--animation-fade\">\n\t\t\t\t<ul id=\"menu-1-fc2f617\" class=\"elementor-nav-menu sm-vertical\"><li class=\"menu-item menu-item-type-post_type menu-item-object-page menu-item-410\"><a href=\"https:\/\/cultrujillo.com\/cemar\/desarrollo-del-proyecto\/\" class=\"elementor-item\">Desarrollo del proyecto<\/a><\/li>\n<\/ul>\t\t\t<\/nav>\n\t\t\t\t\t\t<nav class=\"elementor-nav-menu--dropdown elementor-nav-menu__container\" aria-hidden=\"true\">\n\t\t\t\t<ul id=\"menu-2-fc2f617\" class=\"elementor-nav-menu sm-vertical\"><li class=\"menu-item menu-item-type-post_type menu-item-object-page menu-item-410\"><a href=\"https:\/\/cultrujillo.com\/cemar\/desarrollo-del-proyecto\/\" class=\"elementor-item\" tabindex=\"-1\">Desarrollo del proyecto<\/a><\/li>\n<\/ul>\t\t\t<\/nav>\n\t\t\t\t\t\t<\/div>\n\t\t\t\t<\/div>\n\t\t\t\t<div class=\"elementor-element elementor-element-5a34021 elementor-widget elementor-widget-spacer\" data-id=\"5a34021\" data-element_type=\"widget\" data-widget_type=\"spacer.default\">\n\t\t\t\t<div class=\"elementor-widget-container\">\n\t\t\t\t\t\t\t<div class=\"elementor-spacer\">\n\t\t\t<div class=\"elementor-spacer-inner\"><\/div>\n\t\t<\/div>\n\t\t\t\t\t\t<\/div>\n\t\t\t\t<\/div>\n\t\t\t\t<section class=\"elementor-section elementor-inner-section elementor-element elementor-element-56f185e elementor-section-boxed elementor-section-height-default elementor-section-height-default\" data-id=\"56f185e\" data-element_type=\"section\" data-settings=\"{&quot;background_background&quot;:&quot;classic&quot;}\">\n\t\t\t\t\t\t<div class=\"elementor-container elementor-column-gap-default\">\n\t\t\t\t\t<div class=\"elementor-column elementor-col-100 elementor-inner-column elementor-element elementor-element-b6b5917\" data-id=\"b6b5917\" data-element_type=\"column\">\n\t\t\t<div class=\"elementor-widget-wrap elementor-element-populated\">\n\t\t\t\t\t\t<div class=\"elementor-element elementor-element-58db157 elementor-position-left elementor-vertical-align-middle elementor-view-default elementor-mobile-position-top elementor-widget elementor-widget-icon-box\" data-id=\"58db157\" data-element_type=\"widget\" data-widget_type=\"icon-box.default\">\n\t\t\t\t<div class=\"elementor-widget-container\">\n\t\t\t\t\t\t\t<div class=\"elementor-icon-box-wrapper\">\n\n\t\t\t\t\t\t<div class=\"elementor-icon-box-icon\">\n\t\t\t\t<a href=\"https:\/\/cultrujillo.com\/cemar\/wp-content\/uploads\/2025\/05\/CEMAR_VERSION-MOVIL.pdf\" class=\"elementor-icon\" tabindex=\"-1\" aria-label=\"BROCHURE DIGITAL\">\n\t\t\t\t<svg aria-hidden=\"true\" class=\"e-font-icon-svg e-fas-file-pdf\" viewBox=\"0 0 384 512\" xmlns=\"http:\/\/www.w3.org\/2000\/svg\"><path d=\"M181.9 256.1c-5-16-4.9-46.9-2-46.9 8.4 0 7.6 36.9 2 46.9zm-1.7 47.2c-7.7 20.2-17.3 43.3-28.4 62.7 18.3-7 39-17.2 62.9-21.9-12.7-9.6-24.9-23.4-34.5-40.8zM86.1 428.1c0 .8 13.2-5.4 34.9-40.2-6.7 6.3-29.1 24.5-34.9 40.2zM248 160h136v328c0 13.3-10.7 24-24 24H24c-13.3 0-24-10.7-24-24V24C0 10.7 10.7 0 24 0h200v136c0 13.2 10.8 24 24 24zm-8 171.8c-20-12.2-33.3-29-42.7-53.8 4.5-18.5 11.6-46.6 6.2-64.2-4.7-29.4-42.4-26.5-47.8-6.8-5 18.3-.4 44.1 8.1 77-11.6 27.6-28.7 64.6-40.8 85.8-.1 0-.1.1-.2.1-27.1 13.9-73.6 44.5-54.5 68 5.6 6.9 16 10 21.5 10 17.9 0 35.7-18 61.1-61.8 25.8-8.5 54.1-19.1 79-23.2 21.7 11.8 47.1 19.5 64 19.5 29.2 0 31.2-32 19.7-43.4-13.9-13.6-54.3-9.7-73.6-7.2zM377 105L279 7c-4.5-4.5-10.6-7-17-7h-6v128h128v-6.1c0-6.3-2.5-12.4-7-16.9zm-74.1 255.3c4.1-2.7-2.5-11.9-42.8-9 37.1 15.8 42.8 9 42.8 9z\"><\/path><\/svg>\t\t\t\t<\/a>\n\t\t\t<\/div>\n\t\t\t\n\t\t\t\t\t\t<div class=\"elementor-icon-box-content\">\n\n\t\t\t\t\t\t\t\t\t<h5 class=\"elementor-icon-box-title\">\n\t\t\t\t\t\t<a href=\"https:\/\/cultrujillo.com\/cemar\/wp-content\/uploads\/2025\/05\/CEMAR_VERSION-MOVIL.pdf\" >\n\t\t\t\t\t\t\tBROCHURE DIGITAL\t\t\t\t\t\t<\/a>\n\t\t\t\t\t<\/h5>\n\t\t\t\t\n\t\t\t\t\t\t\t\t\t<p class=\"elementor-icon-box-description\">\n\t\t\t\t\t\tDESCARGAR AQU\u00cd\t\t\t\t\t<\/p>\n\t\t\t\t\n\t\t\t<\/div>\n\t\t\t\n\t\t<\/div>\n\t\t\t\t\t\t<\/div>\n\t\t\t\t<\/div>\n\t\t\t\t\t<\/div>\n\t\t<\/div>\n\t\t\t\t\t<\/div>\n\t\t<\/section>\n\t\t\t\t<div class=\"elementor-element elementor-element-3088b9b elementor-widget elementor-widget-spacer\" data-id=\"3088b9b\" data-element_type=\"widget\" data-widget_type=\"spacer.default\">\n\t\t\t\t<div class=\"elementor-widget-container\">\n\t\t\t\t\t\t\t<div class=\"elementor-spacer\">\n\t\t\t<div class=\"elementor-spacer-inner\"><\/div>\n\t\t<\/div>\n\t\t\t\t\t\t<\/div>\n\t\t\t\t<\/div>\n\t\t\t\t<div class=\"elementor-element elementor-element-1de00ee elementor-widget elementor-widget-spacer\" data-id=\"1de00ee\" data-element_type=\"widget\" data-widget_type=\"spacer.default\">\n\t\t\t\t<div class=\"elementor-widget-container\">\n\t\t\t\t\t\t\t<div class=\"elementor-spacer\">\n\t\t\t<div class=\"elementor-spacer-inner\"><\/div>\n\t\t<\/div>\n\t\t\t\t\t\t<\/div>\n\t\t\t\t<\/div>\n\t\t\t\t\t<\/div>\n\t\t<\/div>\n\t\t\t\t<div class=\"elementor-column elementor-col-50 elementor-top-column elementor-element elementor-element-eddd76b\" data-id=\"eddd76b\" data-element_type=\"column\">\n\t\t\t<div class=\"elementor-widget-wrap elementor-element-populated\">\n\t\t\t\t\t\t<div class=\"elementor-element elementor-element-a5a5a04 elementor-invisible elementor-widget elementor-widget-image\" data-id=\"a5a5a04\" data-element_type=\"widget\" data-settings=\"{&quot;_animation&quot;:&quot;fadeInDown&quot;}\" data-widget_type=\"image.default\">\n\t\t\t\t<div class=\"elementor-widget-container\">\n\t\t\t\t\t\t\t\t\t\t\t\t\t\t\t<img fetchpriority=\"high\" decoding=\"async\" width=\"1600\" height=\"1200\" src=\"https:\/\/cultrujillo.com\/cemar\/wp-content\/uploads\/2025\/05\/WhatsApp-Image-2025-05-22-at-12.42.06.jpeg\" class=\"attachment-full size-full wp-image-440\" alt=\"\" srcset=\"https:\/\/cultrujillo.com\/cemar\/wp-content\/uploads\/2025\/05\/WhatsApp-Image-2025-05-22-at-12.42.06.jpeg 1600w, https:\/\/cultrujillo.com\/cemar\/wp-content\/uploads\/2025\/05\/WhatsApp-Image-2025-05-22-at-12.42.06-300x225.jpeg 300w, https:\/\/cultrujillo.com\/cemar\/wp-content\/uploads\/2025\/05\/WhatsApp-Image-2025-05-22-at-12.42.06-1024x768.jpeg 1024w, https:\/\/cultrujillo.com\/cemar\/wp-content\/uploads\/2025\/05\/WhatsApp-Image-2025-05-22-at-12.42.06-768x576.jpeg 768w, https:\/\/cultrujillo.com\/cemar\/wp-content\/uploads\/2025\/05\/WhatsApp-Image-2025-05-22-at-12.42.06-1536x1152.jpeg 1536w\" sizes=\"(max-width: 1600px) 100vw, 1600px\" \/>\t\t\t\t\t\t\t\t\t\t\t\t\t\t\t<\/div>\n\t\t\t\t<\/div>\n\t\t\t\t<div class=\"elementor-element elementor-element-c72df31 elementor-widget__width-auto elementor-widget-divider--view-line elementor-widget elementor-widget-divider\" data-id=\"c72df31\" data-element_type=\"widget\" data-widget_type=\"divider.default\">\n\t\t\t\t<div class=\"elementor-widget-container\">\n\t\t\t\t\t\t\t<div class=\"elementor-divider\">\n\t\t\t<span class=\"elementor-divider-separator\">\n\t\t\t\t\t\t<\/span>\n\t\t<\/div>\n\t\t\t\t\t\t<\/div>\n\t\t\t\t<\/div>\n\t\t\t\t<div class=\"elementor-element elementor-element-15d180e elementor-invisible elementor-widget elementor-widget-heading\" data-id=\"15d180e\" data-element_type=\"widget\" data-settings=\"{&quot;_animation&quot;:&quot;fadeInLeft&quot;}\" data-widget_type=\"heading.default\">\n\t\t\t\t<div class=\"elementor-widget-container\">\n\t\t\t\t\t<h3 class=\"elementor-heading-title elementor-size-default\">Demoliciones de Estructuras<\/h3>\t\t\t\t<\/div>\n\t\t\t\t<\/div>\n\t\t\t\t<div class=\"elementor-element elementor-element-69f5ab7 elementor-invisible elementor-widget elementor-widget-text-editor\" data-id=\"69f5ab7\" data-element_type=\"widget\" data-settings=\"{&quot;_animation&quot;:&quot;fadeInRight&quot;,&quot;_animation_delay&quot;:250}\" data-widget_type=\"text-editor.default\">\n\t\t\t\t<div class=\"elementor-widget-container\">\n\t\t\t\t\t\t\t\t\t<p class=\"\" data-start=\"279\" data-end=\"639\">En <strong data-start=\"282\" data-end=\"304\">CEMAR CONSTRUCTORA<\/strong>, ofrecemos el servicio especializado de <strong data-start=\"345\" data-end=\"374\">demolici\u00f3n de estructuras<\/strong>, ejecutado con estrictos protocolos de seguridad, planificaci\u00f3n t\u00e9cnica y uso de maquinaria adecuada. Nuestra experiencia nos permite abordar proyectos de demolici\u00f3n total o parcial con eficacia, minimizando riesgos y garantizando una correcta gesti\u00f3n de residuos.<\/p><h4 class=\"\" data-start=\"641\" data-end=\"688\"><strong data-start=\"646\" data-end=\"688\">\u00bfQu\u00e9 tipos de demoliciones realizamos?<\/strong><\/h4><ul data-start=\"689\" data-end=\"1068\"><li class=\"\" data-start=\"689\" data-end=\"729\"><p class=\"\" data-start=\"691\" data-end=\"729\"><strong data-start=\"691\" data-end=\"729\">Demoliciones manuales y mec\u00e1nicas.<\/strong><\/p><\/li><li class=\"\" data-start=\"730\" data-end=\"833\"><p class=\"\" data-start=\"732\" data-end=\"833\"><strong data-start=\"732\" data-end=\"764\">Demolici\u00f3n total o selectiva<\/strong> de edificaciones (casas, almacenes, estructuras industriales, etc.).<\/p><\/li><li class=\"\" data-start=\"834\" data-end=\"941\"><p class=\"\" data-start=\"836\" data-end=\"941\"><strong data-start=\"836\" data-end=\"889\">Demolici\u00f3n de elementos estructurales espec\u00edficos<\/strong>, como muros de carga, losas, columnas, techos, etc.<\/p><\/li><li class=\"\" data-start=\"942\" data-end=\"1009\"><p class=\"\" data-start=\"944\" data-end=\"1009\"><strong data-start=\"944\" data-end=\"970\">Preparaci\u00f3n de terreno<\/strong> para nuevos proyectos de construcci\u00f3n.<\/p><\/li><li class=\"\" data-start=\"1010\" data-end=\"1068\"><p class=\"\" data-start=\"1012\" data-end=\"1068\"><strong data-start=\"1012\" data-end=\"1051\">Desmontaje de estructuras met\u00e1licas<\/strong> o prefabricadas.<\/p><\/li><\/ul><h4 class=\"\" data-start=\"1070\" data-end=\"1094\"><strong data-start=\"1075\" data-end=\"1094\">Nuestro enfoque<\/strong><\/h4><ul data-start=\"1095\" data-end=\"1449\"><li class=\"\" data-start=\"1095\" data-end=\"1148\"><p class=\"\" data-start=\"1097\" data-end=\"1148\">Evaluaci\u00f3n t\u00e9cnica y estructural previa al trabajo.<\/p><\/li><li class=\"\" data-start=\"1149\" data-end=\"1205\"><p class=\"\" data-start=\"1151\" data-end=\"1205\">Planificaci\u00f3n detallada de cada fase de la demolici\u00f3n.<\/p><\/li><li class=\"\" data-start=\"1206\" data-end=\"1298\"><p class=\"\" data-start=\"1208\" data-end=\"1298\">Uso de maquinaria moderna: retroexcavadoras, martillos hidr\u00e1ulicos, cizallas, entre otros.<\/p><\/li><li class=\"\" data-start=\"1299\" data-end=\"1380\"><p class=\"\" data-start=\"1301\" data-end=\"1380\">Gesti\u00f3n responsable de escombros y residuos, cumpliendo normativas ambientales.<\/p><\/li><li class=\"\" data-start=\"1381\" data-end=\"1449\"><p class=\"\" data-start=\"1383\" data-end=\"1449\">Protocolos de <strong data-start=\"1397\" data-end=\"1448\">seguridad ocupacional y se\u00f1alizaci\u00f3n preventiva<\/strong>.<\/p><\/li><\/ul><h4 class=\"\" data-start=\"1451\" data-end=\"1497\"><strong data-start=\"1456\" data-end=\"1497\">\u00bfPor qu\u00e9 elegir a CEMAR CONSTRUCTORA?<\/strong><\/h4><ul data-start=\"1498\" data-end=\"1731\"><li class=\"\" data-start=\"1498\" data-end=\"1564\"><p class=\"\" data-start=\"1500\" data-end=\"1564\">Personal altamente capacitado y con experiencia en demoliciones.<\/p><\/li><li class=\"\" data-start=\"1565\" data-end=\"1619\"><p class=\"\" data-start=\"1567\" data-end=\"1619\">Estricto control de riesgos y medidas de mitigaci\u00f3n.<\/p><\/li><li class=\"\" data-start=\"1620\" data-end=\"1667\"><p class=\"\" data-start=\"1622\" data-end=\"1667\">Cumplimiento de normas legales y municipales.<\/p><\/li><li class=\"\" data-start=\"1668\" data-end=\"1731\"><p class=\"\" data-start=\"1670\" data-end=\"1731\">Entrega de \u00e1reas limpias y listas para nuevas construcciones.<\/p><\/li><\/ul>\t\t\t\t\t\t\t\t<\/div>\n\t\t\t\t<\/div>\n\t\t\t\t\t<\/div>\n\t\t<\/div>\n\t\t\t\t\t<\/div>\n\t\t<\/section>\n\t\t\t\t<\/div>\n\t\t","protected":false},"excerpt":{"rendered":"<p>CEMAR CONSTRUCTORA CEMAR INMOBILIARIA CEMAR GERENCIA Y SUPERVISI\u00d3N BROCHURE DIGITAL DESCARGAR AQU\u00cd Demoliciones de Estructuras En CEMAR CONSTRUCTORA, ofrecemos el servicio especializado de demolici\u00f3n de estructuras, ejecutado con estrictos protocolos de seguridad, planificaci\u00f3n t\u00e9cnica y uso de maquinaria adecuada. Nuestra experiencia nos permite abordar proyectos de demolici\u00f3n total o parcial con eficacia, minimizando riesgos y [&hellip;]<\/p>\n","protected":false},"author":1,"featured_media":0,"parent":0,"menu_order":0,"comment_status":"closed","ping_status":"closed","template":"elementor_header_footer","meta":{"_joinchat":[],"footnotes":""},"class_list":["post-76","page","type-page","status-publish","hentry"],"_links":{"self":[{"href":"https:\/\/cultrujillo.com\/cemar\/wp-json\/wp\/v2\/pages\/76","targetHints":{"allow":["GET"]}}],"collection":[{"href":"https:\/\/cultrujillo.com\/cemar\/wp-json\/wp\/v2\/pages"}],"about":[{"href":"https:\/\/cultrujillo.com\/cemar\/wp-json\/wp\/v2\/types\/page"}],"author":[{"embeddable":true,"href":"https:\/\/cultrujillo.com\/cemar\/wp-json\/wp\/v2\/users\/1"}],"replies":[{"embeddable":true,"href":"https:\/\/cultrujillo.com\/cemar\/wp-json\/wp\/v2\/comments?post=76"}],"version-history":[{"count":31,"href":"https:\/\/cultrujillo.com\/cemar\/wp-json\/wp\/v2\/pages\/76\/revisions"}],"predecessor-version":[{"id":443,"href":"https:\/\/cultrujillo.com\/cemar\/wp-json\/wp\/v2\/pages\/76\/revisions\/443"}],"wp:attachment":[{"href":"https:\/\/cultrujillo.com\/cemar\/wp-json\/wp\/v2\/media?parent=76"}],"curies":[{"name":"wp","href":"https:\/\/api.w.org\/{rel}","templated":true}]}}