{"id":51,"date":"2025-05-16T02:13:54","date_gmt":"2025-05-16T02:13:54","guid":{"rendered":"https:\/\/cultrujillo.com\/cemar\/?page_id=51"},"modified":"2025-05-22T15:24:49","modified_gmt":"2025-05-22T15:24:49","slug":"construccion-de-obras-civiles","status":"publish","type":"page","link":"https:\/\/cultrujillo.com\/cemar\/construccion-de-obras-civiles\/","title":{"rendered":"Construcci\u00f3n de obras Civiles"},"content":{"rendered":"\t\t<div data-elementor-type=\"wp-page\" data-elementor-id=\"51\" class=\"elementor elementor-51\" data-elementor-post-type=\"page\">\n\t\t\t\t\t\t<section class=\"elementor-section elementor-top-section elementor-element elementor-element-82ce3d5 elementor-section-height-min-height elementor-section-boxed elementor-section-height-default elementor-section-items-middle\" data-id=\"82ce3d5\" data-element_type=\"section\" data-settings=\"{&quot;background_background&quot;:&quot;classic&quot;}\">\n\t\t\t\t\t\t\t<div class=\"elementor-background-overlay\"><\/div>\n\t\t\t\t\t\t\t<div class=\"elementor-container elementor-column-gap-default\">\n\t\t\t\t\t<div class=\"elementor-column elementor-col-100 elementor-top-column elementor-element elementor-element-50a5b68\" data-id=\"50a5b68\" data-element_type=\"column\">\n\t\t\t<div class=\"elementor-widget-wrap elementor-element-populated\">\n\t\t\t\t\t\t\t<\/div>\n\t\t<\/div>\n\t\t\t\t\t<\/div>\n\t\t<\/section>\n\t\t\t\t<section class=\"elementor-section elementor-top-section elementor-element elementor-element-623c0eee elementor-section-boxed elementor-section-height-default elementor-section-height-default\" data-id=\"623c0eee\" data-element_type=\"section\">\n\t\t\t\t\t\t<div class=\"elementor-container elementor-column-gap-default\">\n\t\t\t\t\t<div class=\"elementor-column elementor-col-50 elementor-top-column elementor-element elementor-element-0d3ec8c\" data-id=\"0d3ec8c\" data-element_type=\"column\">\n\t\t\t<div class=\"elementor-widget-wrap elementor-element-populated\">\n\t\t\t\t\t\t<div class=\"elementor-element elementor-element-8210662 elementor-widget elementor-widget-heading\" data-id=\"8210662\" data-element_type=\"widget\" data-widget_type=\"heading.default\">\n\t\t\t\t<div class=\"elementor-widget-container\">\n\t\t\t\t\t<h2 class=\"elementor-heading-title elementor-size-default\">CEMAR CONSTRUCTORA<\/h2>\t\t\t\t<\/div>\n\t\t\t\t<\/div>\n\t\t\t\t<div class=\"elementor-element elementor-element-17a8113 elementor-nav-menu--dropdown-none elementor-widget elementor-widget-nav-menu\" data-id=\"17a8113\" data-element_type=\"widget\" data-settings=\"{&quot;layout&quot;:&quot;vertical&quot;,&quot;submenu_icon&quot;:{&quot;value&quot;:&quot;&lt;svg class=\\&quot;e-font-icon-svg e-fas-caret-down\\&quot; viewBox=\\&quot;0 0 320 512\\&quot; xmlns=\\&quot;http:\\\/\\\/www.w3.org\\\/2000\\\/svg\\&quot;&gt;&lt;path d=\\&quot;M31.3 192h257.3c17.8 0 26.7 21.5 14.1 34.1L174.1 354.8c-7.8 7.8-20.5 7.8-28.3 0L17.2 226.1C4.6 213.5 13.5 192 31.3 192z\\&quot;&gt;&lt;\\\/path&gt;&lt;\\\/svg&gt;&quot;,&quot;library&quot;:&quot;fa-solid&quot;}}\" data-widget_type=\"nav-menu.default\">\n\t\t\t\t<div class=\"elementor-widget-container\">\n\t\t\t\t\t\t\t\t<nav aria-label=\"Menu\" class=\"elementor-nav-menu--main elementor-nav-menu__container elementor-nav-menu--layout-vertical e--pointer-background e--animation-fade\">\n\t\t\t\t<ul id=\"menu-1-17a8113\" class=\"elementor-nav-menu sm-vertical\"><li class=\"menu-item menu-item-type-post_type menu-item-object-page menu-item-57\"><a href=\"https:\/\/cultrujillo.com\/cemar\/construccion-de-obras-civiles\/\" class=\"elementor-item\">Construcci\u00f3n de obras Civiles<\/a><\/li>\n<li class=\"menu-item menu-item-type-post_type menu-item-object-page menu-item-84\"><a href=\"https:\/\/cultrujillo.com\/cemar\/demoliciones-de-estructuras\/\" class=\"elementor-item\">Demoliciones de estructuras<\/a><\/li>\n<li class=\"menu-item menu-item-type-post_type menu-item-object-page menu-item-144\"><a href=\"https:\/\/cultrujillo.com\/cemar\/obras-de-arquitectura\/\" class=\"elementor-item\">Obras de arquitectura<\/a><\/li>\n<li class=\"menu-item menu-item-type-post_type menu-item-object-page menu-item-145\"><a href=\"https:\/\/cultrujillo.com\/cemar\/construccion-de-edificaciones-completas\/\" class=\"elementor-item\">Construcci\u00f3n de edificaciones completas<\/a><\/li>\n<li class=\"menu-item menu-item-type-post_type menu-item-object-page menu-item-146\"><a href=\"https:\/\/cultrujillo.com\/cemar\/excavaciones-profundas-con-muros-anclados\/\" class=\"elementor-item\">Excavaciones profundas con muros anclados<\/a><\/li>\n<\/ul>\t\t\t<\/nav>\n\t\t\t\t\t\t<nav class=\"elementor-nav-menu--dropdown elementor-nav-menu__container\" aria-hidden=\"true\">\n\t\t\t\t<ul id=\"menu-2-17a8113\" class=\"elementor-nav-menu sm-vertical\"><li class=\"menu-item menu-item-type-post_type menu-item-object-page menu-item-57\"><a href=\"https:\/\/cultrujillo.com\/cemar\/construccion-de-obras-civiles\/\" class=\"elementor-item\" tabindex=\"-1\">Construcci\u00f3n de obras Civiles<\/a><\/li>\n<li class=\"menu-item menu-item-type-post_type menu-item-object-page menu-item-84\"><a href=\"https:\/\/cultrujillo.com\/cemar\/demoliciones-de-estructuras\/\" class=\"elementor-item\" tabindex=\"-1\">Demoliciones de estructuras<\/a><\/li>\n<li class=\"menu-item menu-item-type-post_type menu-item-object-page menu-item-144\"><a href=\"https:\/\/cultrujillo.com\/cemar\/obras-de-arquitectura\/\" class=\"elementor-item\" tabindex=\"-1\">Obras de arquitectura<\/a><\/li>\n<li class=\"menu-item menu-item-type-post_type menu-item-object-page menu-item-145\"><a href=\"https:\/\/cultrujillo.com\/cemar\/construccion-de-edificaciones-completas\/\" class=\"elementor-item\" tabindex=\"-1\">Construcci\u00f3n de edificaciones completas<\/a><\/li>\n<li class=\"menu-item menu-item-type-post_type menu-item-object-page menu-item-146\"><a href=\"https:\/\/cultrujillo.com\/cemar\/excavaciones-profundas-con-muros-anclados\/\" class=\"elementor-item\" tabindex=\"-1\">Excavaciones profundas con muros anclados<\/a><\/li>\n<\/ul>\t\t\t<\/nav>\n\t\t\t\t\t\t<\/div>\n\t\t\t\t<\/div>\n\t\t\t\t<div class=\"elementor-element elementor-element-97e2a40 elementor-widget elementor-widget-heading\" data-id=\"97e2a40\" data-element_type=\"widget\" data-widget_type=\"heading.default\">\n\t\t\t\t<div class=\"elementor-widget-container\">\n\t\t\t\t\t<h2 class=\"elementor-heading-title elementor-size-default\">CEMAR INMOBILIARIA<\/h2>\t\t\t\t<\/div>\n\t\t\t\t<\/div>\n\t\t\t\t<div class=\"elementor-element elementor-element-2fd2cd5 elementor-nav-menu--dropdown-none elementor-widget elementor-widget-nav-menu\" data-id=\"2fd2cd5\" data-element_type=\"widget\" data-settings=\"{&quot;layout&quot;:&quot;vertical&quot;,&quot;submenu_icon&quot;:{&quot;value&quot;:&quot;&lt;svg class=\\&quot;e-font-icon-svg e-fas-caret-down\\&quot; viewBox=\\&quot;0 0 320 512\\&quot; xmlns=\\&quot;http:\\\/\\\/www.w3.org\\\/2000\\\/svg\\&quot;&gt;&lt;path d=\\&quot;M31.3 192h257.3c17.8 0 26.7 21.5 14.1 34.1L174.1 354.8c-7.8 7.8-20.5 7.8-28.3 0L17.2 226.1C4.6 213.5 13.5 192 31.3 192z\\&quot;&gt;&lt;\\\/path&gt;&lt;\\\/svg&gt;&quot;,&quot;library&quot;:&quot;fa-solid&quot;}}\" data-widget_type=\"nav-menu.default\">\n\t\t\t\t<div class=\"elementor-widget-container\">\n\t\t\t\t\t\t\t\t<nav aria-label=\"Menu\" class=\"elementor-nav-menu--main elementor-nav-menu__container elementor-nav-menu--layout-vertical e--pointer-background e--animation-fade\">\n\t\t\t\t<ul id=\"menu-1-2fd2cd5\" class=\"elementor-nav-menu sm-vertical\"><li class=\"menu-item menu-item-type-post_type menu-item-object-page menu-item-361\"><a href=\"https:\/\/cultrujillo.com\/cemar\/proyectos-de-obras-civiles\/\" class=\"elementor-item\">Proyectos de Obras Civiles<\/a><\/li>\n<li class=\"menu-item menu-item-type-post_type menu-item-object-page menu-item-397\"><a href=\"https:\/\/cultrujillo.com\/cemar\/proyectos-de-obras-de-edificaciones\/\" class=\"elementor-item\">Proyectos de obras de edificaciones<\/a><\/li>\n<\/ul>\t\t\t<\/nav>\n\t\t\t\t\t\t<nav class=\"elementor-nav-menu--dropdown elementor-nav-menu__container\" aria-hidden=\"true\">\n\t\t\t\t<ul id=\"menu-2-2fd2cd5\" class=\"elementor-nav-menu sm-vertical\"><li class=\"menu-item menu-item-type-post_type menu-item-object-page menu-item-361\"><a href=\"https:\/\/cultrujillo.com\/cemar\/proyectos-de-obras-civiles\/\" class=\"elementor-item\" tabindex=\"-1\">Proyectos de Obras Civiles<\/a><\/li>\n<li class=\"menu-item menu-item-type-post_type menu-item-object-page menu-item-397\"><a href=\"https:\/\/cultrujillo.com\/cemar\/proyectos-de-obras-de-edificaciones\/\" class=\"elementor-item\" tabindex=\"-1\">Proyectos de obras de edificaciones<\/a><\/li>\n<\/ul>\t\t\t<\/nav>\n\t\t\t\t\t\t<\/div>\n\t\t\t\t<\/div>\n\t\t\t\t<div class=\"elementor-element elementor-element-12d11f5 elementor-widget elementor-widget-heading\" data-id=\"12d11f5\" data-element_type=\"widget\" data-widget_type=\"heading.default\">\n\t\t\t\t<div class=\"elementor-widget-container\">\n\t\t\t\t\t<h2 class=\"elementor-heading-title elementor-size-default\">CEMAR GERENCIA Y SUPERVISI\u00d3N<\/h2>\t\t\t\t<\/div>\n\t\t\t\t<\/div>\n\t\t\t\t<div class=\"elementor-element elementor-element-405a9ef elementor-nav-menu--dropdown-none elementor-widget elementor-widget-nav-menu\" data-id=\"405a9ef\" data-element_type=\"widget\" data-settings=\"{&quot;layout&quot;:&quot;vertical&quot;,&quot;submenu_icon&quot;:{&quot;value&quot;:&quot;&lt;svg class=\\&quot;e-font-icon-svg e-fas-caret-down\\&quot; viewBox=\\&quot;0 0 320 512\\&quot; xmlns=\\&quot;http:\\\/\\\/www.w3.org\\\/2000\\\/svg\\&quot;&gt;&lt;path d=\\&quot;M31.3 192h257.3c17.8 0 26.7 21.5 14.1 34.1L174.1 354.8c-7.8 7.8-20.5 7.8-28.3 0L17.2 226.1C4.6 213.5 13.5 192 31.3 192z\\&quot;&gt;&lt;\\\/path&gt;&lt;\\\/svg&gt;&quot;,&quot;library&quot;:&quot;fa-solid&quot;}}\" data-widget_type=\"nav-menu.default\">\n\t\t\t\t<div class=\"elementor-widget-container\">\n\t\t\t\t\t\t\t\t<nav aria-label=\"Menu\" class=\"elementor-nav-menu--main elementor-nav-menu__container elementor-nav-menu--layout-vertical e--pointer-background e--animation-fade\">\n\t\t\t\t<ul id=\"menu-1-405a9ef\" class=\"elementor-nav-menu sm-vertical\"><li class=\"menu-item menu-item-type-post_type menu-item-object-page menu-item-410\"><a href=\"https:\/\/cultrujillo.com\/cemar\/desarrollo-del-proyecto\/\" class=\"elementor-item\">Desarrollo del proyecto<\/a><\/li>\n<\/ul>\t\t\t<\/nav>\n\t\t\t\t\t\t<nav class=\"elementor-nav-menu--dropdown elementor-nav-menu__container\" aria-hidden=\"true\">\n\t\t\t\t<ul id=\"menu-2-405a9ef\" class=\"elementor-nav-menu sm-vertical\"><li class=\"menu-item menu-item-type-post_type menu-item-object-page menu-item-410\"><a href=\"https:\/\/cultrujillo.com\/cemar\/desarrollo-del-proyecto\/\" class=\"elementor-item\" tabindex=\"-1\">Desarrollo del proyecto<\/a><\/li>\n<\/ul>\t\t\t<\/nav>\n\t\t\t\t\t\t<\/div>\n\t\t\t\t<\/div>\n\t\t\t\t<div class=\"elementor-element elementor-element-a2613de elementor-widget elementor-widget-spacer\" data-id=\"a2613de\" data-element_type=\"widget\" data-widget_type=\"spacer.default\">\n\t\t\t\t<div class=\"elementor-widget-container\">\n\t\t\t\t\t\t\t<div class=\"elementor-spacer\">\n\t\t\t<div class=\"elementor-spacer-inner\"><\/div>\n\t\t<\/div>\n\t\t\t\t\t\t<\/div>\n\t\t\t\t<\/div>\n\t\t\t\t<section class=\"elementor-section elementor-inner-section elementor-element elementor-element-5ecdf97 elementor-section-boxed elementor-section-height-default elementor-section-height-default\" data-id=\"5ecdf97\" data-element_type=\"section\" data-settings=\"{&quot;background_background&quot;:&quot;classic&quot;}\">\n\t\t\t\t\t\t<div class=\"elementor-container elementor-column-gap-default\">\n\t\t\t\t\t<div class=\"elementor-column elementor-col-100 elementor-inner-column elementor-element elementor-element-1b7acdc\" data-id=\"1b7acdc\" data-element_type=\"column\">\n\t\t\t<div class=\"elementor-widget-wrap elementor-element-populated\">\n\t\t\t\t\t\t<div class=\"elementor-element elementor-element-eea0095 elementor-position-left elementor-vertical-align-middle elementor-view-default elementor-mobile-position-top elementor-widget elementor-widget-icon-box\" data-id=\"eea0095\" data-element_type=\"widget\" data-widget_type=\"icon-box.default\">\n\t\t\t\t<div class=\"elementor-widget-container\">\n\t\t\t\t\t\t\t<div class=\"elementor-icon-box-wrapper\">\n\n\t\t\t\t\t\t<div class=\"elementor-icon-box-icon\">\n\t\t\t\t<a href=\"https:\/\/cultrujillo.com\/cemar\/wp-content\/uploads\/2025\/05\/CEMAR_VERSION-MOVIL.pdf\" class=\"elementor-icon\" tabindex=\"-1\" aria-label=\"BROCHURE DIGITAL\">\n\t\t\t\t<svg aria-hidden=\"true\" class=\"e-font-icon-svg e-fas-file-pdf\" viewBox=\"0 0 384 512\" xmlns=\"http:\/\/www.w3.org\/2000\/svg\"><path d=\"M181.9 256.1c-5-16-4.9-46.9-2-46.9 8.4 0 7.6 36.9 2 46.9zm-1.7 47.2c-7.7 20.2-17.3 43.3-28.4 62.7 18.3-7 39-17.2 62.9-21.9-12.7-9.6-24.9-23.4-34.5-40.8zM86.1 428.1c0 .8 13.2-5.4 34.9-40.2-6.7 6.3-29.1 24.5-34.9 40.2zM248 160h136v328c0 13.3-10.7 24-24 24H24c-13.3 0-24-10.7-24-24V24C0 10.7 10.7 0 24 0h200v136c0 13.2 10.8 24 24 24zm-8 171.8c-20-12.2-33.3-29-42.7-53.8 4.5-18.5 11.6-46.6 6.2-64.2-4.7-29.4-42.4-26.5-47.8-6.8-5 18.3-.4 44.1 8.1 77-11.6 27.6-28.7 64.6-40.8 85.8-.1 0-.1.1-.2.1-27.1 13.9-73.6 44.5-54.5 68 5.6 6.9 16 10 21.5 10 17.9 0 35.7-18 61.1-61.8 25.8-8.5 54.1-19.1 79-23.2 21.7 11.8 47.1 19.5 64 19.5 29.2 0 31.2-32 19.7-43.4-13.9-13.6-54.3-9.7-73.6-7.2zM377 105L279 7c-4.5-4.5-10.6-7-17-7h-6v128h128v-6.1c0-6.3-2.5-12.4-7-16.9zm-74.1 255.3c4.1-2.7-2.5-11.9-42.8-9 37.1 15.8 42.8 9 42.8 9z\"><\/path><\/svg>\t\t\t\t<\/a>\n\t\t\t<\/div>\n\t\t\t\n\t\t\t\t\t\t<div class=\"elementor-icon-box-content\">\n\n\t\t\t\t\t\t\t\t\t<h5 class=\"elementor-icon-box-title\">\n\t\t\t\t\t\t<a href=\"https:\/\/cultrujillo.com\/cemar\/wp-content\/uploads\/2025\/05\/CEMAR_VERSION-MOVIL.pdf\" >\n\t\t\t\t\t\t\tBROCHURE DIGITAL\t\t\t\t\t\t<\/a>\n\t\t\t\t\t<\/h5>\n\t\t\t\t\n\t\t\t\t\t\t\t\t\t<p class=\"elementor-icon-box-description\">\n\t\t\t\t\t\tDESCARGAR AQU\u00cd\t\t\t\t\t<\/p>\n\t\t\t\t\n\t\t\t<\/div>\n\t\t\t\n\t\t<\/div>\n\t\t\t\t\t\t<\/div>\n\t\t\t\t<\/div>\n\t\t\t\t\t<\/div>\n\t\t<\/div>\n\t\t\t\t\t<\/div>\n\t\t<\/section>\n\t\t\t\t<div class=\"elementor-element elementor-element-bc1c449 elementor-widget elementor-widget-spacer\" data-id=\"bc1c449\" data-element_type=\"widget\" data-widget_type=\"spacer.default\">\n\t\t\t\t<div class=\"elementor-widget-container\">\n\t\t\t\t\t\t\t<div class=\"elementor-spacer\">\n\t\t\t<div class=\"elementor-spacer-inner\"><\/div>\n\t\t<\/div>\n\t\t\t\t\t\t<\/div>\n\t\t\t\t<\/div>\n\t\t\t\t<div class=\"elementor-element elementor-element-23fe64e elementor-widget elementor-widget-spacer\" data-id=\"23fe64e\" data-element_type=\"widget\" data-widget_type=\"spacer.default\">\n\t\t\t\t<div class=\"elementor-widget-container\">\n\t\t\t\t\t\t\t<div class=\"elementor-spacer\">\n\t\t\t<div class=\"elementor-spacer-inner\"><\/div>\n\t\t<\/div>\n\t\t\t\t\t\t<\/div>\n\t\t\t\t<\/div>\n\t\t\t\t\t<\/div>\n\t\t<\/div>\n\t\t\t\t<div class=\"elementor-column elementor-col-50 elementor-top-column elementor-element elementor-element-6cb52be1\" data-id=\"6cb52be1\" data-element_type=\"column\">\n\t\t\t<div class=\"elementor-widget-wrap elementor-element-populated\">\n\t\t\t\t\t\t<div class=\"elementor-element elementor-element-2d3a6fa5 elementor-invisible elementor-widget elementor-widget-image\" data-id=\"2d3a6fa5\" data-element_type=\"widget\" data-settings=\"{&quot;_animation&quot;:&quot;fadeInDown&quot;}\" data-widget_type=\"image.default\">\n\t\t\t\t<div class=\"elementor-widget-container\">\n\t\t\t\t\t\t\t\t\t\t\t\t\t\t\t<img decoding=\"async\" src=\"https:\/\/cultrujillo.com\/cemar\/wp-content\/uploads\/elementor\/thumbs\/EJECUCION-DE-PROYECTOS-DE-OBRAS-CIVILES-r5vgmpj76fgdzexgnf2j8qluzz1vecbixkwuwf2w08.webp\" title=\"EJECUCI\u00d3N DE PROYECTOS DE OBRAS CIVILES\" alt=\"EJECUCI\u00d3N DE PROYECTOS DE OBRAS CIVILES\" loading=\"lazy\" \/>\t\t\t\t\t\t\t\t\t\t\t\t\t\t\t<\/div>\n\t\t\t\t<\/div>\n\t\t\t\t<div class=\"elementor-element elementor-element-1afab72 elementor-widget__width-auto elementor-widget-divider--view-line elementor-widget elementor-widget-divider\" data-id=\"1afab72\" data-element_type=\"widget\" data-widget_type=\"divider.default\">\n\t\t\t\t<div class=\"elementor-widget-container\">\n\t\t\t\t\t\t\t<div class=\"elementor-divider\">\n\t\t\t<span class=\"elementor-divider-separator\">\n\t\t\t\t\t\t<\/span>\n\t\t<\/div>\n\t\t\t\t\t\t<\/div>\n\t\t\t\t<\/div>\n\t\t\t\t<div class=\"elementor-element elementor-element-bea8cb2 elementor-invisible elementor-widget elementor-widget-heading\" data-id=\"bea8cb2\" data-element_type=\"widget\" data-settings=\"{&quot;_animation&quot;:&quot;fadeInLeft&quot;}\" data-widget_type=\"heading.default\">\n\t\t\t\t<div class=\"elementor-widget-container\">\n\t\t\t\t\t<h3 class=\"elementor-heading-title elementor-size-default\">Construcci\u00f3n de Obras Civiles<\/h3>\t\t\t\t<\/div>\n\t\t\t\t<\/div>\n\t\t\t\t<div class=\"elementor-element elementor-element-7b9b1601 elementor-invisible elementor-widget elementor-widget-text-editor\" data-id=\"7b9b1601\" data-element_type=\"widget\" data-settings=\"{&quot;_animation&quot;:&quot;fadeInRight&quot;,&quot;_animation_delay&quot;:250}\" data-widget_type=\"text-editor.default\">\n\t\t\t\t<div class=\"elementor-widget-container\">\n\t\t\t\t\t\t\t\t\t<p class=\"\" data-start=\"270\" data-end=\"641\">En <strong data-start=\"273\" data-end=\"295\">CEMAR CONSTRUCTORA<\/strong>, ofrecemos el servicio de <strong data-start=\"322\" data-end=\"355\">Construcci\u00f3n de Obras Civiles<\/strong>, desarrollando proyectos de alta calidad que cumplen con los m\u00e1s rigurosos est\u00e1ndares t\u00e9cnicos, normativos y de seguridad. Nuestro compromiso es transformar ideas en obras funcionales, sostenibles y duraderas que contribuyan al desarrollo urbano, industrial y social de nuestra regi\u00f3n.<\/p><h4 class=\"\" data-start=\"643\" data-end=\"667\"><strong data-start=\"648\" data-end=\"667\">\u00bfQu\u00e9 ofrecemos?<\/strong><\/h4><ul data-start=\"668\" data-end=\"1099\"><li class=\"\" data-start=\"668\" data-end=\"757\"><p class=\"\" data-start=\"670\" data-end=\"757\"><strong data-start=\"670\" data-end=\"709\">Ejecuci\u00f3n integral de obras civiles<\/strong>: desde la planificaci\u00f3n hasta la entrega final.<\/p><\/li><li class=\"\" data-start=\"758\" data-end=\"836\"><p class=\"\" data-start=\"760\" data-end=\"836\"><strong data-start=\"760\" data-end=\"836\">Construcci\u00f3n de edificaciones residenciales, comerciales e industriales.<\/strong><\/p><\/li><li class=\"\" data-start=\"837\" data-end=\"967\"><p class=\"\" data-start=\"839\" data-end=\"967\"><strong data-start=\"839\" data-end=\"873\">Infraestructura urbana y rural<\/strong>: pavimentaci\u00f3n, veredas, redes de agua y desag\u00fce, muros de contenci\u00f3n, obras de drenaje, etc.<\/p><\/li><li class=\"\" data-start=\"968\" data-end=\"1023\"><p class=\"\" data-start=\"970\" data-end=\"1023\"><strong data-start=\"970\" data-end=\"1023\">Obras en concreto armado y estructuras met\u00e1licas.<\/strong><\/p><\/li><li class=\"\" data-start=\"1024\" data-end=\"1099\"><p class=\"\" data-start=\"1026\" data-end=\"1099\"><strong data-start=\"1026\" data-end=\"1053\">Proyectos llave en mano<\/strong>, adaptados a las necesidades de cada cliente.<\/p><\/li><\/ul><h4 class=\"\" data-start=\"1101\" data-end=\"1125\"><strong data-start=\"1106\" data-end=\"1125\">Nuestro enfoque<\/strong><\/h4><ul data-start=\"1126\" data-end=\"1430\"><li class=\"\" data-start=\"1126\" data-end=\"1177\"><p class=\"\" data-start=\"1128\" data-end=\"1177\"><strong data-start=\"1128\" data-end=\"1151\">Calidad certificada<\/strong> en materiales y procesos.<\/p><\/li><li class=\"\" data-start=\"1178\" data-end=\"1255\"><p class=\"\" data-start=\"1180\" data-end=\"1255\"><strong data-start=\"1180\" data-end=\"1201\">Seguridad en obra<\/strong>, priorizando la integridad del personal y el entorno.<\/p><\/li><li class=\"\" data-start=\"1256\" data-end=\"1300\"><p class=\"\" data-start=\"1258\" data-end=\"1300\"><strong data-start=\"1258\" data-end=\"1300\">Cumplimiento de plazos y presupuestos.<\/strong><\/p><\/li><li class=\"\" data-start=\"1301\" data-end=\"1373\"><p class=\"\" data-start=\"1303\" data-end=\"1373\"><strong data-start=\"1303\" data-end=\"1336\">Supervisi\u00f3n t\u00e9cnica constante<\/strong> a cargo de ingenieros especialistas.<\/p><\/li><li class=\"\" data-start=\"1374\" data-end=\"1430\"><p class=\"\" data-start=\"1376\" data-end=\"1430\"><strong data-start=\"1376\" data-end=\"1402\">Innovaci\u00f3n tecnol\u00f3gica<\/strong> aplicada a la construcci\u00f3n.<\/p><\/li><\/ul><h4 class=\"\" data-start=\"1432\" data-end=\"1460\"><strong data-start=\"1437\" data-end=\"1460\">\u00bfPor qu\u00e9 elegirnos?<\/strong><\/h4><ul data-start=\"1461\" data-end=\"1686\"><li class=\"\" data-start=\"1461\" data-end=\"1524\"><p class=\"\" data-start=\"1463\" data-end=\"1524\">Amplia experiencia en ejecuci\u00f3n de obras p\u00fablicas y privadas.<\/p><\/li><li class=\"\" data-start=\"1525\" data-end=\"1580\"><p class=\"\" data-start=\"1527\" data-end=\"1580\">Equipo multidisciplinario con alta capacidad t\u00e9cnica.<\/p><\/li><li class=\"\" data-start=\"1581\" data-end=\"1626\"><p class=\"\" data-start=\"1583\" data-end=\"1626\">Equipamiento moderno y tecnolog\u00eda de punta.<\/p><\/li><li class=\"\" data-start=\"1627\" data-end=\"1686\"><p class=\"\" data-start=\"1629\" data-end=\"1686\">Atenci\u00f3n personalizada y compromiso total con el cliente.<\/p><\/li><\/ul>\t\t\t\t\t\t\t\t<\/div>\n\t\t\t\t<\/div>\n\t\t\t\t\t<\/div>\n\t\t<\/div>\n\t\t\t\t\t<\/div>\n\t\t<\/section>\n\t\t\t\t<\/div>\n\t\t","protected":false},"excerpt":{"rendered":"<p>CEMAR CONSTRUCTORA CEMAR INMOBILIARIA CEMAR GERENCIA Y SUPERVISI\u00d3N BROCHURE DIGITAL DESCARGAR AQU\u00cd Construcci\u00f3n de Obras Civiles En CEMAR CONSTRUCTORA, ofrecemos el servicio de Construcci\u00f3n de Obras Civiles, desarrollando proyectos de alta calidad que cumplen con los m\u00e1s rigurosos est\u00e1ndares t\u00e9cnicos, normativos y de seguridad. Nuestro compromiso es transformar ideas en obras funcionales, sostenibles y duraderas [&hellip;]<\/p>\n","protected":false},"author":1,"featured_media":0,"parent":0,"menu_order":0,"comment_status":"closed","ping_status":"closed","template":"elementor_header_footer","meta":{"_joinchat":[],"footnotes":""},"class_list":["post-51","page","type-page","status-publish","hentry"],"_links":{"self":[{"href":"https:\/\/cultrujillo.com\/cemar\/wp-json\/wp\/v2\/pages\/51","targetHints":{"allow":["GET"]}}],"collection":[{"href":"https:\/\/cultrujillo.com\/cemar\/wp-json\/wp\/v2\/pages"}],"about":[{"href":"https:\/\/cultrujillo.com\/cemar\/wp-json\/wp\/v2\/types\/page"}],"author":[{"embeddable":true,"href":"https:\/\/cultrujillo.com\/cemar\/wp-json\/wp\/v2\/users\/1"}],"replies":[{"embeddable":true,"href":"https:\/\/cultrujillo.com\/cemar\/wp-json\/wp\/v2\/comments?post=51"}],"version-history":[{"count":40,"href":"https:\/\/cultrujillo.com\/cemar\/wp-json\/wp\/v2\/pages\/51\/revisions"}],"predecessor-version":[{"id":418,"href":"https:\/\/cultrujillo.com\/cemar\/wp-json\/wp\/v2\/pages\/51\/revisions\/418"}],"wp:attachment":[{"href":"https:\/\/cultrujillo.com\/cemar\/wp-json\/wp\/v2\/media?parent=51"}],"curies":[{"name":"wp","href":"https:\/\/api.w.org\/{rel}","templated":true}]}}