{"id":353,"date":"2025-05-22T14:53:01","date_gmt":"2025-05-22T14:53:01","guid":{"rendered":"https:\/\/cultrujillo.com\/cemar\/?page_id=353"},"modified":"2025-05-22T15:08:14","modified_gmt":"2025-05-22T15:08:14","slug":"proyectos-de-obras-civiles","status":"publish","type":"page","link":"https:\/\/cultrujillo.com\/cemar\/proyectos-de-obras-civiles\/","title":{"rendered":"Proyectos de Obras Civiles"},"content":{"rendered":"\t\t<div data-elementor-type=\"wp-page\" data-elementor-id=\"353\" class=\"elementor elementor-353\" data-elementor-post-type=\"page\">\n\t\t\t\t\t\t<section class=\"elementor-section elementor-top-section elementor-element elementor-element-a25cc09 elementor-section-height-min-height elementor-section-boxed elementor-section-height-default elementor-section-items-middle\" data-id=\"a25cc09\" data-element_type=\"section\" data-settings=\"{&quot;background_background&quot;:&quot;classic&quot;}\">\n\t\t\t\t\t\t\t<div class=\"elementor-background-overlay\"><\/div>\n\t\t\t\t\t\t\t<div class=\"elementor-container elementor-column-gap-default\">\n\t\t\t\t\t<div class=\"elementor-column elementor-col-100 elementor-top-column elementor-element elementor-element-b3386bb\" data-id=\"b3386bb\" data-element_type=\"column\">\n\t\t\t<div class=\"elementor-widget-wrap elementor-element-populated\">\n\t\t\t\t\t\t\t<\/div>\n\t\t<\/div>\n\t\t\t\t\t<\/div>\n\t\t<\/section>\n\t\t\t\t<section class=\"elementor-section elementor-top-section elementor-element elementor-element-efed588 elementor-section-boxed elementor-section-height-default elementor-section-height-default\" data-id=\"efed588\" data-element_type=\"section\">\n\t\t\t\t\t\t<div class=\"elementor-container elementor-column-gap-default\">\n\t\t\t\t\t<div class=\"elementor-column elementor-col-33 elementor-top-column elementor-element elementor-element-afb721e\" data-id=\"afb721e\" data-element_type=\"column\">\n\t\t\t<div class=\"elementor-widget-wrap elementor-element-populated\">\n\t\t\t\t\t\t<div class=\"elementor-element elementor-element-d5e5b92 elementor-widget elementor-widget-heading\" data-id=\"d5e5b92\" data-element_type=\"widget\" data-widget_type=\"heading.default\">\n\t\t\t\t<div class=\"elementor-widget-container\">\n\t\t\t\t\t<h2 class=\"elementor-heading-title elementor-size-default\">CEMAR CONSTRUCTORA<\/h2>\t\t\t\t<\/div>\n\t\t\t\t<\/div>\n\t\t\t\t<div class=\"elementor-element elementor-element-965721d elementor-nav-menu--dropdown-none elementor-widget elementor-widget-nav-menu\" data-id=\"965721d\" data-element_type=\"widget\" data-settings=\"{&quot;layout&quot;:&quot;vertical&quot;,&quot;submenu_icon&quot;:{&quot;value&quot;:&quot;&lt;svg class=\\&quot;e-font-icon-svg e-fas-caret-down\\&quot; viewBox=\\&quot;0 0 320 512\\&quot; xmlns=\\&quot;http:\\\/\\\/www.w3.org\\\/2000\\\/svg\\&quot;&gt;&lt;path d=\\&quot;M31.3 192h257.3c17.8 0 26.7 21.5 14.1 34.1L174.1 354.8c-7.8 7.8-20.5 7.8-28.3 0L17.2 226.1C4.6 213.5 13.5 192 31.3 192z\\&quot;&gt;&lt;\\\/path&gt;&lt;\\\/svg&gt;&quot;,&quot;library&quot;:&quot;fa-solid&quot;}}\" data-widget_type=\"nav-menu.default\">\n\t\t\t\t<div class=\"elementor-widget-container\">\n\t\t\t\t\t\t\t\t<nav aria-label=\"Menu\" class=\"elementor-nav-menu--main elementor-nav-menu__container elementor-nav-menu--layout-vertical e--pointer-background e--animation-fade\">\n\t\t\t\t<ul id=\"menu-1-965721d\" class=\"elementor-nav-menu sm-vertical\"><li class=\"menu-item menu-item-type-post_type menu-item-object-page menu-item-57\"><a href=\"https:\/\/cultrujillo.com\/cemar\/construccion-de-obras-civiles\/\" class=\"elementor-item\">Construcci\u00f3n de obras Civiles<\/a><\/li>\n<li class=\"menu-item menu-item-type-post_type menu-item-object-page menu-item-84\"><a href=\"https:\/\/cultrujillo.com\/cemar\/demoliciones-de-estructuras\/\" class=\"elementor-item\">Demoliciones de estructuras<\/a><\/li>\n<li class=\"menu-item menu-item-type-post_type menu-item-object-page menu-item-144\"><a href=\"https:\/\/cultrujillo.com\/cemar\/obras-de-arquitectura\/\" class=\"elementor-item\">Obras de arquitectura<\/a><\/li>\n<li class=\"menu-item menu-item-type-post_type menu-item-object-page menu-item-145\"><a href=\"https:\/\/cultrujillo.com\/cemar\/construccion-de-edificaciones-completas\/\" class=\"elementor-item\">Construcci\u00f3n de edificaciones completas<\/a><\/li>\n<li class=\"menu-item menu-item-type-post_type menu-item-object-page menu-item-146\"><a href=\"https:\/\/cultrujillo.com\/cemar\/excavaciones-profundas-con-muros-anclados\/\" class=\"elementor-item\">Excavaciones profundas con muros anclados<\/a><\/li>\n<\/ul>\t\t\t<\/nav>\n\t\t\t\t\t\t<nav class=\"elementor-nav-menu--dropdown elementor-nav-menu__container\" aria-hidden=\"true\">\n\t\t\t\t<ul id=\"menu-2-965721d\" class=\"elementor-nav-menu sm-vertical\"><li class=\"menu-item menu-item-type-post_type menu-item-object-page menu-item-57\"><a href=\"https:\/\/cultrujillo.com\/cemar\/construccion-de-obras-civiles\/\" class=\"elementor-item\" tabindex=\"-1\">Construcci\u00f3n de obras Civiles<\/a><\/li>\n<li class=\"menu-item menu-item-type-post_type menu-item-object-page menu-item-84\"><a href=\"https:\/\/cultrujillo.com\/cemar\/demoliciones-de-estructuras\/\" class=\"elementor-item\" tabindex=\"-1\">Demoliciones de estructuras<\/a><\/li>\n<li class=\"menu-item menu-item-type-post_type menu-item-object-page menu-item-144\"><a href=\"https:\/\/cultrujillo.com\/cemar\/obras-de-arquitectura\/\" class=\"elementor-item\" tabindex=\"-1\">Obras de arquitectura<\/a><\/li>\n<li class=\"menu-item menu-item-type-post_type menu-item-object-page menu-item-145\"><a href=\"https:\/\/cultrujillo.com\/cemar\/construccion-de-edificaciones-completas\/\" class=\"elementor-item\" tabindex=\"-1\">Construcci\u00f3n de edificaciones completas<\/a><\/li>\n<li class=\"menu-item menu-item-type-post_type menu-item-object-page menu-item-146\"><a href=\"https:\/\/cultrujillo.com\/cemar\/excavaciones-profundas-con-muros-anclados\/\" class=\"elementor-item\" tabindex=\"-1\">Excavaciones profundas con muros anclados<\/a><\/li>\n<\/ul>\t\t\t<\/nav>\n\t\t\t\t\t\t<\/div>\n\t\t\t\t<\/div>\n\t\t\t\t<div class=\"elementor-element elementor-element-4f0a438 elementor-widget elementor-widget-heading\" data-id=\"4f0a438\" data-element_type=\"widget\" data-widget_type=\"heading.default\">\n\t\t\t\t<div class=\"elementor-widget-container\">\n\t\t\t\t\t<h2 class=\"elementor-heading-title elementor-size-default\">CEMAR INMOBILIARIA<\/h2>\t\t\t\t<\/div>\n\t\t\t\t<\/div>\n\t\t\t\t<div class=\"elementor-element elementor-element-06ec50f elementor-nav-menu--dropdown-none elementor-widget elementor-widget-nav-menu\" data-id=\"06ec50f\" data-element_type=\"widget\" data-settings=\"{&quot;layout&quot;:&quot;vertical&quot;,&quot;submenu_icon&quot;:{&quot;value&quot;:&quot;&lt;svg class=\\&quot;e-font-icon-svg e-fas-caret-down\\&quot; viewBox=\\&quot;0 0 320 512\\&quot; xmlns=\\&quot;http:\\\/\\\/www.w3.org\\\/2000\\\/svg\\&quot;&gt;&lt;path d=\\&quot;M31.3 192h257.3c17.8 0 26.7 21.5 14.1 34.1L174.1 354.8c-7.8 7.8-20.5 7.8-28.3 0L17.2 226.1C4.6 213.5 13.5 192 31.3 192z\\&quot;&gt;&lt;\\\/path&gt;&lt;\\\/svg&gt;&quot;,&quot;library&quot;:&quot;fa-solid&quot;}}\" data-widget_type=\"nav-menu.default\">\n\t\t\t\t<div class=\"elementor-widget-container\">\n\t\t\t\t\t\t\t\t<nav aria-label=\"Menu\" class=\"elementor-nav-menu--main elementor-nav-menu__container elementor-nav-menu--layout-vertical e--pointer-background e--animation-fade\">\n\t\t\t\t<ul id=\"menu-1-06ec50f\" class=\"elementor-nav-menu sm-vertical\"><li class=\"menu-item menu-item-type-post_type menu-item-object-page menu-item-361\"><a href=\"https:\/\/cultrujillo.com\/cemar\/proyectos-de-obras-civiles\/\" class=\"elementor-item\">Proyectos de Obras Civiles<\/a><\/li>\n<li class=\"menu-item menu-item-type-post_type menu-item-object-page menu-item-397\"><a href=\"https:\/\/cultrujillo.com\/cemar\/proyectos-de-obras-de-edificaciones\/\" class=\"elementor-item\">Proyectos de obras de edificaciones<\/a><\/li>\n<\/ul>\t\t\t<\/nav>\n\t\t\t\t\t\t<nav class=\"elementor-nav-menu--dropdown elementor-nav-menu__container\" aria-hidden=\"true\">\n\t\t\t\t<ul id=\"menu-2-06ec50f\" class=\"elementor-nav-menu sm-vertical\"><li class=\"menu-item menu-item-type-post_type menu-item-object-page menu-item-361\"><a href=\"https:\/\/cultrujillo.com\/cemar\/proyectos-de-obras-civiles\/\" class=\"elementor-item\" tabindex=\"-1\">Proyectos de Obras Civiles<\/a><\/li>\n<li class=\"menu-item menu-item-type-post_type menu-item-object-page menu-item-397\"><a href=\"https:\/\/cultrujillo.com\/cemar\/proyectos-de-obras-de-edificaciones\/\" class=\"elementor-item\" tabindex=\"-1\">Proyectos de obras de edificaciones<\/a><\/li>\n<\/ul>\t\t\t<\/nav>\n\t\t\t\t\t\t<\/div>\n\t\t\t\t<\/div>\n\t\t\t\t<div class=\"elementor-element elementor-element-6a6f158 elementor-widget elementor-widget-heading\" data-id=\"6a6f158\" data-element_type=\"widget\" data-widget_type=\"heading.default\">\n\t\t\t\t<div class=\"elementor-widget-container\">\n\t\t\t\t\t<h2 class=\"elementor-heading-title elementor-size-default\">CEMAR GERENCIA Y SUPERVISI\u00d3N<\/h2>\t\t\t\t<\/div>\n\t\t\t\t<\/div>\n\t\t\t\t<div class=\"elementor-element elementor-element-afd04c0 elementor-nav-menu--dropdown-none elementor-widget elementor-widget-nav-menu\" data-id=\"afd04c0\" data-element_type=\"widget\" data-settings=\"{&quot;layout&quot;:&quot;vertical&quot;,&quot;submenu_icon&quot;:{&quot;value&quot;:&quot;&lt;svg class=\\&quot;e-font-icon-svg e-fas-caret-down\\&quot; viewBox=\\&quot;0 0 320 512\\&quot; xmlns=\\&quot;http:\\\/\\\/www.w3.org\\\/2000\\\/svg\\&quot;&gt;&lt;path d=\\&quot;M31.3 192h257.3c17.8 0 26.7 21.5 14.1 34.1L174.1 354.8c-7.8 7.8-20.5 7.8-28.3 0L17.2 226.1C4.6 213.5 13.5 192 31.3 192z\\&quot;&gt;&lt;\\\/path&gt;&lt;\\\/svg&gt;&quot;,&quot;library&quot;:&quot;fa-solid&quot;}}\" data-widget_type=\"nav-menu.default\">\n\t\t\t\t<div class=\"elementor-widget-container\">\n\t\t\t\t\t\t\t\t<nav aria-label=\"Menu\" class=\"elementor-nav-menu--main elementor-nav-menu__container elementor-nav-menu--layout-vertical e--pointer-background e--animation-fade\">\n\t\t\t\t<ul id=\"menu-1-afd04c0\" class=\"elementor-nav-menu sm-vertical\"><li class=\"menu-item menu-item-type-post_type menu-item-object-page menu-item-410\"><a href=\"https:\/\/cultrujillo.com\/cemar\/desarrollo-del-proyecto\/\" class=\"elementor-item\">Desarrollo del proyecto<\/a><\/li>\n<\/ul>\t\t\t<\/nav>\n\t\t\t\t\t\t<nav class=\"elementor-nav-menu--dropdown elementor-nav-menu__container\" aria-hidden=\"true\">\n\t\t\t\t<ul id=\"menu-2-afd04c0\" class=\"elementor-nav-menu sm-vertical\"><li class=\"menu-item menu-item-type-post_type menu-item-object-page menu-item-410\"><a href=\"https:\/\/cultrujillo.com\/cemar\/desarrollo-del-proyecto\/\" class=\"elementor-item\" tabindex=\"-1\">Desarrollo del proyecto<\/a><\/li>\n<\/ul>\t\t\t<\/nav>\n\t\t\t\t\t\t<\/div>\n\t\t\t\t<\/div>\n\t\t\t\t<div class=\"elementor-element elementor-element-09c83a9 elementor-widget elementor-widget-spacer\" data-id=\"09c83a9\" data-element_type=\"widget\" data-widget_type=\"spacer.default\">\n\t\t\t\t<div class=\"elementor-widget-container\">\n\t\t\t\t\t\t\t<div class=\"elementor-spacer\">\n\t\t\t<div class=\"elementor-spacer-inner\"><\/div>\n\t\t<\/div>\n\t\t\t\t\t\t<\/div>\n\t\t\t\t<\/div>\n\t\t\t\t<section class=\"elementor-section elementor-inner-section elementor-element elementor-element-9bcb340 elementor-section-boxed elementor-section-height-default elementor-section-height-default\" data-id=\"9bcb340\" data-element_type=\"section\" data-settings=\"{&quot;background_background&quot;:&quot;classic&quot;}\">\n\t\t\t\t\t\t<div class=\"elementor-container elementor-column-gap-default\">\n\t\t\t\t\t<div class=\"elementor-column elementor-col-100 elementor-inner-column elementor-element elementor-element-e7f66ce\" data-id=\"e7f66ce\" data-element_type=\"column\">\n\t\t\t<div class=\"elementor-widget-wrap elementor-element-populated\">\n\t\t\t\t\t\t<div class=\"elementor-element elementor-element-bdbc118 elementor-position-left elementor-vertical-align-middle elementor-view-default elementor-mobile-position-top elementor-widget elementor-widget-icon-box\" data-id=\"bdbc118\" data-element_type=\"widget\" data-widget_type=\"icon-box.default\">\n\t\t\t\t<div class=\"elementor-widget-container\">\n\t\t\t\t\t\t\t<div class=\"elementor-icon-box-wrapper\">\n\n\t\t\t\t\t\t<div class=\"elementor-icon-box-icon\">\n\t\t\t\t<a href=\"https:\/\/cultrujillo.com\/cemar\/wp-content\/uploads\/2025\/05\/CEMAR_VERSION-MOVIL.pdf\" class=\"elementor-icon\" tabindex=\"-1\" aria-label=\"BROCHURE DIGITAL\">\n\t\t\t\t<svg aria-hidden=\"true\" class=\"e-font-icon-svg e-fas-file-pdf\" viewBox=\"0 0 384 512\" xmlns=\"http:\/\/www.w3.org\/2000\/svg\"><path d=\"M181.9 256.1c-5-16-4.9-46.9-2-46.9 8.4 0 7.6 36.9 2 46.9zm-1.7 47.2c-7.7 20.2-17.3 43.3-28.4 62.7 18.3-7 39-17.2 62.9-21.9-12.7-9.6-24.9-23.4-34.5-40.8zM86.1 428.1c0 .8 13.2-5.4 34.9-40.2-6.7 6.3-29.1 24.5-34.9 40.2zM248 160h136v328c0 13.3-10.7 24-24 24H24c-13.3 0-24-10.7-24-24V24C0 10.7 10.7 0 24 0h200v136c0 13.2 10.8 24 24 24zm-8 171.8c-20-12.2-33.3-29-42.7-53.8 4.5-18.5 11.6-46.6 6.2-64.2-4.7-29.4-42.4-26.5-47.8-6.8-5 18.3-.4 44.1 8.1 77-11.6 27.6-28.7 64.6-40.8 85.8-.1 0-.1.1-.2.1-27.1 13.9-73.6 44.5-54.5 68 5.6 6.9 16 10 21.5 10 17.9 0 35.7-18 61.1-61.8 25.8-8.5 54.1-19.1 79-23.2 21.7 11.8 47.1 19.5 64 19.5 29.2 0 31.2-32 19.7-43.4-13.9-13.6-54.3-9.7-73.6-7.2zM377 105L279 7c-4.5-4.5-10.6-7-17-7h-6v128h128v-6.1c0-6.3-2.5-12.4-7-16.9zm-74.1 255.3c4.1-2.7-2.5-11.9-42.8-9 37.1 15.8 42.8 9 42.8 9z\"><\/path><\/svg>\t\t\t\t<\/a>\n\t\t\t<\/div>\n\t\t\t\n\t\t\t\t\t\t<div class=\"elementor-icon-box-content\">\n\n\t\t\t\t\t\t\t\t\t<h5 class=\"elementor-icon-box-title\">\n\t\t\t\t\t\t<a href=\"https:\/\/cultrujillo.com\/cemar\/wp-content\/uploads\/2025\/05\/CEMAR_VERSION-MOVIL.pdf\" >\n\t\t\t\t\t\t\tBROCHURE DIGITAL\t\t\t\t\t\t<\/a>\n\t\t\t\t\t<\/h5>\n\t\t\t\t\n\t\t\t\t\t\t\t\t\t<p class=\"elementor-icon-box-description\">\n\t\t\t\t\t\tDESCARGAR AQU\u00cd\t\t\t\t\t<\/p>\n\t\t\t\t\n\t\t\t<\/div>\n\t\t\t\n\t\t<\/div>\n\t\t\t\t\t\t<\/div>\n\t\t\t\t<\/div>\n\t\t\t\t\t<\/div>\n\t\t<\/div>\n\t\t\t\t\t<\/div>\n\t\t<\/section>\n\t\t\t\t<div class=\"elementor-element elementor-element-2d2816e elementor-widget elementor-widget-spacer\" data-id=\"2d2816e\" data-element_type=\"widget\" data-widget_type=\"spacer.default\">\n\t\t\t\t<div class=\"elementor-widget-container\">\n\t\t\t\t\t\t\t<div class=\"elementor-spacer\">\n\t\t\t<div class=\"elementor-spacer-inner\"><\/div>\n\t\t<\/div>\n\t\t\t\t\t\t<\/div>\n\t\t\t\t<\/div>\n\t\t\t\t<div class=\"elementor-element elementor-element-18e1371 elementor-widget elementor-widget-spacer\" data-id=\"18e1371\" data-element_type=\"widget\" data-widget_type=\"spacer.default\">\n\t\t\t\t<div class=\"elementor-widget-container\">\n\t\t\t\t\t\t\t<div class=\"elementor-spacer\">\n\t\t\t<div class=\"elementor-spacer-inner\"><\/div>\n\t\t<\/div>\n\t\t\t\t\t\t<\/div>\n\t\t\t\t<\/div>\n\t\t\t\t\t<\/div>\n\t\t<\/div>\n\t\t\t\t<div class=\"elementor-column elementor-col-66 elementor-top-column elementor-element elementor-element-03e0a46\" data-id=\"03e0a46\" data-element_type=\"column\">\n\t\t\t<div class=\"elementor-widget-wrap elementor-element-populated\">\n\t\t\t\t\t\t<div class=\"elementor-element elementor-element-141c121 elementor-invisible elementor-widget elementor-widget-image\" data-id=\"141c121\" data-element_type=\"widget\" data-settings=\"{&quot;_animation&quot;:&quot;fadeInDown&quot;}\" data-widget_type=\"image.default\">\n\t\t\t\t<div class=\"elementor-widget-container\">\n\t\t\t\t\t\t\t\t\t\t\t\t\t\t\t<img decoding=\"async\" src=\"https:\/\/cultrujillo.com\/cemar\/wp-content\/uploads\/elementor\/thumbs\/1694104031162-1-r66tz21t34ejy9k8qaamz2mpmxgx1olkbqa2blcmfc.png\" title=\"1694104031162 (1)\" alt=\"1694104031162 (1)\" loading=\"lazy\" \/>\t\t\t\t\t\t\t\t\t\t\t\t\t\t\t<\/div>\n\t\t\t\t<\/div>\n\t\t\t\t<div class=\"elementor-element elementor-element-1d8d8e1 elementor-widget__width-auto elementor-widget-divider--view-line elementor-widget elementor-widget-divider\" data-id=\"1d8d8e1\" data-element_type=\"widget\" data-widget_type=\"divider.default\">\n\t\t\t\t<div class=\"elementor-widget-container\">\n\t\t\t\t\t\t\t<div class=\"elementor-divider\">\n\t\t\t<span class=\"elementor-divider-separator\">\n\t\t\t\t\t\t<\/span>\n\t\t<\/div>\n\t\t\t\t\t\t<\/div>\n\t\t\t\t<\/div>\n\t\t\t\t<div class=\"elementor-element elementor-element-9b18672 elementor-invisible elementor-widget elementor-widget-heading\" data-id=\"9b18672\" data-element_type=\"widget\" data-settings=\"{&quot;_animation&quot;:&quot;fadeInLeft&quot;}\" data-widget_type=\"heading.default\">\n\t\t\t\t<div class=\"elementor-widget-container\">\n\t\t\t\t\t<h3 class=\"elementor-heading-title elementor-size-default\">Proyectos de Obras Civiles en General<\/h3>\t\t\t\t<\/div>\n\t\t\t\t<\/div>\n\t\t\t\t<div class=\"elementor-element elementor-element-58bb3db elementor-invisible elementor-widget elementor-widget-text-editor\" data-id=\"58bb3db\" data-element_type=\"widget\" data-settings=\"{&quot;_animation&quot;:&quot;fadeInRight&quot;,&quot;_animation_delay&quot;:250}\" data-widget_type=\"text-editor.default\">\n\t\t\t\t<div class=\"elementor-widget-container\">\n\t\t\t\t\t\t\t\t\t<p data-start=\"294\" data-end=\"547\">En <strong data-start=\"297\" data-end=\"319\">CEMAR CONSTRUCTORA<\/strong>, ofrecemos un servicio especializado en <strong data-start=\"360\" data-end=\"402\">control y supervisi\u00f3n de obras civiles<\/strong>, enfocado en garantizar la correcta ejecuci\u00f3n de los proyectos bajo los m\u00e1s altos est\u00e1ndares t\u00e9cnicos, contractuales, econ\u00f3micos y de seguridad.<\/p><p data-start=\"549\" data-end=\"743\">Nuestro enfoque integral asegura que cada etapa del proyecto se ejecute con eficiencia, cumplimiento normativo y control riguroso de todos los aspectos clave: calidad, tiempo, costo y seguridad.<\/p><h4 data-start=\"745\" data-end=\"762\"><strong data-start=\"750\" data-end=\"762\">Incluye:<\/strong><\/h4><ul data-start=\"764\" data-end=\"1580\"><li data-start=\"764\" data-end=\"884\"><p data-start=\"766\" data-end=\"884\"><strong data-start=\"766\" data-end=\"797\">Administraci\u00f3n Contractual:<\/strong> Supervisi\u00f3n del cumplimiento de contratos, plazos, entregables y obligaciones legales.<\/p><\/li><li data-start=\"885\" data-end=\"992\"><p data-start=\"887\" data-end=\"992\"><strong data-start=\"887\" data-end=\"910\">Control de Calidad:<\/strong> Verificaci\u00f3n t\u00e9cnica permanente de materiales, procesos constructivos y acabados.<\/p><\/li><li data-start=\"993\" data-end=\"1110\"><p data-start=\"995\" data-end=\"1110\"><strong data-start=\"995\" data-end=\"1015\">Seguridad SSOMA:<\/strong> Implementaci\u00f3n de protocolos de Seguridad, Salud Ocupacional y Medio Ambiente en toda la obra.<\/p><\/li><li data-start=\"1111\" data-end=\"1214\"><p data-start=\"1113\" data-end=\"1214\"><strong data-start=\"1113\" data-end=\"1135\">Control Econ\u00f3mico:<\/strong> Seguimiento detallado de costos, presupuesto y recursos asignados al proyecto.<\/p><\/li><li data-start=\"1215\" data-end=\"1323\"><p data-start=\"1217\" data-end=\"1323\"><strong data-start=\"1217\" data-end=\"1236\">Valorizaciones:<\/strong> Elaboraci\u00f3n, revisi\u00f3n y validaci\u00f3n de valorizaciones mensuales conforme a avance real.<\/p><\/li><li data-start=\"1324\" data-end=\"1435\"><p data-start=\"1326\" data-end=\"1435\"><strong data-start=\"1326\" data-end=\"1351\">Control Documentario:<\/strong> Gesti\u00f3n de planos, informes, registros t\u00e9cnicos, actas y documentaci\u00f3n contractual.<\/p><\/li><li data-start=\"1436\" data-end=\"1580\"><p data-start=\"1438\" data-end=\"1580\"><strong data-start=\"1438\" data-end=\"1467\">Gesti\u00f3n de Proyectos BIM:<\/strong> Aplicaci\u00f3n de metodolog\u00eda BIM para la planificaci\u00f3n, coordinaci\u00f3n y visualizaci\u00f3n de la obra en todas sus fases.<\/p><\/li><\/ul><h4 data-start=\"1582\" data-end=\"1622\"><strong data-start=\"1587\" data-end=\"1622\">Beneficios de nuestro servicio:<\/strong><\/h4><ul data-start=\"1623\" data-end=\"1870\"><li data-start=\"1623\" data-end=\"1668\"><p data-start=\"1625\" data-end=\"1668\">Reducci\u00f3n de riesgos t\u00e9cnicos y econ\u00f3micos.<\/p><\/li><li data-start=\"1669\" data-end=\"1721\"><p data-start=\"1671\" data-end=\"1721\">Optimizaci\u00f3n de recursos y cumplimiento de plazos.<\/p><\/li><li data-start=\"1722\" data-end=\"1800\"><p data-start=\"1724\" data-end=\"1800\">Mejora en la toma de decisiones mediante informaci\u00f3n actualizada y trazable.<\/p><\/li><li data-start=\"1801\" data-end=\"1870\"><p data-start=\"1803\" data-end=\"1870\">Mayor transparencia, orden y control en todo el ciclo del proyecto.<\/p><\/li><\/ul>\t\t\t\t\t\t\t\t<\/div>\n\t\t\t\t<\/div>\n\t\t\t\t\t<\/div>\n\t\t<\/div>\n\t\t\t\t\t<\/div>\n\t\t<\/section>\n\t\t\t\t<\/div>\n\t\t","protected":false},"excerpt":{"rendered":"<p>CEMAR CONSTRUCTORA CEMAR INMOBILIARIA CEMAR GERENCIA Y SUPERVISI\u00d3N BROCHURE DIGITAL DESCARGAR AQU\u00cd Proyectos de Obras Civiles en General En CEMAR CONSTRUCTORA, ofrecemos un servicio especializado en control y supervisi\u00f3n de obras civiles, enfocado en garantizar la correcta ejecuci\u00f3n de los proyectos bajo los m\u00e1s altos est\u00e1ndares t\u00e9cnicos, contractuales, econ\u00f3micos y de seguridad. Nuestro enfoque integral [&hellip;]<\/p>\n","protected":false},"author":1,"featured_media":0,"parent":0,"menu_order":0,"comment_status":"closed","ping_status":"closed","template":"elementor_header_footer","meta":{"_joinchat":[],"footnotes":""},"class_list":["post-353","page","type-page","status-publish","hentry"],"_links":{"self":[{"href":"https:\/\/cultrujillo.com\/cemar\/wp-json\/wp\/v2\/pages\/353","targetHints":{"allow":["GET"]}}],"collection":[{"href":"https:\/\/cultrujillo.com\/cemar\/wp-json\/wp\/v2\/pages"}],"about":[{"href":"https:\/\/cultrujillo.com\/cemar\/wp-json\/wp\/v2\/types\/page"}],"author":[{"embeddable":true,"href":"https:\/\/cultrujillo.com\/cemar\/wp-json\/wp\/v2\/users\/1"}],"replies":[{"embeddable":true,"href":"https:\/\/cultrujillo.com\/cemar\/wp-json\/wp\/v2\/comments?post=353"}],"version-history":[{"count":22,"href":"https:\/\/cultrujillo.com\/cemar\/wp-json\/wp\/v2\/pages\/353\/revisions"}],"predecessor-version":[{"id":381,"href":"https:\/\/cultrujillo.com\/cemar\/wp-json\/wp\/v2\/pages\/353\/revisions\/381"}],"wp:attachment":[{"href":"https:\/\/cultrujillo.com\/cemar\/wp-json\/wp\/v2\/media?parent=353"}],"curies":[{"name":"wp","href":"https:\/\/api.w.org\/{rel}","templated":true}]}}