{"id":112,"date":"2025-05-16T03:29:11","date_gmt":"2025-05-16T03:29:11","guid":{"rendered":"https:\/\/cultrujillo.com\/cemar\/?page_id=112"},"modified":"2025-05-22T15:07:03","modified_gmt":"2025-05-22T15:07:03","slug":"construccion-de-edificaciones-completas","status":"publish","type":"page","link":"https:\/\/cultrujillo.com\/cemar\/construccion-de-edificaciones-completas\/","title":{"rendered":"Construcci\u00f3n de edificaciones completas"},"content":{"rendered":"\t\t<div data-elementor-type=\"wp-page\" data-elementor-id=\"112\" class=\"elementor elementor-112\" data-elementor-post-type=\"page\">\n\t\t\t\t\t\t<section class=\"elementor-section elementor-top-section elementor-element elementor-element-81615db elementor-section-height-min-height elementor-section-boxed elementor-section-height-default elementor-section-items-middle\" data-id=\"81615db\" data-element_type=\"section\" data-settings=\"{&quot;background_background&quot;:&quot;classic&quot;}\">\n\t\t\t\t\t\t\t<div class=\"elementor-background-overlay\"><\/div>\n\t\t\t\t\t\t\t<div class=\"elementor-container elementor-column-gap-default\">\n\t\t\t\t\t<div class=\"elementor-column elementor-col-100 elementor-top-column elementor-element elementor-element-7451149\" data-id=\"7451149\" data-element_type=\"column\">\n\t\t\t<div class=\"elementor-widget-wrap elementor-element-populated\">\n\t\t\t\t\t\t\t<\/div>\n\t\t<\/div>\n\t\t\t\t\t<\/div>\n\t\t<\/section>\n\t\t\t\t<section class=\"elementor-section elementor-top-section elementor-element elementor-element-ca9950d elementor-section-boxed elementor-section-height-default elementor-section-height-default\" data-id=\"ca9950d\" data-element_type=\"section\">\n\t\t\t\t\t\t<div class=\"elementor-container elementor-column-gap-default\">\n\t\t\t\t\t<div class=\"elementor-column elementor-col-50 elementor-top-column elementor-element elementor-element-290fffb\" data-id=\"290fffb\" data-element_type=\"column\">\n\t\t\t<div class=\"elementor-widget-wrap elementor-element-populated\">\n\t\t\t\t\t\t<div class=\"elementor-element elementor-element-f1e1da6 elementor-widget elementor-widget-heading\" data-id=\"f1e1da6\" data-element_type=\"widget\" data-widget_type=\"heading.default\">\n\t\t\t\t<div class=\"elementor-widget-container\">\n\t\t\t\t\t<h2 class=\"elementor-heading-title elementor-size-default\">CEMAR CONSTRUCTORA<\/h2>\t\t\t\t<\/div>\n\t\t\t\t<\/div>\n\t\t\t\t<div class=\"elementor-element elementor-element-36f017d elementor-nav-menu--dropdown-none elementor-widget elementor-widget-nav-menu\" data-id=\"36f017d\" data-element_type=\"widget\" data-settings=\"{&quot;layout&quot;:&quot;vertical&quot;,&quot;submenu_icon&quot;:{&quot;value&quot;:&quot;&lt;svg class=\\&quot;e-font-icon-svg e-fas-caret-down\\&quot; viewBox=\\&quot;0 0 320 512\\&quot; xmlns=\\&quot;http:\\\/\\\/www.w3.org\\\/2000\\\/svg\\&quot;&gt;&lt;path d=\\&quot;M31.3 192h257.3c17.8 0 26.7 21.5 14.1 34.1L174.1 354.8c-7.8 7.8-20.5 7.8-28.3 0L17.2 226.1C4.6 213.5 13.5 192 31.3 192z\\&quot;&gt;&lt;\\\/path&gt;&lt;\\\/svg&gt;&quot;,&quot;library&quot;:&quot;fa-solid&quot;}}\" data-widget_type=\"nav-menu.default\">\n\t\t\t\t<div class=\"elementor-widget-container\">\n\t\t\t\t\t\t\t\t<nav aria-label=\"Menu\" class=\"elementor-nav-menu--main elementor-nav-menu__container elementor-nav-menu--layout-vertical e--pointer-background e--animation-fade\">\n\t\t\t\t<ul id=\"menu-1-36f017d\" class=\"elementor-nav-menu sm-vertical\"><li class=\"menu-item menu-item-type-post_type menu-item-object-page menu-item-57\"><a href=\"https:\/\/cultrujillo.com\/cemar\/construccion-de-obras-civiles\/\" class=\"elementor-item\">Construcci\u00f3n de obras Civiles<\/a><\/li>\n<li class=\"menu-item menu-item-type-post_type menu-item-object-page menu-item-84\"><a href=\"https:\/\/cultrujillo.com\/cemar\/demoliciones-de-estructuras\/\" class=\"elementor-item\">Demoliciones de estructuras<\/a><\/li>\n<li class=\"menu-item menu-item-type-post_type menu-item-object-page menu-item-144\"><a href=\"https:\/\/cultrujillo.com\/cemar\/obras-de-arquitectura\/\" class=\"elementor-item\">Obras de arquitectura<\/a><\/li>\n<li class=\"menu-item menu-item-type-post_type menu-item-object-page menu-item-145\"><a href=\"https:\/\/cultrujillo.com\/cemar\/construccion-de-edificaciones-completas\/\" class=\"elementor-item\">Construcci\u00f3n de edificaciones completas<\/a><\/li>\n<li class=\"menu-item menu-item-type-post_type menu-item-object-page menu-item-146\"><a href=\"https:\/\/cultrujillo.com\/cemar\/excavaciones-profundas-con-muros-anclados\/\" class=\"elementor-item\">Excavaciones profundas con muros anclados<\/a><\/li>\n<\/ul>\t\t\t<\/nav>\n\t\t\t\t\t\t<nav class=\"elementor-nav-menu--dropdown elementor-nav-menu__container\" aria-hidden=\"true\">\n\t\t\t\t<ul id=\"menu-2-36f017d\" class=\"elementor-nav-menu sm-vertical\"><li class=\"menu-item menu-item-type-post_type menu-item-object-page menu-item-57\"><a href=\"https:\/\/cultrujillo.com\/cemar\/construccion-de-obras-civiles\/\" class=\"elementor-item\" tabindex=\"-1\">Construcci\u00f3n de obras Civiles<\/a><\/li>\n<li class=\"menu-item menu-item-type-post_type menu-item-object-page menu-item-84\"><a href=\"https:\/\/cultrujillo.com\/cemar\/demoliciones-de-estructuras\/\" class=\"elementor-item\" tabindex=\"-1\">Demoliciones de estructuras<\/a><\/li>\n<li class=\"menu-item menu-item-type-post_type menu-item-object-page menu-item-144\"><a href=\"https:\/\/cultrujillo.com\/cemar\/obras-de-arquitectura\/\" class=\"elementor-item\" tabindex=\"-1\">Obras de arquitectura<\/a><\/li>\n<li class=\"menu-item menu-item-type-post_type menu-item-object-page menu-item-145\"><a href=\"https:\/\/cultrujillo.com\/cemar\/construccion-de-edificaciones-completas\/\" class=\"elementor-item\" tabindex=\"-1\">Construcci\u00f3n de edificaciones completas<\/a><\/li>\n<li class=\"menu-item menu-item-type-post_type menu-item-object-page menu-item-146\"><a href=\"https:\/\/cultrujillo.com\/cemar\/excavaciones-profundas-con-muros-anclados\/\" class=\"elementor-item\" tabindex=\"-1\">Excavaciones profundas con muros anclados<\/a><\/li>\n<\/ul>\t\t\t<\/nav>\n\t\t\t\t\t\t<\/div>\n\t\t\t\t<\/div>\n\t\t\t\t<div class=\"elementor-element elementor-element-3f908ff elementor-widget elementor-widget-heading\" data-id=\"3f908ff\" data-element_type=\"widget\" data-widget_type=\"heading.default\">\n\t\t\t\t<div class=\"elementor-widget-container\">\n\t\t\t\t\t<h2 class=\"elementor-heading-title elementor-size-default\">CEMAR INMOBILIARIA<\/h2>\t\t\t\t<\/div>\n\t\t\t\t<\/div>\n\t\t\t\t<div class=\"elementor-element elementor-element-2b2d164 elementor-nav-menu--dropdown-none elementor-widget elementor-widget-nav-menu\" data-id=\"2b2d164\" data-element_type=\"widget\" data-settings=\"{&quot;layout&quot;:&quot;vertical&quot;,&quot;submenu_icon&quot;:{&quot;value&quot;:&quot;&lt;svg class=\\&quot;e-font-icon-svg e-fas-caret-down\\&quot; viewBox=\\&quot;0 0 320 512\\&quot; xmlns=\\&quot;http:\\\/\\\/www.w3.org\\\/2000\\\/svg\\&quot;&gt;&lt;path d=\\&quot;M31.3 192h257.3c17.8 0 26.7 21.5 14.1 34.1L174.1 354.8c-7.8 7.8-20.5 7.8-28.3 0L17.2 226.1C4.6 213.5 13.5 192 31.3 192z\\&quot;&gt;&lt;\\\/path&gt;&lt;\\\/svg&gt;&quot;,&quot;library&quot;:&quot;fa-solid&quot;}}\" data-widget_type=\"nav-menu.default\">\n\t\t\t\t<div class=\"elementor-widget-container\">\n\t\t\t\t\t\t\t\t<nav aria-label=\"Menu\" class=\"elementor-nav-menu--main elementor-nav-menu__container elementor-nav-menu--layout-vertical e--pointer-background e--animation-fade\">\n\t\t\t\t<ul id=\"menu-1-2b2d164\" class=\"elementor-nav-menu sm-vertical\"><li class=\"menu-item menu-item-type-post_type menu-item-object-page menu-item-361\"><a href=\"https:\/\/cultrujillo.com\/cemar\/proyectos-de-obras-civiles\/\" class=\"elementor-item\">Proyectos de Obras Civiles<\/a><\/li>\n<li class=\"menu-item menu-item-type-post_type menu-item-object-page menu-item-397\"><a href=\"https:\/\/cultrujillo.com\/cemar\/proyectos-de-obras-de-edificaciones\/\" class=\"elementor-item\">Proyectos de obras de edificaciones<\/a><\/li>\n<\/ul>\t\t\t<\/nav>\n\t\t\t\t\t\t<nav class=\"elementor-nav-menu--dropdown elementor-nav-menu__container\" aria-hidden=\"true\">\n\t\t\t\t<ul id=\"menu-2-2b2d164\" class=\"elementor-nav-menu sm-vertical\"><li class=\"menu-item menu-item-type-post_type menu-item-object-page menu-item-361\"><a href=\"https:\/\/cultrujillo.com\/cemar\/proyectos-de-obras-civiles\/\" class=\"elementor-item\" tabindex=\"-1\">Proyectos de Obras Civiles<\/a><\/li>\n<li class=\"menu-item menu-item-type-post_type menu-item-object-page menu-item-397\"><a href=\"https:\/\/cultrujillo.com\/cemar\/proyectos-de-obras-de-edificaciones\/\" class=\"elementor-item\" tabindex=\"-1\">Proyectos de obras de edificaciones<\/a><\/li>\n<\/ul>\t\t\t<\/nav>\n\t\t\t\t\t\t<\/div>\n\t\t\t\t<\/div>\n\t\t\t\t<div class=\"elementor-element elementor-element-3e96a25 elementor-widget elementor-widget-heading\" data-id=\"3e96a25\" data-element_type=\"widget\" data-widget_type=\"heading.default\">\n\t\t\t\t<div class=\"elementor-widget-container\">\n\t\t\t\t\t<h2 class=\"elementor-heading-title elementor-size-default\">CEMAR GERENCIA Y SUPERVISI\u00d3N<\/h2>\t\t\t\t<\/div>\n\t\t\t\t<\/div>\n\t\t\t\t<div class=\"elementor-element elementor-element-b6b3e14 elementor-nav-menu--dropdown-none elementor-widget elementor-widget-nav-menu\" data-id=\"b6b3e14\" data-element_type=\"widget\" data-settings=\"{&quot;layout&quot;:&quot;vertical&quot;,&quot;submenu_icon&quot;:{&quot;value&quot;:&quot;&lt;svg class=\\&quot;e-font-icon-svg e-fas-caret-down\\&quot; viewBox=\\&quot;0 0 320 512\\&quot; xmlns=\\&quot;http:\\\/\\\/www.w3.org\\\/2000\\\/svg\\&quot;&gt;&lt;path d=\\&quot;M31.3 192h257.3c17.8 0 26.7 21.5 14.1 34.1L174.1 354.8c-7.8 7.8-20.5 7.8-28.3 0L17.2 226.1C4.6 213.5 13.5 192 31.3 192z\\&quot;&gt;&lt;\\\/path&gt;&lt;\\\/svg&gt;&quot;,&quot;library&quot;:&quot;fa-solid&quot;}}\" data-widget_type=\"nav-menu.default\">\n\t\t\t\t<div class=\"elementor-widget-container\">\n\t\t\t\t\t\t\t\t<nav aria-label=\"Menu\" class=\"elementor-nav-menu--main elementor-nav-menu__container elementor-nav-menu--layout-vertical e--pointer-background e--animation-fade\">\n\t\t\t\t<ul id=\"menu-1-b6b3e14\" class=\"elementor-nav-menu sm-vertical\"><li class=\"menu-item menu-item-type-post_type menu-item-object-page menu-item-410\"><a href=\"https:\/\/cultrujillo.com\/cemar\/desarrollo-del-proyecto\/\" class=\"elementor-item\">Desarrollo del proyecto<\/a><\/li>\n<\/ul>\t\t\t<\/nav>\n\t\t\t\t\t\t<nav class=\"elementor-nav-menu--dropdown elementor-nav-menu__container\" aria-hidden=\"true\">\n\t\t\t\t<ul id=\"menu-2-b6b3e14\" class=\"elementor-nav-menu sm-vertical\"><li class=\"menu-item menu-item-type-post_type menu-item-object-page menu-item-410\"><a href=\"https:\/\/cultrujillo.com\/cemar\/desarrollo-del-proyecto\/\" class=\"elementor-item\" tabindex=\"-1\">Desarrollo del proyecto<\/a><\/li>\n<\/ul>\t\t\t<\/nav>\n\t\t\t\t\t\t<\/div>\n\t\t\t\t<\/div>\n\t\t\t\t<div class=\"elementor-element elementor-element-bf73de6 elementor-widget elementor-widget-spacer\" data-id=\"bf73de6\" data-element_type=\"widget\" data-widget_type=\"spacer.default\">\n\t\t\t\t<div class=\"elementor-widget-container\">\n\t\t\t\t\t\t\t<div class=\"elementor-spacer\">\n\t\t\t<div class=\"elementor-spacer-inner\"><\/div>\n\t\t<\/div>\n\t\t\t\t\t\t<\/div>\n\t\t\t\t<\/div>\n\t\t\t\t<section class=\"elementor-section elementor-inner-section elementor-element elementor-element-90a47f3 elementor-section-boxed elementor-section-height-default elementor-section-height-default\" data-id=\"90a47f3\" data-element_type=\"section\" data-settings=\"{&quot;background_background&quot;:&quot;classic&quot;}\">\n\t\t\t\t\t\t<div class=\"elementor-container elementor-column-gap-default\">\n\t\t\t\t\t<div class=\"elementor-column elementor-col-100 elementor-inner-column elementor-element elementor-element-2ce5400\" data-id=\"2ce5400\" data-element_type=\"column\">\n\t\t\t<div class=\"elementor-widget-wrap elementor-element-populated\">\n\t\t\t\t\t\t<div class=\"elementor-element elementor-element-f7013c9 elementor-position-left elementor-vertical-align-middle elementor-view-default elementor-mobile-position-top elementor-widget elementor-widget-icon-box\" data-id=\"f7013c9\" data-element_type=\"widget\" data-widget_type=\"icon-box.default\">\n\t\t\t\t<div class=\"elementor-widget-container\">\n\t\t\t\t\t\t\t<div class=\"elementor-icon-box-wrapper\">\n\n\t\t\t\t\t\t<div class=\"elementor-icon-box-icon\">\n\t\t\t\t<a href=\"https:\/\/cultrujillo.com\/cemar\/wp-content\/uploads\/2025\/05\/CEMAR_VERSION-MOVIL.pdf\" class=\"elementor-icon\" tabindex=\"-1\" aria-label=\"BROCHURE DIGITAL\">\n\t\t\t\t<svg aria-hidden=\"true\" class=\"e-font-icon-svg e-fas-file-pdf\" viewBox=\"0 0 384 512\" xmlns=\"http:\/\/www.w3.org\/2000\/svg\"><path d=\"M181.9 256.1c-5-16-4.9-46.9-2-46.9 8.4 0 7.6 36.9 2 46.9zm-1.7 47.2c-7.7 20.2-17.3 43.3-28.4 62.7 18.3-7 39-17.2 62.9-21.9-12.7-9.6-24.9-23.4-34.5-40.8zM86.1 428.1c0 .8 13.2-5.4 34.9-40.2-6.7 6.3-29.1 24.5-34.9 40.2zM248 160h136v328c0 13.3-10.7 24-24 24H24c-13.3 0-24-10.7-24-24V24C0 10.7 10.7 0 24 0h200v136c0 13.2 10.8 24 24 24zm-8 171.8c-20-12.2-33.3-29-42.7-53.8 4.5-18.5 11.6-46.6 6.2-64.2-4.7-29.4-42.4-26.5-47.8-6.8-5 18.3-.4 44.1 8.1 77-11.6 27.6-28.7 64.6-40.8 85.8-.1 0-.1.1-.2.1-27.1 13.9-73.6 44.5-54.5 68 5.6 6.9 16 10 21.5 10 17.9 0 35.7-18 61.1-61.8 25.8-8.5 54.1-19.1 79-23.2 21.7 11.8 47.1 19.5 64 19.5 29.2 0 31.2-32 19.7-43.4-13.9-13.6-54.3-9.7-73.6-7.2zM377 105L279 7c-4.5-4.5-10.6-7-17-7h-6v128h128v-6.1c0-6.3-2.5-12.4-7-16.9zm-74.1 255.3c4.1-2.7-2.5-11.9-42.8-9 37.1 15.8 42.8 9 42.8 9z\"><\/path><\/svg>\t\t\t\t<\/a>\n\t\t\t<\/div>\n\t\t\t\n\t\t\t\t\t\t<div class=\"elementor-icon-box-content\">\n\n\t\t\t\t\t\t\t\t\t<h5 class=\"elementor-icon-box-title\">\n\t\t\t\t\t\t<a href=\"https:\/\/cultrujillo.com\/cemar\/wp-content\/uploads\/2025\/05\/CEMAR_VERSION-MOVIL.pdf\" >\n\t\t\t\t\t\t\tBROCHURE DIGITAL\t\t\t\t\t\t<\/a>\n\t\t\t\t\t<\/h5>\n\t\t\t\t\n\t\t\t\t\t\t\t\t\t<p class=\"elementor-icon-box-description\">\n\t\t\t\t\t\tDESCARGAR AQU\u00cd\t\t\t\t\t<\/p>\n\t\t\t\t\n\t\t\t<\/div>\n\t\t\t\n\t\t<\/div>\n\t\t\t\t\t\t<\/div>\n\t\t\t\t<\/div>\n\t\t\t\t\t<\/div>\n\t\t<\/div>\n\t\t\t\t\t<\/div>\n\t\t<\/section>\n\t\t\t\t<div class=\"elementor-element elementor-element-d6874a1 elementor-widget elementor-widget-spacer\" data-id=\"d6874a1\" data-element_type=\"widget\" data-widget_type=\"spacer.default\">\n\t\t\t\t<div class=\"elementor-widget-container\">\n\t\t\t\t\t\t\t<div class=\"elementor-spacer\">\n\t\t\t<div class=\"elementor-spacer-inner\"><\/div>\n\t\t<\/div>\n\t\t\t\t\t\t<\/div>\n\t\t\t\t<\/div>\n\t\t\t\t<div class=\"elementor-element elementor-element-81fb974 elementor-widget elementor-widget-spacer\" data-id=\"81fb974\" data-element_type=\"widget\" data-widget_type=\"spacer.default\">\n\t\t\t\t<div class=\"elementor-widget-container\">\n\t\t\t\t\t\t\t<div class=\"elementor-spacer\">\n\t\t\t<div class=\"elementor-spacer-inner\"><\/div>\n\t\t<\/div>\n\t\t\t\t\t\t<\/div>\n\t\t\t\t<\/div>\n\t\t\t\t\t<\/div>\n\t\t<\/div>\n\t\t\t\t<div class=\"elementor-column elementor-col-50 elementor-top-column elementor-element elementor-element-df75fec\" data-id=\"df75fec\" data-element_type=\"column\">\n\t\t\t<div class=\"elementor-widget-wrap elementor-element-populated\">\n\t\t\t\t\t\t<div class=\"elementor-element elementor-element-b242e23 elementor-invisible elementor-widget elementor-widget-image\" data-id=\"b242e23\" data-element_type=\"widget\" data-settings=\"{&quot;_animation&quot;:&quot;fadeInDown&quot;}\" data-widget_type=\"image.default\">\n\t\t\t\t<div class=\"elementor-widget-container\">\n\t\t\t\t\t\t\t\t\t\t\t\t\t\t\t<img decoding=\"async\" src=\"https:\/\/cultrujillo.com\/cemar\/wp-content\/uploads\/elementor\/thumbs\/Construccion-de-Edificaciones-Completas2-r5vjn8yacq1cmf9puu2nnul0eq2p847pisuavo5big.jpg\" title=\"Construcci\u00f3n de Edificaciones Completas2\" alt=\"Construcci\u00f3n de Edificaciones Completas2\" loading=\"lazy\" \/>\t\t\t\t\t\t\t\t\t\t\t\t\t\t\t<\/div>\n\t\t\t\t<\/div>\n\t\t\t\t<div class=\"elementor-element elementor-element-febe152 elementor-widget__width-auto elementor-widget-divider--view-line elementor-widget elementor-widget-divider\" data-id=\"febe152\" data-element_type=\"widget\" data-widget_type=\"divider.default\">\n\t\t\t\t<div class=\"elementor-widget-container\">\n\t\t\t\t\t\t\t<div class=\"elementor-divider\">\n\t\t\t<span class=\"elementor-divider-separator\">\n\t\t\t\t\t\t<\/span>\n\t\t<\/div>\n\t\t\t\t\t\t<\/div>\n\t\t\t\t<\/div>\n\t\t\t\t<div class=\"elementor-element elementor-element-7cec7e6 elementor-invisible elementor-widget elementor-widget-heading\" data-id=\"7cec7e6\" data-element_type=\"widget\" data-settings=\"{&quot;_animation&quot;:&quot;fadeInLeft&quot;}\" data-widget_type=\"heading.default\">\n\t\t\t\t<div class=\"elementor-widget-container\">\n\t\t\t\t\t<h3 class=\"elementor-heading-title elementor-size-default\">Construcci\u00f3n de Edificaciones Completas<\/h3>\t\t\t\t<\/div>\n\t\t\t\t<\/div>\n\t\t\t\t<div class=\"elementor-element elementor-element-519a69a elementor-invisible elementor-widget elementor-widget-text-editor\" data-id=\"519a69a\" data-element_type=\"widget\" data-settings=\"{&quot;_animation&quot;:&quot;fadeInRight&quot;,&quot;_animation_delay&quot;:250}\" data-widget_type=\"text-editor.default\">\n\t\t\t\t<div class=\"elementor-widget-container\">\n\t\t\t\t\t\t\t\t\t<p class=\"\" data-start=\"283\" data-end=\"639\">En <strong data-start=\"286\" data-end=\"308\">CEMAR CONSTRUCTORA<\/strong>, brindamos el servicio integral de <strong data-start=\"344\" data-end=\"387\">construcci\u00f3n de edificaciones completas<\/strong>, abarcando desde la etapa de dise\u00f1o y planificaci\u00f3n hasta la ejecuci\u00f3n y entrega final de la obra. Ejecutamos proyectos residenciales, comerciales, industriales e institucionales, asegurando funcionalidad, est\u00e9tica, seguridad y cumplimiento normativo.<\/p><p class=\"\" data-start=\"641\" data-end=\"793\">Contamos con un equipo multidisciplinario, tecnolog\u00eda moderna y una s\u00f3lida experiencia en el desarrollo de obras de peque\u00f1a, mediana y gran envergadura.<\/p><h4 class=\"\" data-start=\"795\" data-end=\"834\"><strong data-start=\"800\" data-end=\"834\">\u00bfQu\u00e9 incluye nuestro servicio?<\/strong><\/h4><ul data-start=\"835\" data-end=\"1145\"><li class=\"\" data-start=\"835\" data-end=\"901\"><p class=\"\" data-start=\"837\" data-end=\"901\"><strong data-start=\"837\" data-end=\"865\">Ejecuci\u00f3n de estructuras<\/strong> de concreto armado, acero y mixtas.<\/p><\/li><li class=\"\" data-start=\"902\" data-end=\"958\"><p class=\"\" data-start=\"904\" data-end=\"958\"><strong data-start=\"904\" data-end=\"958\">Instalaciones el\u00e9ctricas, sanitarias y especiales.<\/strong><\/p><\/li><li class=\"\" data-start=\"959\" data-end=\"1004\"><p class=\"\" data-start=\"961\" data-end=\"1004\"><strong data-start=\"961\" data-end=\"1004\">Acabados arquitect\u00f3nicos de alto nivel.<\/strong><\/p><\/li><li class=\"\" data-start=\"1005\" data-end=\"1063\"><p class=\"\" data-start=\"1007\" data-end=\"1063\"><strong data-start=\"1007\" data-end=\"1063\">Supervisi\u00f3n t\u00e9cnica y control de calidad permanente.<\/strong><\/p><\/li><li class=\"\" data-start=\"1064\" data-end=\"1116\"><p class=\"\" data-start=\"1066\" data-end=\"1116\"><strong data-start=\"1066\" data-end=\"1116\">Gesti\u00f3n y planificaci\u00f3n integral del proyecto.<\/strong><\/p><\/li><li class=\"\" data-start=\"1117\" data-end=\"1145\"><p class=\"\" data-start=\"1119\" data-end=\"1145\"><strong data-start=\"1119\" data-end=\"1145\">Entrega llave en mano.<\/strong><\/p><\/li><\/ul><h4 class=\"\" data-start=\"1147\" data-end=\"1196\"><strong data-start=\"1152\" data-end=\"1196\">Tipos de edificaciones que desarrollamos<\/strong><\/h4><ul data-start=\"1197\" data-end=\"1426\"><li class=\"\" data-start=\"1197\" data-end=\"1241\"><p class=\"\" data-start=\"1199\" data-end=\"1241\">Viviendas unifamiliares y multifamiliares.<\/p><\/li><li class=\"\" data-start=\"1242\" data-end=\"1283\"><p class=\"\" data-start=\"1244\" data-end=\"1283\">Condominios y conjuntos habitacionales.<\/p><\/li><li class=\"\" data-start=\"1284\" data-end=\"1339\"><p class=\"\" data-start=\"1286\" data-end=\"1339\">Locales comerciales, centros empresariales, oficinas.<\/p><\/li><li class=\"\" data-start=\"1340\" data-end=\"1375\"><p class=\"\" data-start=\"1342\" data-end=\"1375\">Plantas industriales y almacenes.<\/p><\/li><li class=\"\" data-start=\"1376\" data-end=\"1426\"><p class=\"\" data-start=\"1378\" data-end=\"1426\">Instituciones educativas, de salud y recreaci\u00f3n.<\/p><\/li><\/ul><h4 class=\"\" data-start=\"1428\" data-end=\"1481\"><strong data-start=\"1433\" data-end=\"1481\">Ventajas de construir con CEMAR CONSTRUCTORA<\/strong><\/h4><ul data-start=\"1482\" data-end=\"1791\"><li class=\"\" data-start=\"1482\" data-end=\"1536\"><p class=\"\" data-start=\"1484\" data-end=\"1536\"><strong data-start=\"1484\" data-end=\"1536\">Dise\u00f1os adaptados a las necesidades del cliente.<\/strong><\/p><\/li><li class=\"\" data-start=\"1537\" data-end=\"1605\"><p class=\"\" data-start=\"1539\" data-end=\"1605\"><strong data-start=\"1539\" data-end=\"1605\">Cumplimiento estricto de plazos, costos y est\u00e1ndares t\u00e9cnicos.<\/strong><\/p><\/li><li class=\"\" data-start=\"1606\" data-end=\"1668\"><p class=\"\" data-start=\"1608\" data-end=\"1668\"><strong data-start=\"1608\" data-end=\"1668\">Uso de materiales de calidad y proveedores certificados.<\/strong><\/p><\/li><li class=\"\" data-start=\"1669\" data-end=\"1723\"><p class=\"\" data-start=\"1671\" data-end=\"1723\"><strong data-start=\"1671\" data-end=\"1723\">Equipo profesional comprometido y experimentado.<\/strong><\/p><\/li><li class=\"\" data-start=\"1724\" data-end=\"1791\"><p class=\"\" data-start=\"1726\" data-end=\"1791\">Enfoque en <strong data-start=\"1737\" data-end=\"1791\">seguridad, sostenibilidad y eficiencia energ\u00e9tica.<\/strong><\/p><\/li><\/ul>\t\t\t\t\t\t\t\t<\/div>\n\t\t\t\t<\/div>\n\t\t\t\t\t<\/div>\n\t\t<\/div>\n\t\t\t\t\t<\/div>\n\t\t<\/section>\n\t\t\t\t<\/div>\n\t\t","protected":false},"excerpt":{"rendered":"<p>CEMAR CONSTRUCTORA CEMAR INMOBILIARIA CEMAR GERENCIA Y SUPERVISI\u00d3N BROCHURE DIGITAL DESCARGAR AQU\u00cd Construcci\u00f3n de Edificaciones Completas En CEMAR CONSTRUCTORA, brindamos el servicio integral de construcci\u00f3n de edificaciones completas, abarcando desde la etapa de dise\u00f1o y planificaci\u00f3n hasta la ejecuci\u00f3n y entrega final de la obra. Ejecutamos proyectos residenciales, comerciales, industriales e institucionales, asegurando funcionalidad, est\u00e9tica, [&hellip;]<\/p>\n","protected":false},"author":1,"featured_media":0,"parent":0,"menu_order":0,"comment_status":"closed","ping_status":"closed","template":"elementor_header_footer","meta":{"_joinchat":[],"footnotes":""},"class_list":["post-112","page","type-page","status-publish","hentry"],"_links":{"self":[{"href":"https:\/\/cultrujillo.com\/cemar\/wp-json\/wp\/v2\/pages\/112","targetHints":{"allow":["GET"]}}],"collection":[{"href":"https:\/\/cultrujillo.com\/cemar\/wp-json\/wp\/v2\/pages"}],"about":[{"href":"https:\/\/cultrujillo.com\/cemar\/wp-json\/wp\/v2\/types\/page"}],"author":[{"embeddable":true,"href":"https:\/\/cultrujillo.com\/cemar\/wp-json\/wp\/v2\/users\/1"}],"replies":[{"embeddable":true,"href":"https:\/\/cultrujillo.com\/cemar\/wp-json\/wp\/v2\/comments?post=112"}],"version-history":[{"count":25,"href":"https:\/\/cultrujillo.com\/cemar\/wp-json\/wp\/v2\/pages\/112\/revisions"}],"predecessor-version":[{"id":376,"href":"https:\/\/cultrujillo.com\/cemar\/wp-json\/wp\/v2\/pages\/112\/revisions\/376"}],"wp:attachment":[{"href":"https:\/\/cultrujillo.com\/cemar\/wp-json\/wp\/v2\/media?parent=112"}],"curies":[{"name":"wp","href":"https:\/\/api.w.org\/{rel}","templated":true}]}}