{"id":70,"date":"2025-05-08T15:45:10","date_gmt":"2025-05-08T15:45:10","guid":{"rendered":"https:\/\/cultrujillo.com\/cazaindustrias\/?page_id=70"},"modified":"2025-05-20T21:52:05","modified_gmt":"2025-05-20T21:52:05","slug":"proyectos-civiles","status":"publish","type":"page","link":"https:\/\/cultrujillo.com\/cazaindustrias\/proyectos-civiles\/","title":{"rendered":"Proyectos civiles"},"content":{"rendered":"\t\t<div data-elementor-type=\"wp-page\" data-elementor-id=\"70\" class=\"elementor elementor-70\" data-elementor-post-type=\"page\">\n\t\t\t\t\t\t<section class=\"elementor-section elementor-top-section elementor-element elementor-element-3a6844b3 elementor-section-height-min-height elementor-reverse-mobile elementor-section-items-stretch elementor-section-boxed elementor-section-height-default\" data-id=\"3a6844b3\" data-element_type=\"section\" data-settings=\"{&quot;background_background&quot;:&quot;classic&quot;}\">\n\t\t\t\t\t\t\t<div class=\"elementor-background-overlay\"><\/div>\n\t\t\t\t\t\t\t<div class=\"elementor-container elementor-column-gap-wider\">\n\t\t\t\t\t<div class=\"elementor-column elementor-col-100 elementor-top-column elementor-element elementor-element-ae81127\" data-id=\"ae81127\" data-element_type=\"column\">\n\t\t\t<div class=\"elementor-widget-wrap elementor-element-populated\">\n\t\t\t\t\t\t\t<\/div>\n\t\t<\/div>\n\t\t\t\t\t<\/div>\n\t\t<\/section>\n\t\t\t\t<section class=\"elementor-section elementor-top-section elementor-element elementor-element-15fd7466 elementor-section-boxed elementor-section-height-default elementor-section-height-default\" data-id=\"15fd7466\" data-element_type=\"section\" data-settings=\"{&quot;background_background&quot;:&quot;classic&quot;}\">\n\t\t\t\t\t\t<div class=\"elementor-container elementor-column-gap-no\">\n\t\t\t\t\t<div class=\"elementor-column elementor-col-100 elementor-top-column elementor-element elementor-element-3531c0bd\" data-id=\"3531c0bd\" data-element_type=\"column\">\n\t\t\t<div class=\"elementor-widget-wrap elementor-element-populated\">\n\t\t\t\t\t\t<section class=\"elementor-section elementor-inner-section elementor-element elementor-element-49358acb elementor-section-boxed elementor-section-height-default elementor-section-height-default\" data-id=\"49358acb\" data-element_type=\"section\">\n\t\t\t\t\t\t<div class=\"elementor-container elementor-column-gap-wider\">\n\t\t\t\t\t<div class=\"elementor-column elementor-col-50 elementor-inner-column elementor-element elementor-element-3025add9\" data-id=\"3025add9\" data-element_type=\"column\">\n\t\t\t<div class=\"elementor-widget-wrap elementor-element-populated\">\n\t\t\t\t\t\t<section class=\"elementor-section elementor-inner-section elementor-element elementor-element-33ee1b88 elementor-section-boxed elementor-section-height-default elementor-section-height-default\" data-id=\"33ee1b88\" data-element_type=\"section\">\n\t\t\t\t\t\t<div class=\"elementor-container elementor-column-gap-no\">\n\t\t\t\t\t<div class=\"elementor-column elementor-col-100 elementor-inner-column elementor-element elementor-element-3871eb4c\" data-id=\"3871eb4c\" data-element_type=\"column\">\n\t\t\t<div class=\"elementor-widget-wrap elementor-element-populated\">\n\t\t\t\t\t\t<div class=\"elementor-element elementor-element-79961177 animated-slow elementor-invisible elementor-widget elementor-widget-heading\" data-id=\"79961177\" data-element_type=\"widget\" data-settings=\"{&quot;_animation&quot;:&quot;fadeInDown&quot;,&quot;_animation_delay&quot;:200}\" data-widget_type=\"heading.default\">\n\t\t\t\t<div class=\"elementor-widget-container\">\n\t\t\t\t\t<h2 class=\"elementor-heading-title elementor-size-default\">CAZA INDUSTRIAS PER\u00da S.A.C<\/h2>\t\t\t\t<\/div>\n\t\t\t\t<\/div>\n\t\t\t\t<div class=\"elementor-element elementor-element-44430322 elementor-widget-divider--view-line elementor-widget elementor-widget-divider\" data-id=\"44430322\" data-element_type=\"widget\" data-widget_type=\"divider.default\">\n\t\t\t\t<div class=\"elementor-widget-container\">\n\t\t\t\t\t\t\t<div class=\"elementor-divider\">\n\t\t\t<span class=\"elementor-divider-separator\">\n\t\t\t\t\t\t<\/span>\n\t\t<\/div>\n\t\t\t\t\t\t<\/div>\n\t\t\t\t<\/div>\n\t\t\t\t\t<\/div>\n\t\t<\/div>\n\t\t\t\t\t<\/div>\n\t\t<\/section>\n\t\t\t\t<section class=\"elementor-section elementor-inner-section elementor-element elementor-element-493c6f70 elementor-section-boxed elementor-section-height-default elementor-section-height-default\" data-id=\"493c6f70\" data-element_type=\"section\">\n\t\t\t\t\t\t<div class=\"elementor-container elementor-column-gap-no\">\n\t\t\t\t\t<div class=\"elementor-column elementor-col-100 elementor-inner-column elementor-element elementor-element-2dd8cb04\" data-id=\"2dd8cb04\" data-element_type=\"column\">\n\t\t\t<div class=\"elementor-widget-wrap elementor-element-populated\">\n\t\t\t\t\t\t<div class=\"elementor-element elementor-element-74ff8622 elementor-headline--style-highlight elementor-invisible elementor-widget elementor-widget-animated-headline\" data-id=\"74ff8622\" data-element_type=\"widget\" data-settings=\"{&quot;_animation&quot;:&quot;fadeInDown&quot;,&quot;headline_style&quot;:&quot;highlight&quot;,&quot;marker&quot;:&quot;circle&quot;,&quot;loop&quot;:&quot;yes&quot;,&quot;highlight_animation_duration&quot;:1200,&quot;highlight_iteration_delay&quot;:8000}\" data-widget_type=\"animated-headline.default\">\n\t\t\t\t<div class=\"elementor-widget-container\">\n\t\t\t\t\t\t\t<h3 class=\"elementor-headline\">\n\t\t\t\t\t<span class=\"elementor-headline-plain-text elementor-headline-text-wrapper\">Consultor\u00eda, dise\u00f1o, ejecuci\u00f3n y supervisi\u00f3n de proyectos civiles.<\/span>\n\t\t\t\t<span class=\"elementor-headline-dynamic-wrapper elementor-headline-text-wrapper\">\n\t\t\t\t<\/span>\n\t\t\t\t<\/h3>\n\t\t\t\t\t\t<\/div>\n\t\t\t\t<\/div>\n\t\t\t\t\t<\/div>\n\t\t<\/div>\n\t\t\t\t\t<\/div>\n\t\t<\/section>\n\t\t\t\t\t<\/div>\n\t\t<\/div>\n\t\t\t\t<div class=\"elementor-column elementor-col-50 elementor-inner-column elementor-element elementor-element-724090db elementor-invisible\" data-id=\"724090db\" data-element_type=\"column\" data-settings=\"{&quot;background_background&quot;:&quot;classic&quot;,&quot;animation&quot;:&quot;fadeInRight&quot;,&quot;animation_delay&quot;:250}\">\n\t\t\t<div class=\"elementor-widget-wrap elementor-element-populated\">\n\t\t\t\t\t\t<div class=\"elementor-element elementor-element-45ded18 elementor-widget elementor-widget-spacer\" data-id=\"45ded18\" data-element_type=\"widget\" data-widget_type=\"spacer.default\">\n\t\t\t\t<div class=\"elementor-widget-container\">\n\t\t\t\t\t\t\t<div class=\"elementor-spacer\">\n\t\t\t<div class=\"elementor-spacer-inner\"><\/div>\n\t\t<\/div>\n\t\t\t\t\t\t<\/div>\n\t\t\t\t<\/div>\n\t\t\t\t\t<\/div>\n\t\t<\/div>\n\t\t\t\t\t<\/div>\n\t\t<\/section>\n\t\t\t\t<section class=\"elementor-section elementor-inner-section elementor-element elementor-element-31510ad0 elementor-section-full_width elementor-section-height-default elementor-section-height-default\" data-id=\"31510ad0\" data-element_type=\"section\" data-settings=\"{&quot;background_background&quot;:&quot;classic&quot;}\">\n\t\t\t\t\t\t<div class=\"elementor-container elementor-column-gap-wider\">\n\t\t\t\t\t<div class=\"elementor-column elementor-col-100 elementor-inner-column elementor-element elementor-element-3801fa6\" data-id=\"3801fa6\" data-element_type=\"column\">\n\t\t\t<div class=\"elementor-widget-wrap elementor-element-populated\">\n\t\t\t\t\t\t<div class=\"elementor-element elementor-element-4d29024e elementor-invisible elementor-widget elementor-widget-text-editor\" data-id=\"4d29024e\" data-element_type=\"widget\" data-settings=\"{&quot;_animation&quot;:&quot;fadeInUp&quot;,&quot;_animation_delay&quot;:450}\" data-widget_type=\"text-editor.default\">\n\t\t\t\t<div class=\"elementor-widget-container\">\n\t\t\t\t\t\t\t\t\t<p class=\"\" data-start=\"330\" data-end=\"593\">En <strong data-start=\"333\" data-end=\"364\">CAZA INDUSTRIAS PER\u00da S.A.C.<\/strong>, ofrecemos un servicio integral de <strong data-start=\"400\" data-end=\"445\">dise\u00f1o y elaboraci\u00f3n de proyectos civiles<\/strong>, orientado a brindar soluciones eficientes, seguras y sostenibles, adaptadas a las necesidades de nuestros clientes y a las exigencias del entorno.<\/p><p class=\"\" data-start=\"595\" data-end=\"859\">Contamos con un equipo multidisciplinario de profesionales altamente calificados y con amplia experiencia en ingenier\u00eda civil, arquitectura, topograf\u00eda y gesti\u00f3n de obras, lo que nos permite desarrollar proyectos desde la etapa conceptual hasta su ejecuci\u00f3n final.<\/p><h4 class=\"\" data-start=\"861\" data-end=\"898\"><strong data-start=\"866\" data-end=\"898\">Nuestros servicios incluyen:<\/strong><\/h4><ul data-start=\"899\" data-end=\"1296\"><li class=\"\" data-start=\"899\" data-end=\"973\"><p class=\"\" data-start=\"901\" data-end=\"973\">Estudios preliminares (topogr\u00e1ficos, geot\u00e9cnicos y de impacto ambiental)<\/p><\/li><li class=\"\" data-start=\"974\" data-end=\"1011\"><p class=\"\" data-start=\"976\" data-end=\"1011\">Dise\u00f1o arquitect\u00f3nico y estructural<\/p><\/li><li class=\"\" data-start=\"1012\" data-end=\"1059\"><p class=\"\" data-start=\"1014\" data-end=\"1059\">Elaboraci\u00f3n de expedientes t\u00e9cnicos completos<\/p><\/li><li class=\"\" data-start=\"1060\" data-end=\"1109\"><p class=\"\" data-start=\"1062\" data-end=\"1109\">C\u00e1lculo de estructuras y sistemas constructivos<\/p><\/li><li class=\"\" data-start=\"1110\" data-end=\"1170\"><p class=\"\" data-start=\"1112\" data-end=\"1170\">Desarrollo de planos, metrados, presupuestos y cronogramas<\/p><\/li><li class=\"\" data-start=\"1171\" data-end=\"1234\"><p class=\"\" data-start=\"1173\" data-end=\"1234\">Tramitaci\u00f3n y gesti\u00f3n de licencias ante entidades competentes<\/p><\/li><li class=\"\" data-start=\"1235\" data-end=\"1296\"><p class=\"\" data-start=\"1237\" data-end=\"1296\">Asesor\u00eda t\u00e9cnica permanente durante la ejecuci\u00f3n de la obra<\/p><\/li><\/ul><h4 data-start=\"1298\" data-end=\"1344\"><strong data-start=\"1303\" data-end=\"1344\">Tipos de proyectos que desarrollamos:<\/strong><\/h4><ul data-start=\"1345\" data-end=\"1599\"><li class=\"\" data-start=\"1345\" data-end=\"1431\"><p class=\"\" data-start=\"1347\" data-end=\"1431\">Obras de infraestructura urbana y rural (pistas, veredas, sistemas de drenaje, etc.)<\/p><\/li><li class=\"\" data-start=\"1432\" data-end=\"1489\"><p class=\"\" data-start=\"1434\" data-end=\"1489\">Edificaciones residenciales, comerciales e industriales<\/p><\/li><li class=\"\" data-start=\"1490\" data-end=\"1549\"><p class=\"\" data-start=\"1492\" data-end=\"1549\">Obras sanitarias (redes de agua potable y alcantarillado)<\/p><\/li><li class=\"\" data-start=\"1550\" data-end=\"1599\"><p class=\"\" data-start=\"1552\" data-end=\"1599\">Proyectos de urbanizaci\u00f3n y habilitaci\u00f3n urbana<\/p><\/li><\/ul>\t\t\t\t\t\t\t\t<\/div>\n\t\t\t\t<\/div>\n\t\t\t\t\t<\/div>\n\t\t<\/div>\n\t\t\t\t\t<\/div>\n\t\t<\/section>\n\t\t\t\t<div class=\"elementor-element elementor-element-5e409450 elementor-widget-divider--view-line elementor-widget elementor-widget-divider\" data-id=\"5e409450\" data-element_type=\"widget\" data-widget_type=\"divider.default\">\n\t\t\t\t<div class=\"elementor-widget-container\">\n\t\t\t\t\t\t\t<div class=\"elementor-divider\">\n\t\t\t<span class=\"elementor-divider-separator\">\n\t\t\t\t\t\t<\/span>\n\t\t<\/div>\n\t\t\t\t\t\t<\/div>\n\t\t\t\t<\/div>\n\t\t\t\t\t<\/div>\n\t\t<\/div>\n\t\t\t\t\t<\/div>\n\t\t<\/section>\n\t\t\t\t<\/div>\n\t\t","protected":false},"excerpt":{"rendered":"<p>CAZA INDUSTRIAS PER\u00da S.A.C Consultor\u00eda, dise\u00f1o, ejecuci\u00f3n y supervisi\u00f3n de proyectos civiles. En CAZA INDUSTRIAS PER\u00da S.A.C., ofrecemos un servicio integral de dise\u00f1o y elaboraci\u00f3n de proyectos civiles, orientado a brindar soluciones eficientes, seguras y sostenibles, adaptadas a las necesidades de nuestros clientes y a las exigencias del entorno. Contamos con un equipo multidisciplinario de [&hellip;]<\/p>\n","protected":false},"author":1,"featured_media":0,"parent":0,"menu_order":0,"comment_status":"closed","ping_status":"closed","template":"elementor_header_footer","meta":{"_joinchat":[],"footnotes":""},"class_list":["post-70","page","type-page","status-publish","hentry"],"_links":{"self":[{"href":"https:\/\/cultrujillo.com\/cazaindustrias\/wp-json\/wp\/v2\/pages\/70","targetHints":{"allow":["GET"]}}],"collection":[{"href":"https:\/\/cultrujillo.com\/cazaindustrias\/wp-json\/wp\/v2\/pages"}],"about":[{"href":"https:\/\/cultrujillo.com\/cazaindustrias\/wp-json\/wp\/v2\/types\/page"}],"author":[{"embeddable":true,"href":"https:\/\/cultrujillo.com\/cazaindustrias\/wp-json\/wp\/v2\/users\/1"}],"replies":[{"embeddable":true,"href":"https:\/\/cultrujillo.com\/cazaindustrias\/wp-json\/wp\/v2\/comments?post=70"}],"version-history":[{"count":37,"href":"https:\/\/cultrujillo.com\/cazaindustrias\/wp-json\/wp\/v2\/pages\/70\/revisions"}],"predecessor-version":[{"id":554,"href":"https:\/\/cultrujillo.com\/cazaindustrias\/wp-json\/wp\/v2\/pages\/70\/revisions\/554"}],"wp:attachment":[{"href":"https:\/\/cultrujillo.com\/cazaindustrias\/wp-json\/wp\/v2\/media?parent=70"}],"curies":[{"name":"wp","href":"https:\/\/api.w.org\/{rel}","templated":true}]}}