{"id":89,"date":"2025-03-01T00:55:37","date_gmt":"2025-03-01T00:55:37","guid":{"rendered":"https:\/\/cultrujillo.com\/balen\/?page_id=89"},"modified":"2025-04-02T12:59:37","modified_gmt":"2025-04-02T12:59:37","slug":"nosotros","status":"publish","type":"page","link":"https:\/\/cultrujillo.com\/balen\/","title":{"rendered":"Nosotros"},"content":{"rendered":"\t\t<div data-elementor-type=\"wp-page\" data-elementor-id=\"89\" class=\"elementor elementor-89\" data-elementor-post-type=\"page\">\n\t\t\t\t\t\t<section class=\"elementor-section elementor-top-section elementor-element elementor-element-2d574f32 elementor-hidden-desktop elementor-hidden-tablet elementor-hidden-mobile elementor-section-boxed elementor-section-height-default elementor-section-height-default\" data-id=\"2d574f32\" data-element_type=\"section\" data-settings=\"{&quot;background_background&quot;:&quot;slideshow&quot;,&quot;background_slideshow_gallery&quot;:[],&quot;background_slideshow_loop&quot;:&quot;yes&quot;,&quot;background_slideshow_slide_duration&quot;:5000,&quot;background_slideshow_slide_transition&quot;:&quot;fade&quot;,&quot;background_slideshow_transition_duration&quot;:500}\">\n\t\t\t\t\t\t\t<div class=\"elementor-background-overlay\"><\/div>\n\t\t\t\t\t\t\t<div class=\"elementor-container elementor-column-gap-default\">\n\t\t\t\t\t<div class=\"elementor-column elementor-col-50 elementor-top-column elementor-element elementor-element-7bcd39cd\" data-id=\"7bcd39cd\" data-element_type=\"column\">\n\t\t\t<div class=\"elementor-widget-wrap elementor-element-populated\">\n\t\t\t\t\t\t<div class=\"elementor-element elementor-element-5dff276f elementor-headline--style-rotate elementor-widget elementor-widget-animated-headline\" data-id=\"5dff276f\" data-element_type=\"widget\" data-settings=\"{&quot;headline_style&quot;:&quot;rotate&quot;,&quot;animation_type&quot;:&quot;blinds&quot;,&quot;rotating_text&quot;:&quot;Estilo \\nExclusividad \\nElegancia&quot;,&quot;loop&quot;:&quot;yes&quot;,&quot;rotate_iteration_delay&quot;:2500}\" data-widget_type=\"animated-headline.default\">\n\t\t\t\t<div class=\"elementor-widget-container\">\n\t\t\t\t\t\t\t<h1 class=\"elementor-headline elementor-headline-animation-type-blinds elementor-headline-letters\">\n\t\t\t\t\t<span class=\"elementor-headline-plain-text elementor-headline-text-wrapper\">Brilla con<\/span>\n\t\t\t\t<span class=\"elementor-headline-dynamic-wrapper elementor-headline-text-wrapper\">\n\t\t\t\t\t<span class=\"elementor-headline-dynamic-text elementor-headline-text-active\">\n\t\t\t\tEstilo&nbsp;\t\t\t<\/span>\n\t\t\t\t\t<span class=\"elementor-headline-dynamic-text\">\n\t\t\t\tExclusividad&nbsp;\t\t\t<\/span>\n\t\t\t\t\t<span class=\"elementor-headline-dynamic-text\">\n\t\t\t\tElegancia\t\t\t<\/span>\n\t\t\t\t\t\t<\/span>\n\t\t\t\t<\/h1>\n\t\t\t\t\t\t<\/div>\n\t\t\t\t<\/div>\n\t\t\t\t<div class=\"elementor-element elementor-element-3543cd77 elementor-widget elementor-widget-text-editor\" data-id=\"3543cd77\" data-element_type=\"widget\" data-widget_type=\"text-editor.default\">\n\t\t\t\t<div class=\"elementor-widget-container\">\n\t\t\t\t\t\t\t\t\tDescubre la elegancia de la joyer\u00eda de Calvin Klein, Hugo Boss y Lacoste, disponible exclusivamente en Per\u00fa con Balendi Group. Cada pieza refleja lujo, sofisticaci\u00f3n y autenticidad, ideal para complementar tu estilo con distinci\u00f3n.\t\t\t\t\t\t\t\t<\/div>\n\t\t\t\t<\/div>\n\t\t\t\t<div class=\"elementor-element elementor-element-198eeb9e elementor-align-left elementor-widget elementor-widget-button\" data-id=\"198eeb9e\" data-element_type=\"widget\" data-widget_type=\"button.default\">\n\t\t\t\t<div class=\"elementor-widget-container\">\n\t\t\t\t\t\t\t\t\t<div class=\"elementor-button-wrapper\">\n\t\t\t\t\t<a class=\"elementor-button elementor-size-sm\" role=\"button\">\n\t\t\t\t\t\t<span class=\"elementor-button-content-wrapper\">\n\t\t\t\t\t\t\t\t\t<span class=\"elementor-button-text\">Descargar Catalogo<\/span>\n\t\t\t\t\t<\/span>\n\t\t\t\t\t<\/a>\n\t\t\t\t<\/div>\n\t\t\t\t\t\t\t\t<\/div>\n\t\t\t\t<\/div>\n\t\t\t\t\t<\/div>\n\t\t<\/div>\n\t\t\t\t<div class=\"elementor-column elementor-col-50 elementor-top-column elementor-element elementor-element-1e0c8e9\" data-id=\"1e0c8e9\" data-element_type=\"column\">\n\t\t\t<div class=\"elementor-widget-wrap\">\n\t\t\t\t\t\t\t<\/div>\n\t\t<\/div>\n\t\t\t\t\t<\/div>\n\t\t<\/section>\n\t\t<div class=\"elementor-element elementor-element-02debae e-con-full e-flex e-con e-parent\" data-id=\"02debae\" data-element_type=\"container\" data-settings=\"{&quot;background_background&quot;:&quot;video&quot;,&quot;background_video_link&quot;:&quot;https:\\\/\\\/cultrujillo.com\\\/balen\\\/wp-content\\\/uploads\\\/2025\\\/03\\\/balendi-video.mp4&quot;,&quot;background_play_on_mobile&quot;:&quot;yes&quot;}\">\n\t\t<div class=\"elementor-background-video-container\">\n\t\t\t\t\t\t\t<video class=\"elementor-background-video-hosted\" autoplay muted playsinline loop><\/video>\n\t\t\t\t\t<\/div>\t\t<\/div>\n\t\t<div class=\"elementor-element elementor-element-b17d957 e-con-full elementor-hidden-desktop elementor-hidden-tablet elementor-hidden-mobile e-flex e-con e-parent\" data-id=\"b17d957\" data-element_type=\"container\">\n\t\t<div class=\"elementor-element elementor-element-ad68ba3 e-con-full e-flex e-con e-child\" data-id=\"ad68ba3\" data-element_type=\"container\" data-settings=\"{&quot;background_background&quot;:&quot;video&quot;,&quot;background_video_link&quot;:&quot;https:\\\/\\\/cultrujillo.com\\\/balen\\\/wp-content\\\/uploads\\\/2025\\\/03\\\/Diseno-sin-titulo-9.mp4&quot;,&quot;background_play_on_mobile&quot;:&quot;yes&quot;}\">\n\t\t<div class=\"elementor-background-video-container\">\n\t\t\t\t\t\t\t<video class=\"elementor-background-video-hosted\" autoplay muted playsinline loop><\/video>\n\t\t\t\t\t<\/div>\t\t<div class=\"elementor-element elementor-element-83ebbc7 elementor-widget elementor-widget-spacer\" data-id=\"83ebbc7\" data-element_type=\"widget\" data-widget_type=\"spacer.default\">\n\t\t\t\t<div class=\"elementor-widget-container\">\n\t\t\t\t\t\t\t<div class=\"elementor-spacer\">\n\t\t\t<div class=\"elementor-spacer-inner\"><\/div>\n\t\t<\/div>\n\t\t\t\t\t\t<\/div>\n\t\t\t\t<\/div>\n\t\t\t\t<\/div>\n\t\t<div class=\"elementor-element elementor-element-96af091 e-con-full e-flex e-con e-child\" data-id=\"96af091\" data-element_type=\"container\">\n\t\t<div class=\"elementor-element elementor-element-c9be29e e-con-full e-flex e-con e-child\" data-id=\"c9be29e\" data-element_type=\"container\" data-settings=\"{&quot;background_background&quot;:&quot;video&quot;,&quot;background_video_link&quot;:&quot;https:\\\/\\\/cultrujillo.com\\\/balen\\\/wp-content\\\/uploads\\\/2025\\\/03\\\/Diseno-sin-titulo-11.mp4&quot;,&quot;background_play_on_mobile&quot;:&quot;yes&quot;}\">\n\t\t<div class=\"elementor-background-video-container\">\n\t\t\t\t\t\t\t<video class=\"elementor-background-video-hosted\" autoplay muted playsinline loop><\/video>\n\t\t\t\t\t<\/div>\t\t<div class=\"elementor-element elementor-element-db1992f elementor-widget elementor-widget-spacer\" data-id=\"db1992f\" data-element_type=\"widget\" data-widget_type=\"spacer.default\">\n\t\t\t\t<div class=\"elementor-widget-container\">\n\t\t\t\t\t\t\t<div class=\"elementor-spacer\">\n\t\t\t<div class=\"elementor-spacer-inner\"><\/div>\n\t\t<\/div>\n\t\t\t\t\t\t<\/div>\n\t\t\t\t<\/div>\n\t\t\t\t<\/div>\n\t\t<div class=\"elementor-element elementor-element-b7af37d e-con-full e-flex e-con e-child\" data-id=\"b7af37d\" data-element_type=\"container\" data-settings=\"{&quot;background_background&quot;:&quot;video&quot;,&quot;background_video_link&quot;:&quot;https:\\\/\\\/cultrujillo.com\\\/balen\\\/wp-content\\\/uploads\\\/2025\\\/03\\\/Diseno-sin-titulo-10.mp4&quot;,&quot;background_play_on_mobile&quot;:&quot;yes&quot;}\">\n\t\t<div class=\"elementor-background-video-container\">\n\t\t\t\t\t\t\t<video class=\"elementor-background-video-hosted\" autoplay muted playsinline loop><\/video>\n\t\t\t\t\t<\/div>\t\t<div class=\"elementor-element elementor-element-9e54d18 elementor-widget elementor-widget-spacer\" data-id=\"9e54d18\" data-element_type=\"widget\" data-widget_type=\"spacer.default\">\n\t\t\t\t<div class=\"elementor-widget-container\">\n\t\t\t\t\t\t\t<div class=\"elementor-spacer\">\n\t\t\t<div class=\"elementor-spacer-inner\"><\/div>\n\t\t<\/div>\n\t\t\t\t\t\t<\/div>\n\t\t\t\t<\/div>\n\t\t\t\t<\/div>\n\t\t\t\t<\/div>\n\t\t\t\t<\/div>\n\t\t\t\t<section class=\"elementor-section elementor-top-section elementor-element elementor-element-9b4b802 elementor-section-boxed elementor-section-height-default elementor-section-height-default\" data-id=\"9b4b802\" data-element_type=\"section\" data-settings=\"{&quot;background_background&quot;:&quot;classic&quot;}\">\n\t\t\t\t\t\t<div class=\"elementor-container elementor-column-gap-default\">\n\t\t\t\t\t<div class=\"elementor-column elementor-col-100 elementor-top-column elementor-element elementor-element-8b34494\" data-id=\"8b34494\" data-element_type=\"column\">\n\t\t\t<div class=\"elementor-widget-wrap elementor-element-populated\">\n\t\t\t\t\t\t<div class=\"elementor-element elementor-element-8932cf3 elementor-widget elementor-widget-heading\" data-id=\"8932cf3\" data-element_type=\"widget\" data-widget_type=\"heading.default\">\n\t\t\t\t<div class=\"elementor-widget-container\">\n\t\t\t\t\t<h2 class=\"elementor-heading-title elementor-size-default\">Balendi Group SAC<\/h2>\t\t\t\t<\/div>\n\t\t\t\t<\/div>\n\t\t\t\t<div class=\"elementor-element elementor-element-6f5712d elementor-widget elementor-widget-text-editor\" data-id=\"6f5712d\" data-element_type=\"widget\" data-widget_type=\"text-editor.default\">\n\t\t\t\t<div class=\"elementor-widget-container\">\n\t\t\t\t\t\t\t\t\t<p><strong>BALENDI GROUP SAC<\/strong>, nace con el objetivo de representar a prestigiosas marcas internacionales de renombre. Nuestra experiencia, confianza y transparencia son pilares para seguir fortaleciendo nuestro compromiso con proveedores y clientes.<\/p><p>Balendi Group, es representante autorizado y exclusivo en Per\u00fa de \u00a0<strong>Calvin Klein &#8211; Jewelry, Boss &#8211; Jewelry \u00a0y Lacoste- Jewelry.<\/strong><\/p>\t\t\t\t\t\t\t\t<\/div>\n\t\t\t\t<\/div>\n\t\t\t\t\t<\/div>\n\t\t<\/div>\n\t\t\t\t\t<\/div>\n\t\t<\/section>\n\t\t<div class=\"elementor-element elementor-element-3f8127a e-flex e-con-boxed e-con e-parent\" data-id=\"3f8127a\" data-element_type=\"container\">\n\t\t\t\t\t<div class=\"e-con-inner\">\n\t\t<div class=\"elementor-element elementor-element-5ad8c0e e-con-full e-flex e-con e-child\" data-id=\"5ad8c0e\" data-element_type=\"container\">\n\t\t\t\t<div class=\"elementor-element elementor-element-e851081 elementor-widget elementor-widget-image\" data-id=\"e851081\" data-element_type=\"widget\" data-widget_type=\"image.default\">\n\t\t\t\t<div class=\"elementor-widget-container\">\n\t\t\t\t\t\t\t\t\t\t\t\t\t\t\t<img fetchpriority=\"high\" decoding=\"async\" width=\"800\" height=\"539\" src=\"https:\/\/cultrujillo.com\/balen\/wp-content\/uploads\/2025\/03\/BOSS_LOGO_SUB_JEWELRY_black_RGB-1024x690.png\" class=\"attachment-large size-large wp-image-339\" alt=\"\" srcset=\"https:\/\/cultrujillo.com\/balen\/wp-content\/uploads\/2025\/03\/BOSS_LOGO_SUB_JEWELRY_black_RGB-1024x690.png 1024w, https:\/\/cultrujillo.com\/balen\/wp-content\/uploads\/2025\/03\/BOSS_LOGO_SUB_JEWELRY_black_RGB-300x202.png 300w, https:\/\/cultrujillo.com\/balen\/wp-content\/uploads\/2025\/03\/BOSS_LOGO_SUB_JEWELRY_black_RGB-768x518.png 768w, https:\/\/cultrujillo.com\/balen\/wp-content\/uploads\/2025\/03\/BOSS_LOGO_SUB_JEWELRY_black_RGB-1536x1035.png 1536w, https:\/\/cultrujillo.com\/balen\/wp-content\/uploads\/2025\/03\/BOSS_LOGO_SUB_JEWELRY_black_RGB-2048x1380.png 2048w, https:\/\/cultrujillo.com\/balen\/wp-content\/uploads\/2025\/03\/BOSS_LOGO_SUB_JEWELRY_black_RGB-600x404.png 600w\" sizes=\"(max-width: 800px) 100vw, 800px\" \/>\t\t\t\t\t\t\t\t\t\t\t\t\t\t\t<\/div>\n\t\t\t\t<\/div>\n\t\t\t\t<\/div>\n\t\t<div class=\"elementor-element elementor-element-ee57411 e-con-full e-flex e-con e-child\" data-id=\"ee57411\" data-element_type=\"container\">\n\t\t\t\t<div class=\"elementor-element elementor-element-b2cc034 elementor-widget elementor-widget-image\" data-id=\"b2cc034\" data-element_type=\"widget\" data-widget_type=\"image.default\">\n\t\t\t\t<div class=\"elementor-widget-container\">\n\t\t\t\t\t\t\t\t\t\t\t\t\t\t\t<img decoding=\"async\" width=\"800\" height=\"132\" src=\"https:\/\/cultrujillo.com\/balen\/wp-content\/uploads\/2025\/03\/CalvinKlein2020_Master_logo_black-1024x169.jpg\" class=\"attachment-large size-large wp-image-341\" alt=\"\" srcset=\"https:\/\/cultrujillo.com\/balen\/wp-content\/uploads\/2025\/03\/CalvinKlein2020_Master_logo_black-1024x169.jpg 1024w, https:\/\/cultrujillo.com\/balen\/wp-content\/uploads\/2025\/03\/CalvinKlein2020_Master_logo_black-300x50.jpg 300w, https:\/\/cultrujillo.com\/balen\/wp-content\/uploads\/2025\/03\/CalvinKlein2020_Master_logo_black-768x127.jpg 768w, https:\/\/cultrujillo.com\/balen\/wp-content\/uploads\/2025\/03\/CalvinKlein2020_Master_logo_black-1536x254.jpg 1536w, https:\/\/cultrujillo.com\/balen\/wp-content\/uploads\/2025\/03\/CalvinKlein2020_Master_logo_black-600x99.jpg 600w, https:\/\/cultrujillo.com\/balen\/wp-content\/uploads\/2025\/03\/CalvinKlein2020_Master_logo_black.jpg 1996w\" sizes=\"(max-width: 800px) 100vw, 800px\" \/>\t\t\t\t\t\t\t\t\t\t\t\t\t\t\t<\/div>\n\t\t\t\t<\/div>\n\t\t\t\t<\/div>\n\t\t<div class=\"elementor-element elementor-element-3577971 e-con-full e-flex e-con e-child\" data-id=\"3577971\" data-element_type=\"container\">\n\t\t\t\t<div class=\"elementor-element elementor-element-9106c03 elementor-widget elementor-widget-image\" data-id=\"9106c03\" data-element_type=\"widget\" data-widget_type=\"image.default\">\n\t\t\t\t<div class=\"elementor-widget-container\">\n\t\t\t\t\t\t\t\t\t\t\t\t\t\t\t<img decoding=\"async\" width=\"800\" height=\"193\" src=\"https:\/\/cultrujillo.com\/balen\/wp-content\/uploads\/2025\/03\/logo_lacoste_H_C_Q-1024x247.jpg\" class=\"attachment-large size-large wp-image-340\" alt=\"\" srcset=\"https:\/\/cultrujillo.com\/balen\/wp-content\/uploads\/2025\/03\/logo_lacoste_H_C_Q-1024x247.jpg 1024w, https:\/\/cultrujillo.com\/balen\/wp-content\/uploads\/2025\/03\/logo_lacoste_H_C_Q-300x73.jpg 300w, https:\/\/cultrujillo.com\/balen\/wp-content\/uploads\/2025\/03\/logo_lacoste_H_C_Q-768x186.jpg 768w, https:\/\/cultrujillo.com\/balen\/wp-content\/uploads\/2025\/03\/logo_lacoste_H_C_Q-1536x371.jpg 1536w, https:\/\/cultrujillo.com\/balen\/wp-content\/uploads\/2025\/03\/logo_lacoste_H_C_Q-2048x495.jpg 2048w, https:\/\/cultrujillo.com\/balen\/wp-content\/uploads\/2025\/03\/logo_lacoste_H_C_Q-600x145.jpg 600w\" sizes=\"(max-width: 800px) 100vw, 800px\" \/>\t\t\t\t\t\t\t\t\t\t\t\t\t\t\t<\/div>\n\t\t\t\t<\/div>\n\t\t\t\t<\/div>\n\t\t\t\t\t<\/div>\n\t\t\t\t<\/div>\n\t\t\t\t<\/div>\n\t\t","protected":false},"excerpt":{"rendered":"<p>Brilla con Estilo&nbsp; Exclusividad&nbsp; Elegancia Descubre la elegancia de la joyer\u00eda de Calvin Klein, Hugo Boss y Lacoste, disponible exclusivamente en Per\u00fa con Balendi Group. Cada pieza refleja lujo, sofisticaci\u00f3n y autenticidad, ideal para complementar tu estilo con distinci\u00f3n. Descargar Catalogo Balendi Group SAC BALENDI GROUP SAC, nace con el objetivo de representar a prestigiosas [&hellip;]<\/p>\n","protected":false},"author":1,"featured_media":0,"parent":0,"menu_order":0,"comment_status":"closed","ping_status":"closed","template":"elementor_header_footer","meta":{"_joinchat":[],"footnotes":""},"class_list":["post-89","page","type-page","status-publish","hentry"],"_links":{"self":[{"href":"https:\/\/cultrujillo.com\/balen\/wp-json\/wp\/v2\/pages\/89","targetHints":{"allow":["GET"]}}],"collection":[{"href":"https:\/\/cultrujillo.com\/balen\/wp-json\/wp\/v2\/pages"}],"about":[{"href":"https:\/\/cultrujillo.com\/balen\/wp-json\/wp\/v2\/types\/page"}],"author":[{"embeddable":true,"href":"https:\/\/cultrujillo.com\/balen\/wp-json\/wp\/v2\/users\/1"}],"replies":[{"embeddable":true,"href":"https:\/\/cultrujillo.com\/balen\/wp-json\/wp\/v2\/comments?post=89"}],"version-history":[{"count":144,"href":"https:\/\/cultrujillo.com\/balen\/wp-json\/wp\/v2\/pages\/89\/revisions"}],"predecessor-version":[{"id":805,"href":"https:\/\/cultrujillo.com\/balen\/wp-json\/wp\/v2\/pages\/89\/revisions\/805"}],"wp:attachment":[{"href":"https:\/\/cultrujillo.com\/balen\/wp-json\/wp\/v2\/media?parent=89"}],"curies":[{"name":"wp","href":"https:\/\/api.w.org\/{rel}","templated":true}]}}