{"id":461,"date":"2025-03-27T13:17:53","date_gmt":"2025-03-27T13:17:53","guid":{"rendered":"https:\/\/cultrujillo.com\/balen\/?page_id=461"},"modified":"2025-04-03T14:56:35","modified_gmt":"2025-04-03T14:56:35","slug":"calvin-klein","status":"publish","type":"page","link":"https:\/\/cultrujillo.com\/balen\/calvin-klein\/","title":{"rendered":"Calvin Klein"},"content":{"rendered":"\t\t<div data-elementor-type=\"wp-page\" data-elementor-id=\"461\" class=\"elementor elementor-461\" data-elementor-post-type=\"page\">\n\t\t\t\t\t\t<section class=\"elementor-section elementor-top-section elementor-element elementor-element-f95ceca elementor-section-boxed elementor-section-height-default elementor-section-height-default\" data-id=\"f95ceca\" data-element_type=\"section\" data-settings=\"{&quot;background_background&quot;:&quot;classic&quot;}\">\n\t\t\t\t\t\t\t<div class=\"elementor-background-overlay\"><\/div>\n\t\t\t\t\t\t\t<div class=\"elementor-container elementor-column-gap-default\">\n\t\t\t\t\t<div class=\"elementor-column elementor-col-100 elementor-top-column elementor-element elementor-element-5192148\" data-id=\"5192148\" data-element_type=\"column\">\n\t\t\t<div class=\"elementor-widget-wrap elementor-element-populated\">\n\t\t\t\t\t\t<div class=\"elementor-element elementor-element-883843b elementor-widget elementor-widget-spacer\" data-id=\"883843b\" data-element_type=\"widget\" data-widget_type=\"spacer.default\">\n\t\t\t\t<div class=\"elementor-widget-container\">\n\t\t\t\t\t\t\t<div class=\"elementor-spacer\">\n\t\t\t<div class=\"elementor-spacer-inner\"><\/div>\n\t\t<\/div>\n\t\t\t\t\t\t<\/div>\n\t\t\t\t<\/div>\n\t\t\t\t\t<\/div>\n\t\t<\/div>\n\t\t\t\t\t<\/div>\n\t\t<\/section>\n\t\t\t\t<section class=\"elementor-section elementor-top-section elementor-element elementor-element-bc38fae elementor-reverse-mobile elementor-section-boxed elementor-section-height-default elementor-section-height-default\" data-id=\"bc38fae\" data-element_type=\"section\" data-settings=\"{&quot;background_background&quot;:&quot;classic&quot;}\">\n\t\t\t\t\t\t<div class=\"elementor-container elementor-column-gap-default\">\n\t\t\t\t\t<div class=\"elementor-column elementor-col-50 elementor-top-column elementor-element elementor-element-9010f5d\" data-id=\"9010f5d\" data-element_type=\"column\">\n\t\t\t<div class=\"elementor-widget-wrap elementor-element-populated\">\n\t\t\t\t\t\t<div class=\"elementor-element elementor-element-cbc12fc elementor-widget elementor-widget-gallery\" data-id=\"cbc12fc\" data-element_type=\"widget\" data-settings=\"{&quot;gallery_layout&quot;:&quot;justified&quot;,&quot;ideal_row_height&quot;:{&quot;unit&quot;:&quot;px&quot;,&quot;size&quot;:297,&quot;sizes&quot;:[]},&quot;lazyload&quot;:&quot;yes&quot;,&quot;ideal_row_height_tablet&quot;:{&quot;unit&quot;:&quot;px&quot;,&quot;size&quot;:150,&quot;sizes&quot;:[]},&quot;ideal_row_height_mobile&quot;:{&quot;unit&quot;:&quot;px&quot;,&quot;size&quot;:150,&quot;sizes&quot;:[]},&quot;gap&quot;:{&quot;unit&quot;:&quot;px&quot;,&quot;size&quot;:10,&quot;sizes&quot;:[]},&quot;gap_tablet&quot;:{&quot;unit&quot;:&quot;px&quot;,&quot;size&quot;:10,&quot;sizes&quot;:[]},&quot;gap_mobile&quot;:{&quot;unit&quot;:&quot;px&quot;,&quot;size&quot;:10,&quot;sizes&quot;:[]},&quot;overlay_background&quot;:&quot;yes&quot;,&quot;content_hover_animation&quot;:&quot;fade-in&quot;}\" data-widget_type=\"gallery.default\">\n\t\t\t\t<div class=\"elementor-widget-container\">\n\t\t\t\t\t\t\t<div class=\"elementor-gallery__container\">\n\t\t\t\t\t\t\t<div class=\"e-gallery-item elementor-gallery-item elementor-animated-content\">\n\t\t\t\t\t<div class=\"e-gallery-image elementor-gallery-item__image\" data-thumbnail=\"https:\/\/cultrujillo.com\/balen\/wp-content\/uploads\/2025\/03\/calvin-1.jpg\" data-width=\"362\" data-height=\"453\" aria-label=\"\" role=\"img\" ><\/div>\n\t\t\t\t\t\t\t\t\t\t\t<div class=\"elementor-gallery-item__overlay\"><\/div>\n\t\t\t\t\t\t\t\t\t\t\t\t\t\t<\/div>\n\t\t\t\t\t\t\t<div class=\"e-gallery-item elementor-gallery-item elementor-animated-content\">\n\t\t\t\t\t<div class=\"e-gallery-image elementor-gallery-item__image\" data-thumbnail=\"https:\/\/cultrujillo.com\/balen\/wp-content\/uploads\/2025\/03\/calvin-2.jpg\" data-width=\"362\" data-height=\"453\" aria-label=\"\" role=\"img\" ><\/div>\n\t\t\t\t\t\t\t\t\t\t\t<div class=\"elementor-gallery-item__overlay\"><\/div>\n\t\t\t\t\t\t\t\t\t\t\t\t\t\t<\/div>\n\t\t\t\t\t\t\t<div class=\"e-gallery-item elementor-gallery-item elementor-animated-content\">\n\t\t\t\t\t<div class=\"e-gallery-image elementor-gallery-item__image\" data-thumbnail=\"https:\/\/cultrujillo.com\/balen\/wp-content\/uploads\/2025\/03\/WhatsApp-Image-2025-03-31-at-18.34.11.jpeg\" data-width=\"1600\" data-height=\"1066\" aria-label=\"\" role=\"img\" ><\/div>\n\t\t\t\t\t\t\t\t\t\t\t<div class=\"elementor-gallery-item__overlay\"><\/div>\n\t\t\t\t\t\t\t\t\t\t\t\t\t\t<\/div>\n\t\t\t\t\t<\/div>\n\t\t\t\t\t<\/div>\n\t\t\t\t<\/div>\n\t\t\t\t\t<\/div>\n\t\t<\/div>\n\t\t\t\t<div class=\"elementor-column elementor-col-50 elementor-top-column elementor-element elementor-element-391154c\" data-id=\"391154c\" data-element_type=\"column\">\n\t\t\t<div class=\"elementor-widget-wrap elementor-element-populated\">\n\t\t\t\t\t\t<div class=\"elementor-element elementor-element-ea35e63 elementor-widget elementor-widget-image\" data-id=\"ea35e63\" data-element_type=\"widget\" data-widget_type=\"image.default\">\n\t\t\t\t<div class=\"elementor-widget-container\">\n\t\t\t\t\t\t\t\t\t\t\t\t\t\t\t<img fetchpriority=\"high\" decoding=\"async\" width=\"800\" height=\"132\" src=\"https:\/\/cultrujillo.com\/balen\/wp-content\/uploads\/2025\/03\/CalvinKlein2020_Master_logo_black-1024x169.jpg\" class=\"attachment-large size-large wp-image-341\" alt=\"\" srcset=\"https:\/\/cultrujillo.com\/balen\/wp-content\/uploads\/2025\/03\/CalvinKlein2020_Master_logo_black-1024x169.jpg 1024w, https:\/\/cultrujillo.com\/balen\/wp-content\/uploads\/2025\/03\/CalvinKlein2020_Master_logo_black-300x50.jpg 300w, https:\/\/cultrujillo.com\/balen\/wp-content\/uploads\/2025\/03\/CalvinKlein2020_Master_logo_black-768x127.jpg 768w, https:\/\/cultrujillo.com\/balen\/wp-content\/uploads\/2025\/03\/CalvinKlein2020_Master_logo_black-1536x254.jpg 1536w, https:\/\/cultrujillo.com\/balen\/wp-content\/uploads\/2025\/03\/CalvinKlein2020_Master_logo_black-600x99.jpg 600w, https:\/\/cultrujillo.com\/balen\/wp-content\/uploads\/2025\/03\/CalvinKlein2020_Master_logo_black.jpg 1996w\" sizes=\"(max-width: 800px) 100vw, 800px\" \/>\t\t\t\t\t\t\t\t\t\t\t\t\t\t\t<\/div>\n\t\t\t\t<\/div>\n\t\t\t\t<div class=\"elementor-element elementor-element-234337e elementor-widget elementor-widget-text-editor\" data-id=\"234337e\" data-element_type=\"widget\" data-widget_type=\"text-editor.default\">\n\t\t\t\t<div class=\"elementor-widget-container\">\n\t\t\t\t\t\t\t\t\tLa colecci\u00f3n de joyas de Calvin Klein se cre\u00f3 pensando en el cliente moderno. con dise\u00f1os atemporales y minimalistas que resaltan la est\u00e9tica mundialmente reconocida de Calvin Klein, la colecci\u00f3n de accesorios para hombres y mujeres refleja la sensualidad y la audacia que han definido a la marca durante m\u00e1s de 50 a\u00f1os.\t\t\t\t\t\t\t\t<\/div>\n\t\t\t\t<\/div>\n\t\t\t\t\t<\/div>\n\t\t<\/div>\n\t\t\t\t\t<\/div>\n\t\t<\/section>\n\t\t\t\t<\/div>\n\t\t","protected":false},"excerpt":{"rendered":"<p>La colecci\u00f3n de joyas de Calvin Klein se cre\u00f3 pensando en el cliente moderno. con dise\u00f1os atemporales y minimalistas que resaltan la est\u00e9tica mundialmente reconocida de Calvin Klein, la colecci\u00f3n de accesorios para hombres y mujeres refleja la sensualidad y la audacia que han definido a la marca durante m\u00e1s de 50 a\u00f1os.<\/p>\n","protected":false},"author":1,"featured_media":0,"parent":0,"menu_order":0,"comment_status":"closed","ping_status":"closed","template":"elementor_header_footer","meta":{"_joinchat":[],"footnotes":""},"class_list":["post-461","page","type-page","status-publish","hentry"],"_links":{"self":[{"href":"https:\/\/cultrujillo.com\/balen\/wp-json\/wp\/v2\/pages\/461","targetHints":{"allow":["GET"]}}],"collection":[{"href":"https:\/\/cultrujillo.com\/balen\/wp-json\/wp\/v2\/pages"}],"about":[{"href":"https:\/\/cultrujillo.com\/balen\/wp-json\/wp\/v2\/types\/page"}],"author":[{"embeddable":true,"href":"https:\/\/cultrujillo.com\/balen\/wp-json\/wp\/v2\/users\/1"}],"replies":[{"embeddable":true,"href":"https:\/\/cultrujillo.com\/balen\/wp-json\/wp\/v2\/comments?post=461"}],"version-history":[{"count":28,"href":"https:\/\/cultrujillo.com\/balen\/wp-json\/wp\/v2\/pages\/461\/revisions"}],"predecessor-version":[{"id":854,"href":"https:\/\/cultrujillo.com\/balen\/wp-json\/wp\/v2\/pages\/461\/revisions\/854"}],"wp:attachment":[{"href":"https:\/\/cultrujillo.com\/balen\/wp-json\/wp\/v2\/media?parent=461"}],"curies":[{"name":"wp","href":"https:\/\/api.w.org\/{rel}","templated":true}]}}