{"id":149,"date":"2025-05-30T04:08:50","date_gmt":"2025-05-30T04:08:50","guid":{"rendered":"https:\/\/cultrujillo.com\/astros\/?page_id=149"},"modified":"2025-05-30T04:14:15","modified_gmt":"2025-05-30T04:14:15","slug":"espacios-confinados-sin-ventilacion","status":"publish","type":"page","link":"https:\/\/cultrujillo.com\/astros\/espacios-confinados-sin-ventilacion\/","title":{"rendered":"Espacios confinados sin ventilaci\u00f3n"},"content":{"rendered":"\t\t<div data-elementor-type=\"wp-page\" data-elementor-id=\"149\" class=\"elementor elementor-149\">\n\t\t\t\t\t\t<section class=\"elementor-section elementor-top-section elementor-element elementor-element-9d56c12 elementor-section-boxed elementor-section-height-default elementor-section-height-default\" data-id=\"9d56c12\" data-element_type=\"section\" data-settings=\"{&quot;background_background&quot;:&quot;classic&quot;}\">\n\t\t\t\t\t\t\t<div class=\"elementor-background-overlay\"><\/div>\n\t\t\t\t\t\t\t<div class=\"elementor-container elementor-column-gap-default\">\n\t\t\t\t\t<div class=\"elementor-column elementor-col-100 elementor-top-column elementor-element elementor-element-da75a9e\" data-id=\"da75a9e\" data-element_type=\"column\">\n\t\t\t<div class=\"elementor-widget-wrap elementor-element-populated\">\n\t\t\t\t\t\t<div class=\"elementor-element elementor-element-69108e5 elementor-widget elementor-widget-heading\" data-id=\"69108e5\" data-element_type=\"widget\" data-widget_type=\"heading.default\">\n\t\t\t\t<div class=\"elementor-widget-container\">\n\t\t\t\t\t<h2 class=\"elementor-heading-title elementor-size-default\">ESPACIOS CONFINADOS SIN VENTILACI\u00d3N<\/h2>\t\t\t\t<\/div>\n\t\t\t\t<\/div>\n\t\t\t\t\t<\/div>\n\t\t<\/div>\n\t\t\t\t\t<\/div>\n\t\t<\/section>\n\t\t\t\t<section class=\"elementor-section elementor-top-section elementor-element elementor-element-e91308b elementor-reverse-mobile elementor-section-boxed elementor-section-height-default elementor-section-height-default\" data-id=\"e91308b\" data-element_type=\"section\" data-settings=\"{&quot;background_background&quot;:&quot;classic&quot;}\">\n\t\t\t\t\t\t<div class=\"elementor-container elementor-column-gap-default\">\n\t\t\t\t\t<div class=\"elementor-column elementor-col-50 elementor-top-column elementor-element elementor-element-0ebd707 elementor-invisible\" data-id=\"0ebd707\" data-element_type=\"column\" data-settings=\"{&quot;background_background&quot;:&quot;classic&quot;,&quot;animation&quot;:&quot;fadeInLeft&quot;}\">\n\t\t\t<div class=\"elementor-widget-wrap elementor-element-populated\">\n\t\t\t\t\t<div class=\"elementor-background-overlay\"><\/div>\n\t\t\t\t\t\t<div class=\"elementor-element elementor-element-025d1dc elementor-widget elementor-widget-heading\" data-id=\"025d1dc\" data-element_type=\"widget\" data-widget_type=\"heading.default\">\n\t\t\t\t<div class=\"elementor-widget-container\">\n\t\t\t\t\t<h2 class=\"elementor-heading-title elementor-size-default\">Seguridad y calidad garantizada<\/h2>\t\t\t\t<\/div>\n\t\t\t\t<\/div>\n\t\t\t\t<div class=\"elementor-element elementor-element-8c7e8b0 elementor-widget elementor-widget-text-editor\" data-id=\"8c7e8b0\" data-element_type=\"widget\" data-widget_type=\"text-editor.default\">\n\t\t\t\t<div class=\"elementor-widget-container\">\n\t\t\t\t\t\t\t\t\t<p data-start=\"1296\" data-end=\"1615\">Contamos con personal altamente capacitado en <strong data-start=\"1342\" data-end=\"1389\">trabajos en espacios confinados y en altura<\/strong>, cumpliendo con protocolos de seguridad, salud ocupacional y est\u00e1ndares t\u00e9cnicos de calidad. Nuestros equipos y m\u00e9todos permiten realizar el servicio de forma <strong data-start=\"1549\" data-end=\"1614\">r\u00e1pida, sin contaminar el producto ni afectar la operatividad<\/strong>.<\/p>\t\t\t\t\t\t\t\t<\/div>\n\t\t\t\t<\/div>\n\t\t\t\t\t<\/div>\n\t\t<\/div>\n\t\t\t\t<div class=\"elementor-column elementor-col-50 elementor-top-column elementor-element elementor-element-cbacc88\" data-id=\"cbacc88\" data-element_type=\"column\">\n\t\t\t<div class=\"elementor-widget-wrap elementor-element-populated\">\n\t\t\t\t\t\t<div class=\"elementor-element elementor-element-050c948 elementor-widget elementor-widget-heading\" data-id=\"050c948\" data-element_type=\"widget\" data-widget_type=\"heading.default\">\n\t\t\t\t<div class=\"elementor-widget-container\">\n\t\t\t\t\t<h6 class=\"elementor-heading-title elementor-size-default\">Astros Verticales<\/h6>\t\t\t\t<\/div>\n\t\t\t\t<\/div>\n\t\t\t\t<div class=\"elementor-element elementor-element-0514939 elementor-invisible elementor-widget elementor-widget-heading\" data-id=\"0514939\" data-element_type=\"widget\" data-settings=\"{&quot;_animation&quot;:&quot;fadeInRight&quot;}\" data-widget_type=\"heading.default\">\n\t\t\t\t<div class=\"elementor-widget-container\">\n\t\t\t\t\t<h2 class=\"elementor-heading-title elementor-size-default\">LIMPIEZA Y MANTENIMIENTO DE SILOS<\/h2>\t\t\t\t<\/div>\n\t\t\t\t<\/div>\n\t\t\t\t<div class=\"elementor-element elementor-element-4a8d4e9 elementor-invisible elementor-widget elementor-widget-text-editor\" data-id=\"4a8d4e9\" data-element_type=\"widget\" data-settings=\"{&quot;_animation&quot;:&quot;fadeInRight&quot;}\" data-widget_type=\"text-editor.default\">\n\t\t\t\t<div class=\"elementor-widget-container\">\n\t\t\t\t\t\t\t\t\t<p data-start=\"274\" data-end=\"591\">En <strong data-start=\"277\" data-end=\"298\">Astros Verticales<\/strong> somos especialistas en la <strong data-start=\"325\" data-end=\"362\">limpieza y mantenimiento de silos<\/strong> a gran altura, utilizando t\u00e9cnicas seguras, eficientes y adaptadas a las condiciones espec\u00edficas de cada estructura y contenido. Este servicio est\u00e1 dirigido a industrias alimentarias, agroindustriales, cementeras, mineras y m\u00e1s.<\/p><p data-start=\"593\" data-end=\"798\">Gracias a nuestra experiencia en <strong data-start=\"626\" data-end=\"649\">trabajos verticales<\/strong>, accedemos con facilidad a zonas de dif\u00edcil alcance, realizando intervenciones sin necesidad de desmontajes ni paradas prolongadas en la producci\u00f3n.<\/p>\t\t\t\t\t\t\t\t<\/div>\n\t\t\t\t<\/div>\n\t\t\t\t<div class=\"elementor-element elementor-element-ea6c054 elementor-align-left elementor-invisible elementor-widget elementor-widget-button\" data-id=\"ea6c054\" data-element_type=\"widget\" data-settings=\"{&quot;_animation&quot;:&quot;fadeInRight&quot;}\" data-widget_type=\"button.default\">\n\t\t\t\t<div class=\"elementor-widget-container\">\n\t\t\t\t\t\t\t\t\t<div class=\"elementor-button-wrapper\">\n\t\t\t\t\t<a class=\"elementor-button elementor-button-link elementor-size-sm\" href=\"https:\/\/cultrujillo.com\/astros\/contacto\/\">\n\t\t\t\t\t\t<span class=\"elementor-button-content-wrapper\">\n\t\t\t\t\t\t<span class=\"elementor-button-icon\">\n\t\t\t\t<i aria-hidden=\"true\" class=\"icon icon-right-arrow\"><\/i>\t\t\t<\/span>\n\t\t\t\t\t\t\t\t\t<span class=\"elementor-button-text\">CONTACTAR<\/span>\n\t\t\t\t\t<\/span>\n\t\t\t\t\t<\/a>\n\t\t\t\t<\/div>\n\t\t\t\t\t\t\t\t<\/div>\n\t\t\t\t<\/div>\n\t\t\t\t<div class=\"elementor-element elementor-element-aa67c81 elementor-hidden-desktop elementor-hidden-tablet elementor-widget elementor-widget-spacer\" data-id=\"aa67c81\" data-element_type=\"widget\" data-widget_type=\"spacer.default\">\n\t\t\t\t<div class=\"elementor-widget-container\">\n\t\t\t\t\t\t\t<div class=\"elementor-spacer\">\n\t\t\t<div class=\"elementor-spacer-inner\"><\/div>\n\t\t<\/div>\n\t\t\t\t\t\t<\/div>\n\t\t\t\t<\/div>\n\t\t\t\t\t<\/div>\n\t\t<\/div>\n\t\t\t\t\t<\/div>\n\t\t<\/section>\n\t\t\t\t<section class=\"elementor-section elementor-top-section elementor-element elementor-element-b9d1859 elementor-section-boxed elementor-section-height-default elementor-section-height-default\" data-id=\"b9d1859\" data-element_type=\"section\" data-settings=\"{&quot;background_background&quot;:&quot;classic&quot;}\">\n\t\t\t\t\t\t<div class=\"elementor-container elementor-column-gap-default\">\n\t\t\t\t\t<div class=\"elementor-column elementor-col-50 elementor-top-column elementor-element elementor-element-f060ecf\" data-id=\"f060ecf\" data-element_type=\"column\">\n\t\t\t<div class=\"elementor-widget-wrap elementor-element-populated\">\n\t\t\t\t\t\t<div class=\"elementor-element elementor-element-d6aec53 elementor-widget elementor-widget-heading\" data-id=\"d6aec53\" data-element_type=\"widget\" data-widget_type=\"heading.default\">\n\t\t\t\t<div class=\"elementor-widget-container\">\n\t\t\t\t\t<h6 class=\"elementor-heading-title elementor-size-default\">Astros Verticales<\/h6>\t\t\t\t<\/div>\n\t\t\t\t<\/div>\n\t\t\t\t<div class=\"elementor-element elementor-element-9068676 elementor-invisible elementor-widget elementor-widget-heading\" data-id=\"9068676\" data-element_type=\"widget\" data-settings=\"{&quot;_animation&quot;:&quot;fadeInLeft&quot;}\" data-widget_type=\"heading.default\">\n\t\t\t\t<div class=\"elementor-widget-container\">\n\t\t\t\t\t<h2 class=\"elementor-heading-title elementor-size-default\">LIMPIEZA DE CONDUCTOS\nY DEP\u00d3SITOS<\/h2>\t\t\t\t<\/div>\n\t\t\t\t<\/div>\n\t\t\t\t<div class=\"elementor-element elementor-element-99ea5db elementor-invisible elementor-widget elementor-widget-text-editor\" data-id=\"99ea5db\" data-element_type=\"widget\" data-settings=\"{&quot;_animation&quot;:&quot;fadeInLeft&quot;}\" data-widget_type=\"text-editor.default\">\n\t\t\t\t<div class=\"elementor-widget-container\">\n\t\t\t\t\t\t\t\t\t<p data-start=\"279\" data-end=\"544\">En <strong data-start=\"282\" data-end=\"303\">Astros Verticales<\/strong>, ofrecemos el servicio de <strong data-start=\"330\" data-end=\"381\">limpieza especializada de conductos y dep\u00f3sitos<\/strong>, fundamental para garantizar la seguridad, eficiencia y salubridad en sistemas de ventilaci\u00f3n, extracci\u00f3n, almacenamiento y distribuci\u00f3n de l\u00edquidos o materiales.<\/p><p data-start=\"546\" data-end=\"797\">Gracias a nuestra experiencia en <strong data-start=\"579\" data-end=\"623\">trabajos en altura y espacios confinados<\/strong>, accedemos de forma segura a lugares de dif\u00edcil alcance, asegurando una limpieza profunda con equipos modernos y personal capacitado bajo normativas de seguridad industrial.<\/p>\t\t\t\t\t\t\t\t<\/div>\n\t\t\t\t<\/div>\n\t\t\t\t<div class=\"elementor-element elementor-element-eb3679c elementor-align-left elementor-invisible elementor-widget elementor-widget-button\" data-id=\"eb3679c\" data-element_type=\"widget\" data-settings=\"{&quot;_animation&quot;:&quot;fadeInLeft&quot;}\" data-widget_type=\"button.default\">\n\t\t\t\t<div class=\"elementor-widget-container\">\n\t\t\t\t\t\t\t\t\t<div class=\"elementor-button-wrapper\">\n\t\t\t\t\t<a class=\"elementor-button elementor-button-link elementor-size-sm\" href=\"https:\/\/cultrujillo.com\/astros\/contacto\/\">\n\t\t\t\t\t\t<span class=\"elementor-button-content-wrapper\">\n\t\t\t\t\t\t<span class=\"elementor-button-icon\">\n\t\t\t\t<i aria-hidden=\"true\" class=\"icon icon-right-arrow\"><\/i>\t\t\t<\/span>\n\t\t\t\t\t\t\t\t\t<span class=\"elementor-button-text\">CONTACTAR<\/span>\n\t\t\t\t\t<\/span>\n\t\t\t\t\t<\/a>\n\t\t\t\t<\/div>\n\t\t\t\t\t\t\t\t<\/div>\n\t\t\t\t<\/div>\n\t\t\t\t<div class=\"elementor-element elementor-element-2a8002b elementor-hidden-desktop elementor-hidden-tablet elementor-widget elementor-widget-spacer\" data-id=\"2a8002b\" data-element_type=\"widget\" data-widget_type=\"spacer.default\">\n\t\t\t\t<div class=\"elementor-widget-container\">\n\t\t\t\t\t\t\t<div class=\"elementor-spacer\">\n\t\t\t<div class=\"elementor-spacer-inner\"><\/div>\n\t\t<\/div>\n\t\t\t\t\t\t<\/div>\n\t\t\t\t<\/div>\n\t\t\t\t\t<\/div>\n\t\t<\/div>\n\t\t\t\t<div class=\"elementor-column elementor-col-50 elementor-top-column elementor-element elementor-element-80066a8 elementor-invisible\" data-id=\"80066a8\" data-element_type=\"column\" data-settings=\"{&quot;background_background&quot;:&quot;classic&quot;,&quot;animation&quot;:&quot;fadeInRight&quot;}\">\n\t\t\t<div class=\"elementor-widget-wrap elementor-element-populated\">\n\t\t\t\t\t<div class=\"elementor-background-overlay\"><\/div>\n\t\t\t\t\t\t<div class=\"elementor-element elementor-element-ee05ca8 elementor-widget elementor-widget-heading\" data-id=\"ee05ca8\" data-element_type=\"widget\" data-widget_type=\"heading.default\">\n\t\t\t\t<div class=\"elementor-widget-container\">\n\t\t\t\t\t<h2 class=\"elementor-heading-title elementor-size-default\">Seguridad y calidad garantizada<\/h2>\t\t\t\t<\/div>\n\t\t\t\t<\/div>\n\t\t\t\t<div class=\"elementor-element elementor-element-2457249 elementor-widget elementor-widget-text-editor\" data-id=\"2457249\" data-element_type=\"widget\" data-widget_type=\"text-editor.default\">\n\t\t\t\t<div class=\"elementor-widget-container\">\n\t\t\t\t\t\t\t\t\t<p data-start=\"1533\" data-end=\"1834\">Cumplimos estrictamente con protocolos de seguridad, incluyendo <strong data-start=\"1597\" data-end=\"1699\">trabajo en espacios confinados, ventilaci\u00f3n adecuada y uso de equipos de protecci\u00f3n personal (EPP)<\/strong>. Nuestros t\u00e9cnicos est\u00e1n certificados y capacitados para operar en entornos de alto riesgo sin comprometer la operaci\u00f3n de tu empresa.<\/p>\t\t\t\t\t\t\t\t<\/div>\n\t\t\t\t<\/div>\n\t\t\t\t\t<\/div>\n\t\t<\/div>\n\t\t\t\t\t<\/div>\n\t\t<\/section>\n\t\t\t\t<\/div>\n\t\t","protected":false},"excerpt":{"rendered":"<p>ESPACIOS CONFINADOS SIN VENTILACI\u00d3N Seguridad y calidad garantizada Contamos con personal altamente capacitado en trabajos en espacios confinados y en altura, cumpliendo con protocolos de seguridad, salud ocupacional y est\u00e1ndares t\u00e9cnicos de calidad. Nuestros equipos y m\u00e9todos permiten realizar el servicio de forma r\u00e1pida, sin contaminar el producto ni afectar la operatividad. Astros Verticales LIMPIEZA [&hellip;]<\/p>\n","protected":false},"author":1,"featured_media":0,"parent":0,"menu_order":0,"comment_status":"closed","ping_status":"closed","template":"elementor_header_footer","meta":{"_joinchat":[],"footnotes":""},"class_list":["post-149","page","type-page","status-publish","hentry"],"_links":{"self":[{"href":"https:\/\/cultrujillo.com\/astros\/wp-json\/wp\/v2\/pages\/149","targetHints":{"allow":["GET"]}}],"collection":[{"href":"https:\/\/cultrujillo.com\/astros\/wp-json\/wp\/v2\/pages"}],"about":[{"href":"https:\/\/cultrujillo.com\/astros\/wp-json\/wp\/v2\/types\/page"}],"author":[{"embeddable":true,"href":"https:\/\/cultrujillo.com\/astros\/wp-json\/wp\/v2\/users\/1"}],"replies":[{"embeddable":true,"href":"https:\/\/cultrujillo.com\/astros\/wp-json\/wp\/v2\/comments?post=149"}],"version-history":[{"count":4,"href":"https:\/\/cultrujillo.com\/astros\/wp-json\/wp\/v2\/pages\/149\/revisions"}],"predecessor-version":[{"id":160,"href":"https:\/\/cultrujillo.com\/astros\/wp-json\/wp\/v2\/pages\/149\/revisions\/160"}],"wp:attachment":[{"href":"https:\/\/cultrujillo.com\/astros\/wp-json\/wp\/v2\/media?parent=149"}],"curies":[{"name":"wp","href":"https:\/\/api.w.org\/{rel}","templated":true}]}}