{"id":281,"date":"2025-08-19T01:07:19","date_gmt":"2025-08-19T01:07:19","guid":{"rendered":"https:\/\/cultrujillo.com\/aceper\/?post_type=product&#038;p=281"},"modified":"2025-08-23T02:19:26","modified_gmt":"2025-08-23T02:19:26","slug":"bobinas-de-aluzinc","status":"publish","type":"product","link":"https:\/\/cultrujillo.com\/aceper\/product\/bobinas-de-aluzinc\/","title":{"rendered":"BOBINAS DE ALUZINC"},"content":{"rendered":"<p><img fetchpriority=\"high\" decoding=\"async\" class=\"alignnone wp-image-283 size-full\" src=\"https:\/\/cultrujillo.com\/aceper\/wp-content\/uploads\/2025\/08\/Captura-de-pantalla-2025-08-18-200647.png\" alt=\"\" width=\"590\" height=\"421\" srcset=\"https:\/\/cultrujillo.com\/aceper\/wp-content\/uploads\/2025\/08\/Captura-de-pantalla-2025-08-18-200647.png 590w, https:\/\/cultrujillo.com\/aceper\/wp-content\/uploads\/2025\/08\/Captura-de-pantalla-2025-08-18-200647-300x214.png 300w\" sizes=\"(max-width: 590px) 100vw, 590px\" \/><\/p>\n","protected":false},"excerpt":{"rendered":"<p><strong>CARACTER\u00cdSTICAS<\/strong>: Aluzinc, Zincalume o Galvalume son diferentes nombres comerciales para un mismo producto. El Aluzinc es una aleaci\u00f3n de Aluminio (55%), Zinc (43.40%) y Silicio (1.60%). Se usa como capa de recubrimiento anticorrosivo y reflectividad solar en planchas de acero laminadas en fr\u00edo, aplicado por un proceso de inmersi\u00f3n en caliente. Las planchas de acero revestidas con Aluzinc pueden ser conformables, soldables y acepta f\u00e1cilmente acabados de pintura, d\u00e1ndole superior resistencia ante la corrosi\u00f3n, es de 4 a 6 veces m\u00e1s durable que los aceros galvanizados.<br \/>\n<strong>NORMA T\u00c9CNICA<\/strong>: ASTM A792<br \/>\n<strong>PRESENTACI\u00d3N<\/strong>: Bobinas de aproximadamente 4.0 Toneladas Metricas y un ancho de 1220 mm. Disponible en Aluzinc natural y prepintado. Las medidas y colores de las bobinas naturales y prepintadas est\u00e1n indicadas en la tabla adjunta. El Aluzinc prepintado est\u00e1 protegido por una pel\u00edcula de Polipropileno en la cara superior para evitar da\u00f1os. Esta pel\u00edcula deber\u00e1 retirarse despu\u00e9s de la instalaci\u00f3n.<br \/>\n<strong>USO<\/strong>: Coberturas de techos y coberturas laterales en naves industriales. \u2013 Coolers. \u2013 Muebles. \u2013 Paneles solares t\u00e9rmicos. \u2013 Accesorios el\u00e9ctricos y Luz. \u2013 Equipos agr\u00edcolas. \u2013 Paneles termo-ac\u00fasticos. \u2013 Industria Automotriz.<\/p>\n","protected":false},"featured_media":282,"template":"","meta":{"_joinchat":[]},"product_brand":[],"product_cat":[31],"product_tag":[],"class_list":{"0":"post-281","1":"product","2":"type-product","3":"status-publish","4":"has-post-thumbnail","6":"product_cat-bobinas-y-planchas","8":"first","9":"instock","10":"shipping-taxable","11":"purchasable","12":"product-type-simple"},"_links":{"self":[{"href":"https:\/\/cultrujillo.com\/aceper\/wp-json\/wp\/v2\/product\/281","targetHints":{"allow":["GET"]}}],"collection":[{"href":"https:\/\/cultrujillo.com\/aceper\/wp-json\/wp\/v2\/product"}],"about":[{"href":"https:\/\/cultrujillo.com\/aceper\/wp-json\/wp\/v2\/types\/product"}],"wp:featuredmedia":[{"embeddable":true,"href":"https:\/\/cultrujillo.com\/aceper\/wp-json\/wp\/v2\/media\/282"}],"wp:attachment":[{"href":"https:\/\/cultrujillo.com\/aceper\/wp-json\/wp\/v2\/media?parent=281"}],"wp:term":[{"taxonomy":"product_brand","embeddable":true,"href":"https:\/\/cultrujillo.com\/aceper\/wp-json\/wp\/v2\/product_brand?post=281"},{"taxonomy":"product_cat","embeddable":true,"href":"https:\/\/cultrujillo.com\/aceper\/wp-json\/wp\/v2\/product_cat?post=281"},{"taxonomy":"product_tag","embeddable":true,"href":"https:\/\/cultrujillo.com\/aceper\/wp-json\/wp\/v2\/product_tag?post=281"}],"curies":[{"name":"wp","href":"https:\/\/api.w.org\/{rel}","templated":true}]}}