{"id":270,"date":"2025-08-18T01:55:14","date_gmt":"2025-08-18T01:55:14","guid":{"rendered":"https:\/\/cultrujillo.com\/aceper\/?post_type=product&#038;p=270"},"modified":"2025-08-23T02:19:26","modified_gmt":"2025-08-23T02:19:26","slug":"plancha-lac-a514-gr-b","status":"publish","type":"product","link":"https:\/\/cultrujillo.com\/aceper\/product\/plancha-lac-a514-gr-b\/","title":{"rendered":"PLANCHA LAC A514 GR B"},"content":{"rendered":"<table style=\"width:100%; border-collapse: collapse; font-family: Arial, sans-serif; text-align:center;\">\n<thead>\n<tr style=\"background-color: #f2f2f2;\">\n<th style=\"border: 1px solid #ddd; padding: 8px;\">Propiedad<\/th>\n<th style=\"border: 1px solid #ddd; padding: 8px;\">Valor<\/th>\n<\/tr>\n<\/thead>\n<tbody>\n<tr>\n<td>L\u00edmite de Fluencia (m\u00edn.)<\/td>\n<td>690 MPa<\/td>\n<\/tr>\n<tr>\n<td>Resistencia a la Tracci\u00f3n (m\u00edn.)<\/td>\n<td>760-895 MPa<\/td>\n<\/tr>\n<tr>\n<td>Alargamiento m\u00ednimo en 50 mm.<\/td>\n<td>16-18%<\/td>\n<\/tr>\n<tr>\n<td>Dureza<\/td>\n<td>235-293 HB<\/td>\n<\/tr>\n<\/tbody>\n<\/table>\n<table style=\"width:100%; border-collapse: collapse; font-family: Arial, sans-serif; text-align:center;\">\n<thead>\n<tr style=\"background-color: #f2f2f2;\">\n<th style=\"border: 1px solid #ddd; padding: 8px;\">Espesor (plg.)<\/th>\n<th style=\"border: 1px solid #ddd; padding: 8px;\">Ancho (mm.)<\/th>\n<th style=\"border: 1px solid #ddd; padding: 8px;\">Largo (mm.)<\/th>\n<th style=\"border: 1px solid #ddd; padding: 8px;\">Peso Te\u00f3rico (kg.)<\/th>\n<\/tr>\n<\/thead>\n<tbody>\n<tr>\n<td>3\/8\u2033<\/td>\n<td>1500<\/td>\n<td>6000<\/td>\n<td>672.5<\/td>\n<\/tr>\n<tr>\n<td>1\/2\u2033<\/td>\n<td>1500<\/td>\n<td>6000<\/td>\n<td>897.2<\/td>\n<\/tr>\n<tr>\n<td>5\/8\u2033<\/td>\n<td>1500<\/td>\n<td>6000<\/td>\n<td>1121.2<\/td>\n<\/tr>\n<tr>\n<td>3\/4\u2033<\/td>\n<td>1500<\/td>\n<td>6000<\/td>\n<td>1345.9<\/td>\n<\/tr>\n<tr>\n<td>1\u2033<\/td>\n<td>1500<\/td>\n<td>6000<\/td>\n<td>1794.5<\/td>\n<\/tr>\n<tr>\n<td>1 1\/2\u2033<\/td>\n<td>1500<\/td>\n<td>6000<\/td>\n<td>2691.7<\/td>\n<\/tr>\n<tr>\n<td>2\u2033<\/td>\n<td>1500<\/td>\n<td>6000<\/td>\n<td>3589.9<\/td>\n<\/tr>\n<\/tbody>\n<\/table>\n<table style=\"width:100%; border-collapse: collapse; font-family: Arial, sans-serif; text-align:center;\">\n<thead>\n<tr style=\"background-color: #f2f2f2;\">\n<th style=\"border: 1px solid #ddd; padding: 8px;\">Elemento<\/th>\n<th style=\"border: 1px solid #ddd; padding: 8px;\">Valor M\u00e1ximo (%)<\/th>\n<\/tr>\n<\/thead>\n<tbody>\n<tr>\n<td>Carbono<\/td>\n<td>0.12 &#8211; 0.21<\/td>\n<\/tr>\n<tr>\n<td>Manganeso<\/td>\n<td>0.70 &#8211; 1.00<\/td>\n<\/tr>\n<tr>\n<td>F\u00f3sforo<\/td>\n<td>0.035<\/td>\n<\/tr>\n<tr>\n<td>Azufre<\/td>\n<td>0.040<\/td>\n<\/tr>\n<tr>\n<td>Silicio<\/td>\n<td>0.20 &#8211; 0.35<\/td>\n<\/tr>\n<tr>\n<td>Cromo<\/td>\n<td>0.40 &#8211; 0.65<\/td>\n<\/tr>\n<tr>\n<td>Vanadio<\/td>\n<td>0.03 &#8211; 0.08<\/td>\n<\/tr>\n<tr>\n<td>Titanio<\/td>\n<td>0.01 &#8211; 0.03<\/td>\n<\/tr>\n<tr>\n<td>Boro<\/td>\n<td>0.0005 &#8211; 0.005<\/td>\n<\/tr>\n<\/tbody>\n<\/table>\n","protected":false},"excerpt":{"rendered":"<p><strong>CARACTER\u00cdSTICAS<\/strong>: Plancha de acero de aleaci\u00f3n para aplicaciones estructurales que requieren un alto l\u00edmite el\u00e1stico combinado con buena conformabilidad y dureza. La soldadura de las planchas A514 Grado B debe realizarse de acuerdo con el c\u00f3digo de soldadura aplicable. Las planchas A514 Grado B tienen buenas caracter\u00edsticas de conformado en fr\u00edo.<br \/>\n<strong>NORMA T\u00c9CNICA<\/strong>: ASTM A514 GR B Tolerancia dimensional: ASTM A6\/A6M<br \/>\n<strong>PRESENTACI\u00d3N<\/strong>: Unidades de planchas con formatos comerciales identificadas con las coladas respectivas.<br \/>\n<strong>USO<\/strong>: Fabricaci\u00f3n remolques de transporte, equipos para construcci\u00f3n, brazos de gr\u00faas, elevadores de hombre m\u00f3viles, equipos agr\u00edcolas, marcos y chasis de veh\u00edculos pesados y elementos estructurales de puentes gr\u00faas.<\/p>\n","protected":false},"featured_media":271,"template":"","meta":{"_joinchat":[]},"product_brand":[],"product_cat":[29],"product_tag":[],"class_list":{"0":"post-270","1":"product","2":"type-product","3":"status-publish","4":"has-post-thumbnail","6":"product_cat-planchas-lac-estructurales","8":"first","9":"instock","10":"shipping-taxable","11":"purchasable","12":"product-type-simple"},"_links":{"self":[{"href":"https:\/\/cultrujillo.com\/aceper\/wp-json\/wp\/v2\/product\/270","targetHints":{"allow":["GET"]}}],"collection":[{"href":"https:\/\/cultrujillo.com\/aceper\/wp-json\/wp\/v2\/product"}],"about":[{"href":"https:\/\/cultrujillo.com\/aceper\/wp-json\/wp\/v2\/types\/product"}],"wp:featuredmedia":[{"embeddable":true,"href":"https:\/\/cultrujillo.com\/aceper\/wp-json\/wp\/v2\/media\/271"}],"wp:attachment":[{"href":"https:\/\/cultrujillo.com\/aceper\/wp-json\/wp\/v2\/media?parent=270"}],"wp:term":[{"taxonomy":"product_brand","embeddable":true,"href":"https:\/\/cultrujillo.com\/aceper\/wp-json\/wp\/v2\/product_brand?post=270"},{"taxonomy":"product_cat","embeddable":true,"href":"https:\/\/cultrujillo.com\/aceper\/wp-json\/wp\/v2\/product_cat?post=270"},{"taxonomy":"product_tag","embeddable":true,"href":"https:\/\/cultrujillo.com\/aceper\/wp-json\/wp\/v2\/product_tag?post=270"}],"curies":[{"name":"wp","href":"https:\/\/api.w.org\/{rel}","templated":true}]}}