{"id":222,"date":"2025-08-18T00:17:55","date_gmt":"2025-08-18T00:17:55","guid":{"rendered":"https:\/\/cultrujillo.com\/aceper\/?post_type=product&#038;p=222"},"modified":"2025-08-23T02:19:45","modified_gmt":"2025-08-23T02:19:45","slug":"angulos-lac-a36-a572-gr50","status":"publish","type":"product","link":"https:\/\/cultrujillo.com\/aceper\/product\/angulos-lac-a36-a572-gr50\/","title":{"rendered":"\u00c1NGULOS LAC A36 \/ A572 GR50"},"content":{"rendered":"<table style=\"width:100%; border-collapse: collapse; text-align: left; font-family: Arial, sans-serif;\">\n<thead>\n<tr style=\"background-color:#f2f2f2;\">\n<th style=\"padding: 12px; border: 1px solid #ddd;\">Elemento<\/th>\n<th style=\"padding: 12px; border: 1px solid #ddd;\">Composici\u00f3n M\u00e1x. (%)<\/th>\n<\/tr>\n<\/thead>\n<tbody>\n<tr>\n<td style=\"padding: 12px; border: 1px solid #ddd;\">Carbono<\/td>\n<td style=\"padding: 12px; border: 1px solid #ddd;\">0.23<\/td>\n<\/tr>\n<tr>\n<td style=\"padding: 12px; border: 1px solid #ddd;\">Silicio<\/td>\n<td style=\"padding: 12px; border: 1px solid #ddd;\">0.40<\/td>\n<\/tr>\n<tr>\n<td style=\"padding: 12px; border: 1px solid #ddd;\">F\u00f3sforo<\/td>\n<td style=\"padding: 12px; border: 1px solid #ddd;\">0.04<\/td>\n<\/tr>\n<tr>\n<td style=\"padding: 12px; border: 1px solid #ddd;\">Azufre<\/td>\n<td style=\"padding: 12px; border: 1px solid #ddd;\">0.05<\/td>\n<\/tr>\n<tr>\n<td style=\"padding: 12px; border: 1px solid #ddd;\">Manganeso<\/td>\n<td style=\"padding: 12px; border: 1px solid #ddd;\">1.35<\/td>\n<\/tr>\n<\/tbody>\n<\/table>\n<div class=\"mechanical-properties-table\" style=\"overflow-x:auto; max-width:100%;\">\n<table style=\"width:100%; border-collapse: collapse; text-align: left; font-family: Arial, sans-serif;\">\n<thead>\n<tr style=\"background-color:#f2f2f2;\">\n<th style=\"padding: 12px; border: 1px solid #ddd;\">Propiedad<\/th>\n<th style=\"padding: 12px; border: 1px solid #ddd;\">Valor<\/th>\n<\/tr>\n<\/thead>\n<tbody>\n<tr>\n<td style=\"padding: 12px; border: 1px solid #ddd;\">L\u00edmite de fluencia (m\u00edn.)<\/td>\n<td style=\"padding: 12px; border: 1px solid #ddd;\">3520 kg\/cm\u00b2<\/td>\n<\/tr>\n<tr>\n<td style=\"padding: 12px; border: 1px solid #ddd;\">Resistencia a la tracci\u00f3n (m\u00edn.)<\/td>\n<td style=\"padding: 12px; border: 1px solid #ddd;\">4590 \u2013 5620 kg\/cm\u00b2<\/td>\n<\/tr>\n<tr>\n<td style=\"padding: 12px; border: 1px solid #ddd;\">Elongaci\u00f3n m\u00ednima (en 200 mm)<\/td>\n<td style=\"padding: 12px; border: 1px solid #ddd;\">\n<ul style=\"margin:0; padding-left: 20px;\">\n<li>3\/32&#8243;, 1\/8&#8243; y 3\/16&#8243;: 15.00%<\/li>\n<li>1\/4&#8243;: 17.50%<\/li>\n<li>5\/16&#8243;, 3\/8&#8243; y 1\/2&#8243;: 20.00%<\/li>\n<\/ul>\n<\/td>\n<\/tr>\n<\/tbody>\n<\/table>\n<\/div>\n<div class=\"dimensions-table\" style=\"overflow-x:auto; max-width:100%;\">\n<table style=\"width:100%; border-collapse: collapse; text-align: left; font-family: Arial, sans-serif;\">\n<thead>\n<tr style=\"background-color:#f2f2f2;\">\n<th style=\"padding: 12px; border: 1px solid #ddd;\">Descripci\u00f3n (AxB)<\/th>\n<th style=\"padding: 12px; border: 1px solid #ddd;\">Espesor (plg.)<\/th>\n<th style=\"padding: 12px; border: 1px solid #ddd;\">Peso Te\u00f3rico (kg\/m)<\/th>\n<th style=\"padding: 12px; border: 1px solid #ddd;\">Peso Te\u00f3rico (kg\/6m)<\/th>\n<\/tr>\n<\/thead>\n<tbody>\n<tr>\n<td style=\"padding: 12px; border: 1px solid #ddd;\">3&#8243; x 3&#8243;<\/td>\n<td style=\"padding: 12px; border: 1px solid #ddd;\">1\/4&#8243;<\/td>\n<td style=\"padding: 12px; border: 1px solid #ddd;\">7.348<\/td>\n<td style=\"padding: 12px; border: 1px solid #ddd;\">44.09<\/td>\n<\/tr>\n<tr>\n<td style=\"padding: 12px; border: 1px solid #ddd;\">4&#8243; x 4&#8243;<\/td>\n<td style=\"padding: 12px; border: 1px solid #ddd;\">1\/4&#8243;<\/td>\n<td style=\"padding: 12px; border: 1px solid #ddd;\">9.935<\/td>\n<td style=\"padding: 12px; border: 1px solid #ddd;\">59.61<\/td>\n<\/tr>\n<tr>\n<td style=\"padding: 12px; border: 1px solid #ddd;\">4&#8243; x 4&#8243;<\/td>\n<td style=\"padding: 12px; border: 1px solid #ddd;\">3\/8&#8243;<\/td>\n<td style=\"padding: 12px; border: 1px solid #ddd;\">14.602<\/td>\n<td style=\"padding: 12px; border: 1px solid #ddd;\">87.61<\/td>\n<\/tr>\n<tr>\n<td style=\"padding: 12px; border: 1px solid #ddd;\">4&#8243; x 4&#8243;<\/td>\n<td style=\"padding: 12px; border: 1px solid #ddd;\">1\/2&#8243;<\/td>\n<td style=\"padding: 12px; border: 1px solid #ddd;\">19.112<\/td>\n<td style=\"padding: 12px; border: 1px solid #ddd;\">114.67<\/td>\n<\/tr>\n<tr>\n<td style=\"padding: 12px; border: 1px solid #ddd;\">6&#8243; x 6&#8243;<\/td>\n<td style=\"padding: 12px; border: 1px solid #ddd;\">1\/2&#8243;<\/td>\n<td style=\"padding: 12px; border: 1px solid #ddd;\">29.170<\/td>\n<td style=\"padding: 12px; border: 1px solid #ddd;\">175.01<\/td>\n<\/tr>\n<tr>\n<td style=\"padding: 12px; border: 1px solid #ddd;\">6&#8243; x 6&#8243;<\/td>\n<td style=\"padding: 12px; border: 1px solid #ddd;\">5\/8&#8243;<\/td>\n<td style=\"padding: 12px; border: 1px solid #ddd;\">36.010<\/td>\n<td style=\"padding: 12px; border: 1px solid #ddd;\">216.08<\/td>\n<\/tr>\n<\/tbody>\n<\/table>\n<\/div>\n","protected":false},"excerpt":{"rendered":"<p><strong>CARACTER\u00cdSTICAS:<\/strong> Perfil de acero estructural laminado en caliente, en forma de \u201cL\u201d de lados iguales, los cuales forman un \u00e1ngulo de 90\u00b0. Este producto tiene una muy buena soldabilidad.<br \/>\n<strong>NORMA T\u00c9CNICA:<\/strong> ASTM A36 \/ A572 GR 50 (Dual) Tolerancias dimensionales: ASTM A6\/A6M<br \/>\n<strong>PRESENTACI\u00d3N:<\/strong> Se suministra en unidades de 6 metros de longitud.<br \/>\n<strong>USO:<\/strong> Para estructuras met\u00e1licas livianas y de gran resistencia, construcci\u00f3n de grandes naves industriales de todo tipo, fabricaci\u00f3n de torres de alta tensi\u00f3n, etc.<\/p>\n","protected":false},"featured_media":223,"template":"","meta":{"_joinchat":[]},"product_brand":[],"product_cat":[26],"product_tag":[],"class_list":{"0":"post-222","1":"product","2":"type-product","3":"status-publish","4":"has-post-thumbnail","6":"product_cat-perfiles","8":"first","9":"instock","10":"shipping-taxable","11":"purchasable","12":"product-type-simple"},"_links":{"self":[{"href":"https:\/\/cultrujillo.com\/aceper\/wp-json\/wp\/v2\/product\/222","targetHints":{"allow":["GET"]}}],"collection":[{"href":"https:\/\/cultrujillo.com\/aceper\/wp-json\/wp\/v2\/product"}],"about":[{"href":"https:\/\/cultrujillo.com\/aceper\/wp-json\/wp\/v2\/types\/product"}],"wp:featuredmedia":[{"embeddable":true,"href":"https:\/\/cultrujillo.com\/aceper\/wp-json\/wp\/v2\/media\/223"}],"wp:attachment":[{"href":"https:\/\/cultrujillo.com\/aceper\/wp-json\/wp\/v2\/media?parent=222"}],"wp:term":[{"taxonomy":"product_brand","embeddable":true,"href":"https:\/\/cultrujillo.com\/aceper\/wp-json\/wp\/v2\/product_brand?post=222"},{"taxonomy":"product_cat","embeddable":true,"href":"https:\/\/cultrujillo.com\/aceper\/wp-json\/wp\/v2\/product_cat?post=222"},{"taxonomy":"product_tag","embeddable":true,"href":"https:\/\/cultrujillo.com\/aceper\/wp-json\/wp\/v2\/product_tag?post=222"}],"curies":[{"name":"wp","href":"https:\/\/api.w.org\/{rel}","templated":true}]}}