{"id":554,"date":"2025-08-22T02:01:51","date_gmt":"2025-08-22T02:01:51","guid":{"rendered":"https:\/\/cultrujillo.com\/aceper\/?page_id=554"},"modified":"2025-08-22T02:06:16","modified_gmt":"2025-08-22T02:06:16","slug":"trabajo-en-modulos","status":"publish","type":"page","link":"https:\/\/cultrujillo.com\/aceper\/trabajo-en-modulos\/","title":{"rendered":"Trabajo en m\u00f3dulos"},"content":{"rendered":"\t\t<div data-elementor-type=\"wp-page\" data-elementor-id=\"554\" class=\"elementor elementor-554\" data-elementor-post-type=\"page\">\n\t\t\t\t<div class=\"elementor-element elementor-element-0e87a9e e-flex e-con-boxed e-con e-parent\" data-id=\"0e87a9e\" data-element_type=\"container\" data-settings=\"{&quot;background_background&quot;:&quot;classic&quot;}\">\n\t\t\t\t\t<div class=\"e-con-inner\">\n\t\t<div class=\"elementor-element elementor-element-9e5d26a e-con-full e-flex e-con e-child\" data-id=\"9e5d26a\" data-element_type=\"container\">\n\t\t\t\t<div class=\"elementor-element elementor-element-0e63493 elementor-widget elementor-widget-heading\" data-id=\"0e63493\" data-element_type=\"widget\" data-widget_type=\"heading.default\">\n\t\t\t\t\t<h2 class=\"elementor-heading-title elementor-size-default\">Trabajo en m\u00f3dulos de colegios, casas de campo y proyectos particulares<\/h2>\t\t\t\t<\/div>\n\t\t\t\t<\/div>\n\t\t\t\t\t<\/div>\n\t\t\t\t<\/div>\n\t\t<div class=\"elementor-element elementor-element-80afc7f e-flex e-con-boxed e-con e-parent\" data-id=\"80afc7f\" data-element_type=\"container\">\n\t\t\t\t\t<div class=\"e-con-inner\">\n\t\t\t\t<div class=\"elementor-element elementor-element-51c77f4 elementor-widget elementor-widget-text-editor\" data-id=\"51c77f4\" data-element_type=\"widget\" data-widget_type=\"text-editor.default\">\n\t\t\t\t\t\t\t\t\t<p data-start=\"278\" data-end=\"474\">En nuestra empresa transformamos el acero en <strong data-start=\"323\" data-end=\"369\">espacios funcionales, modernos y duraderos<\/strong>. Desarrollamos proyectos para distintos sectores, ofreciendo soluciones a medida seg\u00fan cada necesidad.<\/p>\t\t\t\t\t\t\t\t<\/div>\n\t\t\t\t\t<\/div>\n\t\t\t\t<\/div>\n\t\t<div class=\"elementor-element elementor-element-5cfb98b e-flex e-con-boxed e-con e-parent\" data-id=\"5cfb98b\" data-element_type=\"container\">\n\t\t\t\t\t<div class=\"e-con-inner\">\n\t\t<div class=\"elementor-element elementor-element-d2a5bc4 e-con-full e-flex e-con e-child\" data-id=\"d2a5bc4\" data-element_type=\"container\">\n\t\t<div class=\"elementor-element elementor-element-1a17028 e-con-full e-flex e-con e-child\" data-id=\"1a17028\" data-element_type=\"container\" data-settings=\"{&quot;background_background&quot;:&quot;classic&quot;}\">\n\t\t<div class=\"elementor-element elementor-element-86af489 e-con-full e-flex e-con e-child\" data-id=\"86af489\" data-element_type=\"container\" data-settings=\"{&quot;background_background&quot;:&quot;classic&quot;}\">\n\t\t\t\t<div class=\"elementor-element elementor-element-2ebf116 elementor-view-default elementor-widget elementor-widget-icon\" data-id=\"2ebf116\" data-element_type=\"widget\" data-widget_type=\"icon.default\">\n\t\t\t\t\t\t\t<div class=\"elementor-icon-wrapper\">\n\t\t\t<div class=\"elementor-icon\">\n\t\t\t<i aria-hidden=\"true\" class=\"icon icon-tools\"><\/i>\t\t\t<\/div>\n\t\t<\/div>\n\t\t\t\t\t\t<\/div>\n\t\t\t\t<div class=\"elementor-element elementor-element-b125163 elementor-widget elementor-widget-heading\" data-id=\"b125163\" data-element_type=\"widget\" data-widget_type=\"heading.default\">\n\t\t\t\t\t<h2 class=\"elementor-heading-title elementor-size-default\">M\u00f3dulos Escolares<\/h2>\t\t\t\t<\/div>\n\t\t\t\t<\/div>\n\t\t\t\t<div class=\"elementor-element elementor-element-215f097 elementor-widget elementor-widget-text-editor\" data-id=\"215f097\" data-element_type=\"widget\" data-widget_type=\"text-editor.default\">\n\t\t\t\t\t\t\t\t\tConstrucci\u00f3n de aulas y ambientes educativos seguros, pr\u00e1cticos y resistentes, listos para su uso inmediato.\t\t\t\t\t\t\t\t<\/div>\n\t\t\t\t<\/div>\n\t\t<div class=\"elementor-element elementor-element-e8cf32f e-con-full e-flex e-con e-child\" data-id=\"e8cf32f\" data-element_type=\"container\" data-settings=\"{&quot;background_background&quot;:&quot;classic&quot;}\">\n\t\t<div class=\"elementor-element elementor-element-a6c542d e-con-full e-flex e-con e-child\" data-id=\"a6c542d\" data-element_type=\"container\" data-settings=\"{&quot;background_background&quot;:&quot;classic&quot;}\">\n\t\t\t\t<div class=\"elementor-element elementor-element-9cd9c7a elementor-view-default elementor-widget elementor-widget-icon\" data-id=\"9cd9c7a\" data-element_type=\"widget\" data-widget_type=\"icon.default\">\n\t\t\t\t\t\t\t<div class=\"elementor-icon-wrapper\">\n\t\t\t<div class=\"elementor-icon\">\n\t\t\t<i aria-hidden=\"true\" class=\"icon icon-tools\"><\/i>\t\t\t<\/div>\n\t\t<\/div>\n\t\t\t\t\t\t<\/div>\n\t\t\t\t<div class=\"elementor-element elementor-element-a4c0b93 elementor-widget elementor-widget-heading\" data-id=\"a4c0b93\" data-element_type=\"widget\" data-widget_type=\"heading.default\">\n\t\t\t\t\t<h2 class=\"elementor-heading-title elementor-size-default\">Casas de Campo<\/h2>\t\t\t\t<\/div>\n\t\t\t\t<\/div>\n\t\t\t\t<div class=\"elementor-element elementor-element-a256ab3 elementor-widget elementor-widget-text-editor\" data-id=\"a256ab3\" data-element_type=\"widget\" data-widget_type=\"text-editor.default\">\n\t\t\t\t\t\t\t\t\tDise\u00f1os personalizados en acero para espacios confortables, modernos y adaptados al entorno natural.\t\t\t\t\t\t\t\t<\/div>\n\t\t\t\t<\/div>\n\t\t<div class=\"elementor-element elementor-element-24bc364 e-con-full e-flex e-con e-child\" data-id=\"24bc364\" data-element_type=\"container\" data-settings=\"{&quot;background_background&quot;:&quot;classic&quot;}\">\n\t\t<div class=\"elementor-element elementor-element-2667354 e-con-full e-flex e-con e-child\" data-id=\"2667354\" data-element_type=\"container\" data-settings=\"{&quot;background_background&quot;:&quot;classic&quot;}\">\n\t\t\t\t<div class=\"elementor-element elementor-element-7d32f0f elementor-view-default elementor-widget elementor-widget-icon\" data-id=\"7d32f0f\" data-element_type=\"widget\" data-widget_type=\"icon.default\">\n\t\t\t\t\t\t\t<div class=\"elementor-icon-wrapper\">\n\t\t\t<div class=\"elementor-icon\">\n\t\t\t<i aria-hidden=\"true\" class=\"icon icon-tools\"><\/i>\t\t\t<\/div>\n\t\t<\/div>\n\t\t\t\t\t\t<\/div>\n\t\t\t\t<div class=\"elementor-element elementor-element-d68bad1 elementor-widget elementor-widget-heading\" data-id=\"d68bad1\" data-element_type=\"widget\" data-widget_type=\"heading.default\">\n\t\t\t\t\t<h2 class=\"elementor-heading-title elementor-size-default\">Proyectos Particulares<\/h2>\t\t\t\t<\/div>\n\t\t\t\t<\/div>\n\t\t\t\t<div class=\"elementor-element elementor-element-12b2097 elementor-widget elementor-widget-text-editor\" data-id=\"12b2097\" data-element_type=\"widget\" data-widget_type=\"text-editor.default\">\n\t\t\t\t\t\t\t\t\tSoluciones modulares para oficinas, viviendas, almacenes y ambientes multifuncionales.\t\t\t\t\t\t\t\t<\/div>\n\t\t\t\t<\/div>\n\t\t\t\t<\/div>\n\t\t<div class=\"elementor-element elementor-element-60859f4 e-con-full e-flex e-con e-child\" data-id=\"60859f4\" data-element_type=\"container\">\n\t\t<div class=\"elementor-element elementor-element-2a044ab e-con-full e-flex e-con e-child\" data-id=\"2a044ab\" data-element_type=\"container\" data-settings=\"{&quot;background_background&quot;:&quot;classic&quot;}\">\n\t\t<div class=\"elementor-element elementor-element-8cc3e98 e-con-full e-flex e-con e-child\" data-id=\"8cc3e98\" data-element_type=\"container\" data-settings=\"{&quot;background_background&quot;:&quot;classic&quot;}\">\n\t\t\t\t<div class=\"elementor-element elementor-element-def36ef elementor-view-default elementor-widget elementor-widget-icon\" data-id=\"def36ef\" data-element_type=\"widget\" data-widget_type=\"icon.default\">\n\t\t\t\t\t\t\t<div class=\"elementor-icon-wrapper\">\n\t\t\t<div class=\"elementor-icon\">\n\t\t\t<i aria-hidden=\"true\" class=\"icon icon-tools\"><\/i>\t\t\t<\/div>\n\t\t<\/div>\n\t\t\t\t\t\t<\/div>\n\t\t\t\t<div class=\"elementor-element elementor-element-2dbad0f elementor-widget elementor-widget-heading\" data-id=\"2dbad0f\" data-element_type=\"widget\" data-widget_type=\"heading.default\">\n\t\t\t\t\t<h2 class=\"elementor-heading-title elementor-size-default\">Obras Civiles<\/h2>\t\t\t\t<\/div>\n\t\t\t\t<\/div>\n\t\t\t\t<div class=\"elementor-element elementor-element-22fc55a elementor-widget elementor-widget-text-editor\" data-id=\"22fc55a\" data-element_type=\"widget\" data-widget_type=\"text-editor.default\">\n\t\t\t\t\t\t\t\t\tEjecuci\u00f3n de proyectos de infraestructura con calidad garantizada y cumplimiento de plazos.\t\t\t\t\t\t\t\t<\/div>\n\t\t\t\t<\/div>\n\t\t<div class=\"elementor-element elementor-element-8942d90 e-con-full e-flex e-con e-child\" data-id=\"8942d90\" data-element_type=\"container\" data-settings=\"{&quot;background_background&quot;:&quot;classic&quot;}\">\n\t\t<div class=\"elementor-element elementor-element-25a95f1 e-con-full e-flex e-con e-child\" data-id=\"25a95f1\" data-element_type=\"container\" data-settings=\"{&quot;background_background&quot;:&quot;classic&quot;}\">\n\t\t\t\t<div class=\"elementor-element elementor-element-253c7d1 elementor-view-default elementor-widget elementor-widget-icon\" data-id=\"253c7d1\" data-element_type=\"widget\" data-widget_type=\"icon.default\">\n\t\t\t\t\t\t\t<div class=\"elementor-icon-wrapper\">\n\t\t\t<div class=\"elementor-icon\">\n\t\t\t<i aria-hidden=\"true\" class=\"icon icon-tools\"><\/i>\t\t\t<\/div>\n\t\t<\/div>\n\t\t\t\t\t\t<\/div>\n\t\t\t\t<div class=\"elementor-element elementor-element-e4f015c elementor-widget elementor-widget-heading\" data-id=\"e4f015c\" data-element_type=\"widget\" data-widget_type=\"heading.default\">\n\t\t\t\t\t<h2 class=\"elementor-heading-title elementor-size-default\">Estructuras Met\u00e1licas<\/h2>\t\t\t\t<\/div>\n\t\t\t\t<\/div>\n\t\t\t\t<div class=\"elementor-element elementor-element-6907115 elementor-widget elementor-widget-text-editor\" data-id=\"6907115\" data-element_type=\"widget\" data-widget_type=\"text-editor.default\">\n\t\t\t\t\t\t\t\t\tFabricaci\u00f3n y montaje de estructuras para todo tipo de proyectos, desde peque\u00f1os hasta gran escala.\t\t\t\t\t\t\t\t<\/div>\n\t\t\t\t<\/div>\n\t\t<div class=\"elementor-element elementor-element-db8b50a e-con-full e-flex e-con e-child\" data-id=\"db8b50a\" data-element_type=\"container\" data-settings=\"{&quot;background_background&quot;:&quot;classic&quot;}\">\n\t\t<div class=\"elementor-element elementor-element-8e549a7 e-con-full e-flex e-con e-child\" data-id=\"8e549a7\" data-element_type=\"container\" data-settings=\"{&quot;background_background&quot;:&quot;classic&quot;}\">\n\t\t\t\t<div class=\"elementor-element elementor-element-cb69253 elementor-view-default elementor-widget elementor-widget-icon\" data-id=\"cb69253\" data-element_type=\"widget\" data-widget_type=\"icon.default\">\n\t\t\t\t\t\t\t<div class=\"elementor-icon-wrapper\">\n\t\t\t<div class=\"elementor-icon\">\n\t\t\t<i aria-hidden=\"true\" class=\"icon icon-tools\"><\/i>\t\t\t<\/div>\n\t\t<\/div>\n\t\t\t\t\t\t<\/div>\n\t\t\t\t<div class=\"elementor-element elementor-element-13b104a elementor-widget elementor-widget-heading\" data-id=\"13b104a\" data-element_type=\"widget\" data-widget_type=\"heading.default\">\n\t\t\t\t\t<h2 class=\"elementor-heading-title elementor-size-default\">Calidad y Garant\u00eda<\/h2>\t\t\t\t<\/div>\n\t\t\t\t<\/div>\n\t\t\t\t<div class=\"elementor-element elementor-element-495e0f2 elementor-widget elementor-widget-text-editor\" data-id=\"495e0f2\" data-element_type=\"widget\" data-widget_type=\"text-editor.default\">\n\t\t\t\t\t\t\t\t\tTodos nuestros trabajos cuentan con materiales certificados, garant\u00eda de f\u00e1brica y el respaldo de m\u00e1s de 15 a\u00f1os de experiencia.\t\t\t\t\t\t\t\t<\/div>\n\t\t\t\t<\/div>\n\t\t\t\t<\/div>\n\t\t\t\t\t<\/div>\n\t\t\t\t<\/div>\n\t\t<div class=\"elementor-element elementor-element-1b5077f e-flex e-con-boxed e-con e-parent\" data-id=\"1b5077f\" data-element_type=\"container\">\n\t\t\t\t\t<div class=\"e-con-inner\">\n\t\t\t\t<div class=\"elementor-element elementor-element-b8d03ca elementor-widget elementor-widget-gallery\" data-id=\"b8d03ca\" data-element_type=\"widget\" data-settings=\"{&quot;gallery_layout&quot;:&quot;justified&quot;,&quot;lazyload&quot;:&quot;yes&quot;,&quot;ideal_row_height&quot;:{&quot;unit&quot;:&quot;px&quot;,&quot;size&quot;:200,&quot;sizes&quot;:[]},&quot;ideal_row_height_tablet&quot;:{&quot;unit&quot;:&quot;px&quot;,&quot;size&quot;:150,&quot;sizes&quot;:[]},&quot;ideal_row_height_mobile&quot;:{&quot;unit&quot;:&quot;px&quot;,&quot;size&quot;:150,&quot;sizes&quot;:[]},&quot;gap&quot;:{&quot;unit&quot;:&quot;px&quot;,&quot;size&quot;:10,&quot;sizes&quot;:[]},&quot;gap_tablet&quot;:{&quot;unit&quot;:&quot;px&quot;,&quot;size&quot;:10,&quot;sizes&quot;:[]},&quot;gap_mobile&quot;:{&quot;unit&quot;:&quot;px&quot;,&quot;size&quot;:10,&quot;sizes&quot;:[]},&quot;overlay_background&quot;:&quot;yes&quot;,&quot;content_hover_animation&quot;:&quot;fade-in&quot;}\" data-widget_type=\"gallery.default\">\n\t\t\t\t\t\t\t<div class=\"elementor-gallery__container\">\n\t\t\t\t\t\t\t<div class=\"e-gallery-item elementor-gallery-item elementor-animated-content\">\n\t\t\t\t\t<div class=\"e-gallery-image elementor-gallery-item__image\" data-thumbnail=\"https:\/\/cultrujillo.com\/aceper\/wp-content\/uploads\/2025\/08\/Trabajo-en-modulos-de-colegios-casas-de-campo-y-proyectos-particulares-1.jpeg\" data-width=\"678\" data-height=\"452\" aria-label=\"\" role=\"img\" ><\/div>\n\t\t\t\t\t\t\t\t\t\t\t<div class=\"elementor-gallery-item__overlay\"><\/div>\n\t\t\t\t\t\t\t\t\t\t\t\t\t\t<\/div>\n\t\t\t\t\t\t\t<div class=\"e-gallery-item elementor-gallery-item elementor-animated-content\">\n\t\t\t\t\t<div class=\"e-gallery-image elementor-gallery-item__image\" data-thumbnail=\"https:\/\/cultrujillo.com\/aceper\/wp-content\/uploads\/2025\/08\/Trabajo-en-modulos-de-colegios-casas-de-campo-y-proyectos-particulares-2.jpeg\" data-width=\"640\" data-height=\"480\" aria-label=\"\" role=\"img\" ><\/div>\n\t\t\t\t\t\t\t\t\t\t\t<div class=\"elementor-gallery-item__overlay\"><\/div>\n\t\t\t\t\t\t\t\t\t\t\t\t\t\t<\/div>\n\t\t\t\t\t\t\t<div class=\"e-gallery-item elementor-gallery-item elementor-animated-content\">\n\t\t\t\t\t<div class=\"e-gallery-image elementor-gallery-item__image\" data-thumbnail=\"https:\/\/cultrujillo.com\/aceper\/wp-content\/uploads\/2025\/08\/Trabajo-en-modulos-de-colegios-casas-de-campo-y-proyectos-particulares-3.jpeg\" data-width=\"678\" data-height=\"452\" aria-label=\"\" role=\"img\" ><\/div>\n\t\t\t\t\t\t\t\t\t\t\t<div class=\"elementor-gallery-item__overlay\"><\/div>\n\t\t\t\t\t\t\t\t\t\t\t\t\t\t<\/div>\n\t\t\t\t\t\t\t<div class=\"e-gallery-item elementor-gallery-item elementor-animated-content\">\n\t\t\t\t\t<div class=\"e-gallery-image elementor-gallery-item__image\" data-thumbnail=\"https:\/\/cultrujillo.com\/aceper\/wp-content\/uploads\/2025\/08\/Trabajo-en-modulos-de-colegios-casas-de-campo-y-proyectos-particulares-4.jpeg\" data-width=\"460\" data-height=\"233\" aria-label=\"\" role=\"img\" ><\/div>\n\t\t\t\t\t\t\t\t\t\t\t<div class=\"elementor-gallery-item__overlay\"><\/div>\n\t\t\t\t\t\t\t\t\t\t\t\t\t\t<\/div>\n\t\t\t\t\t<\/div>\n\t\t\t\t\t<\/div>\n\t\t\t\t\t<\/div>\n\t\t\t\t<\/div>\n\t\t\t\t<\/div>\n\t\t","protected":false},"excerpt":{"rendered":"<p>Trabajo en m\u00f3dulos de colegios, casas de campo y proyectos particulares En nuestra empresa transformamos el acero en espacios funcionales, modernos y duraderos. Desarrollamos proyectos para distintos sectores, ofreciendo soluciones a medida seg\u00fan cada necesidad. M\u00f3dulos Escolares Construcci\u00f3n de aulas y ambientes educativos seguros, pr\u00e1cticos y resistentes, listos para su uso inmediato. Casas de Campo [&hellip;]<\/p>\n","protected":false},"author":1,"featured_media":0,"parent":0,"menu_order":0,"comment_status":"closed","ping_status":"closed","template":"elementor_header_footer","meta":{"_joinchat":[],"footnotes":""},"class_list":["post-554","page","type-page","status-publish","hentry"],"_links":{"self":[{"href":"https:\/\/cultrujillo.com\/aceper\/wp-json\/wp\/v2\/pages\/554","targetHints":{"allow":["GET"]}}],"collection":[{"href":"https:\/\/cultrujillo.com\/aceper\/wp-json\/wp\/v2\/pages"}],"about":[{"href":"https:\/\/cultrujillo.com\/aceper\/wp-json\/wp\/v2\/types\/page"}],"author":[{"embeddable":true,"href":"https:\/\/cultrujillo.com\/aceper\/wp-json\/wp\/v2\/users\/1"}],"replies":[{"embeddable":true,"href":"https:\/\/cultrujillo.com\/aceper\/wp-json\/wp\/v2\/comments?post=554"}],"version-history":[{"count":7,"href":"https:\/\/cultrujillo.com\/aceper\/wp-json\/wp\/v2\/pages\/554\/revisions"}],"predecessor-version":[{"id":566,"href":"https:\/\/cultrujillo.com\/aceper\/wp-json\/wp\/v2\/pages\/554\/revisions\/566"}],"wp:attachment":[{"href":"https:\/\/cultrujillo.com\/aceper\/wp-json\/wp\/v2\/media?parent=554"}],"curies":[{"name":"wp","href":"https:\/\/api.w.org\/{rel}","templated":true}]}}